{"id":987728,"date":"2022-08-16T11:17:48","date_gmt":"2022-08-16T08:17:48","guid":{"rendered":"https:\/\/www.wayanatapas.com\/?page_id=987728"},"modified":"2022-08-16T11:19:27","modified_gmt":"2022-08-16T08:19:27","slug":"cerez-politikasi","status":"publish","type":"page","link":"https:\/\/www.wayanatapas.com\/en\/cerez-politikasi\/","title":{"rendered":"Cookie Policy"},"content":{"rendered":"<div data-elementor-type=\"wp-page\" data-elementor-id=\"987728\" class=\"elementor elementor-987728\" data-elementor-post-type=\"page\">\n\t\t\t\t\t\t<section class=\"elementor-section elementor-top-section elementor-element elementor-element-10ea1f1 elementor-section-boxed elementor-section-height-default elementor-section-height-default\" data-id=\"10ea1f1\" data-element_type=\"section\" data-e-type=\"section\">\n\t\t\t\t\t\t<div class=\"elementor-container elementor-column-gap-default\">\n\t\t\t\t\t<div class=\"elementor-column elementor-col-100 elementor-top-column elementor-element elementor-element-b0e2850\" data-id=\"b0e2850\" data-element_type=\"column\" data-e-type=\"column\">\n\t\t\t<div class=\"elementor-widget-wrap elementor-element-populated\">\n\t\t\t\t\t\t<div class=\"elementor-element elementor-element-cc6108d elementor-widget elementor-widget-text-editor\" data-id=\"cc6108d\" data-element_type=\"widget\" data-e-type=\"widget\" data-widget_type=\"text-editor.default\">\n\t\t\t\t<div class=\"elementor-widget-container\">\n\t\t\t\t\t\t\t\t\t<p class=\"p2\"><span class=\"s1\">\u00a0<\/span><\/p><p class=\"p3\"><span class=\"s1\"><b>1.\u00c7erez nedir?<\/b><\/span><\/p><p class=\"p2\"><span class=\"s1\">\u00c7erezler, web sitesi, uygulama veya di\u011fer platformlar\u0131n bilgisayar\u0131n\u0131zda, tabletinizde, ak\u0131ll\u0131 telefonunuzda veya benzeri di\u011fer cihazlarda, cihaz\u0131n\u0131z\u0131 tan\u0131mlayan bir etiket gibi i\u015flev g\u00f6rerek gezinme veya kullan\u0131m bilgilerinizi depolad\u0131\u011f\u0131 k\u00fc\u00e7\u00fck bir metin dosyas\u0131d\u0131r. \u00c7erezler, gezinmeyi kolayla\u015ft\u0131rmak, kullan\u0131c\u0131lar\u0131n platformlarla etkile\u015fim \u015fekillerini \u00f6\u011frenmek ve bunlar\u0131 iyile\u015ftirmek gibi ama\u00e7lar i\u00e7in gereklidir. Ayr\u0131ca kullan\u0131c\u0131ya tercihlerine g\u00f6re reklam sunabilmek ve ayr\u0131ca a\u015fa\u011f\u0131da detayland\u0131r\u0131lan di\u011fer ama\u00e7lar i\u00e7in de kullan\u0131l\u0131r. \u00c7erezler bilgisayar\u0131n\u0131za veya cihaz\u0131n\u0131za zarar vermez.<\/span><\/p><p class=\"p2\"><span class=\"s1\">\u201c\u00c7erezlerden\u201d bahsederken ayn\u0131 zamanda cihaz\u0131n\u0131zda ve cihaz\u0131n\u0131z \u00fczerinden bilgi toplama veya bilgi kurma gibi di\u011fer benzer teknolojiler (flash \u00e7erezleri, web i\u015faret\u00e7ileri veya b\u00f6cekleri, pikseller, HTML5 -yerel depolama) ve uygulama formatlar\u0131 i\u00e7in SDK teknolojileri de ifade edilmektedir. Ayn\u0131 \u015fekilde \u201c\u00c7erez\u201d terimi parmak izi kontrol\u00fc, yani cihaz\u0131n\u0131z\u0131 tan\u0131mlamam\u0131za yard\u0131mc\u0131 olacak bilgi toplama tekniklerinin kullan\u0131m\u0131nda da uygulan\u0131r. Baz\u0131 durumlarda bu teknolojiler, size Platformumuzda belirli i\u015flev veya hizmetleri sunabilmek veya gezinme verilerinize g\u00f6re \u00fc\u00e7\u00fcnc\u00fc ki\u015fi platformlarda size reklam sunabilmek amac\u0131yla bilgi toplamak ve depolamak i\u00e7in \u00e7erezlerle birlikte \u00e7al\u0131\u015f\u0131r.<\/span><\/p><p class=\"p2\"><span class=\"s1\">Bu tan\u0131m, sadece bilgi ama\u00e7l\u0131 \u00c7erezlerin genel \u00f6zetidir. \u00d6zel ama\u00e7larla kullan\u0131lan \u00c7erezler, Platformumuzdan eri\u015filebilen \u00e7erez yap\u0131land\u0131rma panosunda detayland\u0131r\u0131lm\u0131\u015ft\u0131r.<\/span><\/p><p class=\"p3\"><span class=\"s1\"><b>2.Hangi T\u00fcr \u00c7erezler vard\u0131r?<\/b><\/span><\/p><p class=\"p2\"><span class=\"s1\">\u00c7evrimi\u00e7i ortamlarda kullan\u0131labilen \u00c7erez t\u00fcrleri hakk\u0131nda genel bilgi almak i\u00e7in l\u00fctfen bu b\u00f6l\u00fcm\u00fc g\u00f6zden ge\u00e7irin.<\/span><\/p><p class=\"p3\"><span class=\"s1\"><b>Sahiplerine g\u00f6re \u00c7erezler \u015fu kategorilere ayr\u0131labilir:<\/b><\/span><\/p><p class=\"p2\"><span class=\"s1\">A)Birinci ki\u015fi \u00e7erezleri: Kullan\u0131c\u0131n\u0131n bilgisayar\u0131na veya cihaz\u0131na yay\u0131nc\u0131 taraf\u0131ndan y\u00f6netilen ve platformun veya kullan\u0131c\u0131n\u0131n talep etti\u011fi hizmetin sunuldu\u011fu bir ekipman veya alan ad\u0131ndan g\u00f6nderilen \u00e7erezlerdir.<\/span><\/p><p class=\"p2\"><span class=\"s1\">B)\u00dc\u00e7\u00fcnc\u00fc ki\u015fi \u00e7erezleri: Kullan\u0131c\u0131n\u0131n bilgisayar\u0131na veya cihaz\u0131na yay\u0131nc\u0131 taraf\u0131ndan y\u00f6netilmeyen ekipman veya alan adlar\u0131ndan ve \u00e7erezler arac\u0131l\u0131\u011f\u0131yla veri i\u015fleyen di\u011fer bir kurulu\u015fun g\u00f6nderdi\u011fi \u00e7erezlerdir.<\/span><\/p><p class=\"p3\"><span class=\"s1\"><b>\u00c7erezler ama\u00e7lar\u0131na g\u00f6re a\u015fa\u011f\u0131daki gibi s\u0131n\u0131fland\u0131r\u0131labilir:<\/b><\/span><\/p><p class=\"p4\"><span class=\"s2\">A)Kesinlikle gerekli \u00e7erezler (teknik): Kullan\u0131c\u0131n\u0131n bir web sayfas\u0131, platform veya uygulamada gezinmesine ve bunlarda bulunan trafi\u011fi kontrol etme, verileri veya oturumu tan\u0131mlama, k\u0131s\u0131tl\u0131 b\u00f6l\u00fcmlere veya i\u00e7eriklere eri\u015fme, bir sipari\u015fi olu\u015fturan unsurlar\u0131 hat\u0131rlama, bir sipari\u015f i\u00e7in sat\u0131n alma i\u015flemini ger\u00e7ekle\u015ftirme, \u00f6demeyi y\u00f6netme, hizmetin g\u00fcvenli\u011fiyle ba\u011flant\u0131l\u0131 doland\u0131r\u0131c\u0131l\u0131\u011f\u0131 kontrol etme, gezinme s\u0131ras\u0131nda g\u00fcvenlik unsurlar\u0131n\u0131 kullanma, bir etkinli\u011fe kay\u0131t veya kat\u0131l\u0131m i\u00e7in talepte bulunma, video veya ses yay\u0131n\u0131 i\u00e7in i\u00e7erik depolama, dinamik i\u00e7eri\u011fi etkinle\u015ftirme (\u00f6rne\u011fin metin veya g\u00f6r\u00fcnt\u00fc y\u00fckleme animasyonu) veya sosyal a\u011flarda i\u00e7erik payla\u015fma gibi farkl\u0131 se\u00e7enekleri kullanmas\u0131na izin veren \u00e7erezlerdir. Kesinlikle gerekli olan teknik \u00e7erezler, platformun g\u00f6r\u00fcnt\u00fclenmesine veya kullan\u0131c\u0131 taraf\u0131ndan<\/span><span class=\"s1\"><br \/><\/span><span class=\"s2\">talep edilen hizmetin sa\u011flanmas\u0131na izin verildi\u011finde varsay\u0131lan olarak indirilir.<\/span><\/p><p class=\"p2\"><span class=\"s1\">B)\u0130\u015flev veya ki\u015fiselle\u015ftirme \u00e7erezleri: Bu \u00e7erezler, kullan\u0131c\u0131n\u0131n hizmet veya platforma, deneyimlerini di\u011fer kullan\u0131c\u0131lar\u0131n deneyimlerinden farkl\u0131la\u015ft\u0131rabilecek belirli \u00f6zelliklerle eri\u015febilmesi i\u00e7in dil, kullan\u0131c\u0131 bir arama yapt\u0131\u011f\u0131nda g\u00f6sterilecek sonu\u00e7 say\u0131s\u0131, kullan\u0131c\u0131n\u0131n yararland\u0131\u011f\u0131 taray\u0131c\u0131 t\u00fcr\u00fcne veya hizmete eri\u015filen b\u00f6lgeye ba\u011fl\u0131 olarak hizmetin g\u00f6r\u00fcn\u00fcm\u00fc veya i\u00e7eri\u011fi gibi bilgilerin hat\u0131rlanmas\u0131na olanak tan\u0131yan \u00e7erezlerdir. Bu \u00c7erezleri kabul etmemek, web sitesinin yava\u015f \u00e7al\u0131\u015fmas\u0131na veya yeterince ki\u015fiselle\u015ftirilmemi\u015f tavsiyelerin sunulmas\u0131na yol a\u00e7abilir.<\/span><\/p><p class=\"p2\"><span class=\"s1\">C)Analiz \u00e7erezleri: Kullan\u0131c\u0131lar\u0131n platformumuzu veya hizmetimizi kullan\u0131m\u0131ndan do\u011fan kullan\u0131m verilerinin analizi yoluyla geli\u015ftirmeler sunmak amac\u0131yla, kullan\u0131c\u0131lar\u0131n kullan\u0131m \u00f6l\u00e7\u00fcmlerini ve istatistiksel analizlerini yapmak i\u00e7in kullan\u0131c\u0131 say\u0131s\u0131n\u0131, kullan\u0131c\u0131lar\u0131n platformda ziyaret ettikleri b\u00f6l\u00fcmleri ve bunlarla etkile\u015fim kurma bi\u00e7imlerini hesaplamaya izin veren \u00e7erezlerdir.<\/span><\/p><p class=\"p2\"><span class=\"s1\">D)Davran\u0131\u015fsal reklam \u00e7erezleri: Kullan\u0131c\u0131n\u0131n gezinme al\u0131\u015fkanl\u0131klar\u0131na g\u00f6re reklam g\u00f6stermek i\u00e7in belirli bir profil olu\u015fturmay\u0131 sa\u011flayan ve bu al\u0131\u015fkanl\u0131klar\u0131n s\u00fcrekli g\u00f6zlemlenmesiyle elde edilen kullan\u0131c\u0131 davran\u0131\u015f bilgilerini depolayan \u00e7erezlerdir. Bu \u00e7erezler edit\u00f6r\u00fcn do\u011frudan veya \u00fc\u00e7\u00fcnc\u00fc taraflar\u0131n i\u015f birli\u011fiyle ekledi\u011fi reklam alanlar\u0131n\u0131n m\u00fcmk\u00fcn olan en kolay \u015fekilde y\u00f6netilmesini sa\u011flar.<\/span><\/p><p class=\"p3\"><span class=\"s1\"><b>3.Platformumuzda Neden \u00c7erezler Kullan\u0131l\u0131r?<\/b><\/span><\/p><p class=\"p2\"><span class=\"s1\">\u00c7erezler Platformumuzun i\u015fleyi\u015finin ayr\u0131lmaz bir par\u00e7as\u0131d\u0131r. \u00c7erezlerimizin temel amac\u0131, gezinme deneyiminizi daha rahat ve verimli hale getirmektir. \u00d6rne\u011fin gezinme s\u0131ras\u0131nda ve gelecekteki ziyaretlerde tercihlerinizi (dil, \u00fclke vb.) hat\u0131rlamak i\u00e7in kullan\u0131l\u0131r. \u00c7erezler, hizmetlerimizi ve Platformumuzu s\u00fcrekli olarak iyile\u015ftirmenin yan\u0131 s\u0131ra gezinme al\u0131\u015fkanl\u0131klar\u0131n\u0131za g\u00f6re ki\u015fiselle\u015ftirilmi\u015f reklamlar sunabilmek i\u00e7in de kullan\u0131l\u0131r.<\/span><\/p><p class=\"p2\"><span class=\"s1\">\u00c7erezlerde toplanan bilgiler ayr\u0131ca istatistiksel verilere ve kullan\u0131m \u00f6r\u00fcnt\u00fclerine (ziyaret say\u0131s\u0131, en \u00e7ok ziyaret edilen b\u00f6l\u00fcmler, ziyaret s\u00fcresi vb.) dayal\u0131 tahminler yaparak Platformumuzu daha iyi hale getirmemizi, hizmetlerimizi iyile\u015ftirmek i\u00e7in kullan\u0131c\u0131lar\u0131n web sitesiyle nas\u0131l etkile\u015fimde bulundu\u011funu istatistiki olarak bilmemizi ve bu \u015fekilde Platformu bireysel ilgilerinize g\u00f6re uyarlamam\u0131z\u0131, aramalar\u0131 h\u0131zland\u0131rmam\u0131z\u0131 vb. sa\u011flar.<\/span><\/p><p class=\"p2\"><span class=\"s1\">Baz\u0131 durumlarda, gezinme davran\u0131\u015f\u0131n\u0131z\u0131n analizine dayal\u0131 reklamlar\u0131 Platformumuzda, \u00fc\u00e7\u00fcnc\u00fc taraflar\u0131n platformlar\u0131nda veya di\u011fer her t\u00fcrl\u00fc ortamda g\u00f6stermemizi sa\u011flayan bilgileri (ziyaret edilen \u00fcr\u00fcnler, g\u00f6z at\u0131lan b\u00f6l\u00fcmler vb.) elde etmek i\u00e7in \u00e7erezler kullan\u0131labilir.<\/span><\/p><p class=\"p2\"><span class=\"s1\">Ancak kulland\u0131\u011f\u0131m\u0131z \u00e7erezlerde \u015fifre, banka kart\u0131 veya kredi kart\u0131 bilgileri gibi hassas bilgileri asla kaydedilmez.<\/span><\/p><p class=\"p3\"><span class=\"s1\"><b>4.Bu Platformda \u00c7erezlerin Kullan\u0131m\u0131n\u0131 Nas\u0131l Y\u00f6netebilirim?<\/b><\/span><\/p><p class=\"p2\"><span class=\"s1\">Platformumuzdan her zaman eri\u015febilece\u011finiz \u00e7erez yap\u0131land\u0131rma panosunda, Platformun \u00e7al\u0131\u015fmas\u0131 i\u00e7in zorunlu olmayan \u00c7erezlerin kullan\u0131m\u0131n\u0131n etkinle\u015ftirilmesini ve devre d\u0131\u015f\u0131 b\u0131rak\u0131lmas\u0131n\u0131 y\u00f6netebilmeniz i\u00e7in bu Platform taraf\u0131ndan kullan\u0131lan \u00e7erezler hakk\u0131ndaki t\u00fcm bilgileri, her birinin amac\u0131, s\u00fcresi ve y\u00f6netimi (birinci veya \u00fc\u00e7\u00fcnc\u00fc \u015fah\u0131s) hakk\u0131ndaki bilgilerle birlikte bulabileceksiniz.<\/span><\/p><p class=\"p2\"><span class=\"s1\">Alternatif olarak, internette geziniyorsan\u0131z, taray\u0131c\u0131n\u0131zda \u00e7erez kullan\u0131m\u0131n\u0131 devre d\u0131\u015f\u0131 b\u0131rakabilirsiniz. En \u00e7ok kullan\u0131lan taray\u0131c\u0131larda i\u015flem ad\u0131mlar\u0131 a\u015fa\u011f\u0131daki gibidir:<\/span><\/p><ul class=\"ul1\"><li class=\"li5\"><span class=\"s3\"><a href=\"https:\/\/support.google.com\/chrome\/answer\/95647?hl=tr\"><span class=\"s1\">Google Chrome<\/span><\/a><\/span><\/li><li class=\"li5\"><span class=\"s3\"><a href=\"https:\/\/support.microsoft.com\/tr-tr\/windows\/tan%C4%B1mlama-bilgilerini-silme-ve-y%C3%B6netme-168dab11-0753-043d-7c16-ede5947fc64d\"><span class=\"s1\">Internet Explorer<\/span><\/a><\/span><\/li><li class=\"li5\"><span class=\"s3\"><a href=\"https:\/\/support.mozilla.org\/tr\/kb\/ucuncu-taraf-cerezleri-devre-disi-birakma\"><span class=\"s1\">Mozilla Firefox<\/span><\/a><\/span><\/li><li class=\"li6\"><span class=\"s3\"><a href=\"https:\/\/support.apple.com\/tr-tr\/HT201265\"><span class=\"s1\">Safari<\/span><\/a><\/span><\/li><\/ul><p class=\"p2\"><span class=\"s1\">\u0130stedi\u011finiz zaman \u00e7erez kullan\u0131m\u0131n\u0131 devre d\u0131\u015f\u0131 b\u0131rakabilirsiniz.<\/span><\/p><p class=\"p2\"><span class=\"s1\">\u00c7erez yap\u0131land\u0131rma panosu y\u00f6netiminin ve \u00e7erezleri reddetme se\u00e7ene\u011finin kulland\u0131\u011f\u0131n\u0131z her bir taray\u0131c\u0131n\u0131n kendisine \u00f6zg\u00fc oldu\u011funu l\u00fctfen unutmay\u0131n. Yani \u00e7erezleri bir cihazda belirli bir \u015fekilde yap\u0131land\u0131rmay\u0131 tercih eder ve ba\u015fka bir taray\u0131c\u0131da benzer ayarlar\u0131 uygulamak isterseniz, bu ikinci cihazda da ayn\u0131 se\u00e7ene\u011fi etkinle\u015ftirmeniz gerekir.<\/span><\/p><p class=\"p2\"><span class=\"s1\">Ek bir ad\u0131m olarak ilgi alanlar\u0131n\u0131za dayal\u0131 reklam sunmay\u0131 ama\u00e7layan \u00fc\u00e7\u00fcnc\u00fc ki\u015fi \u00e7erezleri konusunda belirli \u00fc\u00e7\u00fcnc\u00fc ki\u015filerin \u00e7evrimi\u00e7i davran\u0131\u015fsal reklamlara dair kendi kendini d\u00fczenleyen a\u015fa\u011f\u0131daki programlardan baz\u0131lar\u0131na \u00fcye olabilece\u011fini ve her birini kendi g\u00f6n\u00fcll\u00fc vazge\u00e7me se\u00e7eneklerinin oldu\u011funu l\u00fctfen g\u00f6z \u00f6n\u00fcnde bulundurun:<\/span><\/p><ul class=\"ul1\"><li class=\"li5\"><span class=\"s5\">Network Advertising Initiative (NAI) \u2013<a href=\"https:\/\/www.networkadvertising.org\/choices\/\"><span class=\"s6\">\u00a0http:\/\/www.networkadvertising.org\/choices\/<\/span><\/a><\/span><\/li><li class=\"li6\"><span class=\"s5\">Google Analytics \u2013<a href=\"https:\/\/tools.google.com\/dlpage\/gaoptout\"><span class=\"s6\">\u00a0https:\/\/tools.google.com\/dlpage\/gaoptout<\/span><\/a><\/span><\/li><\/ul><p class=\"p3\"><span class=\"s1\"><b>5.\u00a0\u00c7erezlerde Depolanan Bilgileri Kim Kullan\u0131r?<\/b><\/span><\/p><p class=\"p2\"><span class=\"s1\">Platformumuzun \u00e7erezlerinde saklanan bilgiler, hizmetlerimizi ve Platformumuzda gezinen kullan\u0131c\u0131n\u0131n deneyimini iyile\u015ftirmeyi ama\u00e7layan hizmetler sa\u011flamak i\u00e7in harici kurulu\u015flar taraf\u0131ndan kullan\u0131lan ve y\u00f6netilen ve 2. b\u00f6l\u00fcmde \u201c\u00dc\u00e7\u00fcnc\u00fc \u015fah\u0131s \u00e7erezleri\u201d olarak tan\u0131mlananlar haricinde, yaln\u0131zca bizim taraf\u0131m\u0131zdan kullan\u0131l\u0131r. \u00c7erez yap\u0131land\u0131rma panosu hakk\u0131nda daha fazla bilgi her zaman Platformumuzda bulunabilir.<\/span><\/p><p class=\"p2\"><span class=\"s1\">\u00dc\u00e7\u00fcnc\u00fc ki\u015filerle i\u015f birli\u011fimizde ki\u015fisel bilgilerinizin ve uluslararas\u0131 veri aktar\u0131m\u0131na tabi olanlar\u0131n i\u015flenmesine dair daha ayr\u0131nt\u0131l\u0131 bilgi elde etmek i\u00e7in Platformumuzdan eri\u015febilece\u011finiz Gizlilik Politikam\u0131z\u0131 ve \u00fc\u00e7\u00fcnc\u00fc taraf i\u015f ortaklar\u0131m\u0131z\u0131n kendi platformlar\u0131 yoluyla eri\u015filebilen gizlilik politikalar\u0131n\u0131 \/ gizlilik yap\u0131land\u0131rmalar\u0131n\u0131 okuman\u0131z\u0131 tavsiye ederiz.<\/span><\/p>\t\t\t\t\t\t\t\t<\/div>\n\t\t\t\t<\/div>\n\t\t\t\t\t<\/div>\n\t\t<\/div>\n\t\t\t\t\t<\/div>\n\t\t<\/section>\n\t\t\t\t<\/div>","protected":false},"excerpt":{"rendered":"<p>\u00a0 1.\u00c7erez nedir? \u00c7erezler, web sitesi, uygulama veya di\u011fer platformlar\u0131n bilgisayar\u0131n\u0131zda, tabletinizde, ak\u0131ll\u0131 telefonunuzda veya benzeri di\u011fer cihazlarda, cihaz\u0131n\u0131z\u0131 tan\u0131mlayan bir etiket gibi i\u015flev g\u00f6rerek gezinme veya kullan\u0131m bilgilerinizi depolad\u0131\u011f\u0131 k\u00fc\u00e7\u00fck bir metin dosyas\u0131d\u0131r. \u00c7erezler, gezinmeyi kolayla\u015ft\u0131rmak, kullan\u0131c\u0131lar\u0131n platformlarla etkile\u015fim \u015fekillerini \u00f6\u011frenmek ve bunlar\u0131 iyile\u015ftirmek gibi ama\u00e7lar i\u00e7in gereklidir. Ayr\u0131ca kullan\u0131c\u0131ya tercihlerine g\u00f6re reklam sunabilmek&#8230;<\/p>","protected":false},"author":1,"featured_media":0,"parent":0,"menu_order":0,"comment_status":"closed","ping_status":"closed","template":"","meta":{"footnotes":""},"class_list":["post-987728","page","type-page","status-publish","hentry"],"yoast_head":"<!-- This site is optimized with the Yoast SEO Premium plugin v15.5 - https:\/\/yoast.com\/wordpress\/plugins\/seo\/ -->\n<title>\u00c7erez Politikas\u0131 - Wayana Wine Bar<\/title>\n<meta name=\"robots\" content=\"index, follow, max-snippet:-1, max-image-preview:large, max-video-preview:-1\" \/>\n<link rel=\"canonical\" href=\"https:\/\/www.wayanatapas.com\/en\/cerez-politikasi\/\" \/>\n<meta property=\"og:locale\" content=\"en_US\" \/>\n<meta property=\"og:type\" content=\"article\" \/>\n<meta property=\"og:title\" content=\"\u00c7erez Politikas\u0131 - Wayana Wine Bar\" \/>\n<meta property=\"og:description\" content=\"\u00a0 1.\u00c7erez nedir? \u00c7erezler, web sitesi, uygulama veya di\u011fer platformlar\u0131n bilgisayar\u0131n\u0131zda, tabletinizde, ak\u0131ll\u0131 telefonunuzda veya benzeri di\u011fer cihazlarda, cihaz\u0131n\u0131z\u0131 tan\u0131mlayan bir etiket gibi i\u015flev g\u00f6rerek gezinme veya kullan\u0131m bilgilerinizi depolad\u0131\u011f\u0131 k\u00fc\u00e7\u00fck bir metin dosyas\u0131d\u0131r. \u00c7erezler, gezinmeyi kolayla\u015ft\u0131rmak, kullan\u0131c\u0131lar\u0131n platformlarla etkile\u015fim \u015fekillerini \u00f6\u011frenmek ve bunlar\u0131 iyile\u015ftirmek gibi ama\u00e7lar i\u00e7in gereklidir. Ayr\u0131ca kullan\u0131c\u0131ya tercihlerine g\u00f6re reklam sunabilmek...\" \/>\n<meta property=\"og:url\" content=\"https:\/\/www.wayanatapas.com\/en\/cerez-politikasi\/\" \/>\n<meta property=\"og:site_name\" content=\"Wayana Wine Bar\" \/>\n<meta property=\"article:modified_time\" content=\"2022-08-16T08:19:27+00:00\" \/>\n<meta name=\"twitter:card\" content=\"summary_large_image\" \/>\n<meta name=\"twitter:label1\" content=\"Est. reading time\">\n\t<meta name=\"twitter:data1\" content=\"6 minutes\">\n<script type=\"application\/ld+json\" class=\"yoast-schema-graph\">{\"@context\":\"https:\/\/schema.org\",\"@graph\":[{\"@type\":\"WebSite\",\"@id\":\"https:\/\/www.wayanatapas.com\/en\/#website\",\"url\":\"https:\/\/www.wayanatapas.com\/en\/\",\"name\":\"Wayana Wine Bar\",\"description\":\"Wayana Tapas\",\"potentialAction\":[{\"@type\":\"SearchAction\",\"target\":\"https:\/\/www.wayanatapas.com\/en\/?s={search_term_string}\",\"query-input\":\"required name=search_term_string\"}],\"inLanguage\":\"en-US\"},{\"@type\":\"WebPage\",\"@id\":\"https:\/\/www.wayanatapas.com\/en\/cerez-politikasi\/#webpage\",\"url\":\"https:\/\/www.wayanatapas.com\/en\/cerez-politikasi\/\",\"name\":\"\\u00c7erez Politikas\\u0131 - Wayana Wine Bar\",\"isPartOf\":{\"@id\":\"https:\/\/www.wayanatapas.com\/en\/#website\"},\"datePublished\":\"2022-08-16T08:17:48+00:00\",\"dateModified\":\"2022-08-16T08:19:27+00:00\",\"breadcrumb\":{\"@id\":\"https:\/\/www.wayanatapas.com\/en\/cerez-politikasi\/#breadcrumb\"},\"inLanguage\":\"en-US\",\"potentialAction\":[{\"@type\":\"ReadAction\",\"target\":[\"https:\/\/www.wayanatapas.com\/en\/cerez-politikasi\/\"]}]},{\"@type\":\"BreadcrumbList\",\"@id\":\"https:\/\/www.wayanatapas.com\/en\/cerez-politikasi\/#breadcrumb\",\"itemListElement\":[{\"@type\":\"ListItem\",\"position\":1,\"item\":{\"@type\":\"WebPage\",\"@id\":\"https:\/\/www.wayanatapas.com\/en\/\",\"url\":\"https:\/\/www.wayanatapas.com\/en\/\",\"name\":\"Anasayfa\"}},{\"@type\":\"ListItem\",\"position\":2,\"item\":{\"@type\":\"WebPage\",\"@id\":\"https:\/\/www.wayanatapas.com\/en\/cerez-politikasi\/\",\"url\":\"https:\/\/www.wayanatapas.com\/en\/cerez-politikasi\/\",\"name\":\"\\u00c7erez Politikas\\u0131\"}}]}]}<\/script>\n<!-- \/ Yoast SEO Premium plugin. -->","_links":{"self":[{"href":"https:\/\/www.wayanatapas.com\/en\/wp-json\/wp\/v2\/pages\/987728","targetHints":{"allow":["GET"]}}],"collection":[{"href":"https:\/\/www.wayanatapas.com\/en\/wp-json\/wp\/v2\/pages"}],"about":[{"href":"https:\/\/www.wayanatapas.com\/en\/wp-json\/wp\/v2\/types\/page"}],"author":[{"embeddable":true,"href":"https:\/\/www.wayanatapas.com\/en\/wp-json\/wp\/v2\/users\/1"}],"replies":[{"embeddable":true,"href":"https:\/\/www.wayanatapas.com\/en\/wp-json\/wp\/v2\/comments?post=987728"}],"version-history":[{"count":0,"href":"https:\/\/www.wayanatapas.com\/en\/wp-json\/wp\/v2\/pages\/987728\/revisions"}],"wp:attachment":[{"href":"https:\/\/www.wayanatapas.com\/en\/wp-json\/wp\/v2\/media?parent=987728"}],"curies":[{"name":"wp","href":"https:\/\/api.w.org\/{rel}","templated":true}]}}