{"id":987736,"date":"2022-08-16T11:21:42","date_gmt":"2022-08-16T08:21:42","guid":{"rendered":"https:\/\/www.wayanatapas.com\/?page_id=987736"},"modified":"2022-08-16T11:23:35","modified_gmt":"2022-08-16T08:23:35","slug":"kisisel-verilerin-gizliligi","status":"publish","type":"page","link":"https:\/\/www.wayanatapas.com\/en\/kisisel-verilerin-gizliligi\/","title":{"rendered":"Privacy Policy"},"content":{"rendered":"<div data-elementor-type=\"wp-page\" data-elementor-id=\"987736\" class=\"elementor elementor-987736\" data-elementor-post-type=\"page\">\n\t\t\t\t\t\t<section class=\"elementor-section elementor-top-section elementor-element elementor-element-10ea1f1 elementor-section-boxed elementor-section-height-default elementor-section-height-default\" data-id=\"10ea1f1\" data-element_type=\"section\" data-e-type=\"section\">\n\t\t\t\t\t\t<div class=\"elementor-container elementor-column-gap-default\">\n\t\t\t\t\t<div class=\"elementor-column elementor-col-100 elementor-top-column elementor-element elementor-element-b0e2850\" data-id=\"b0e2850\" data-element_type=\"column\" data-e-type=\"column\">\n\t\t\t<div class=\"elementor-widget-wrap elementor-element-populated\">\n\t\t\t\t\t\t<div class=\"elementor-element elementor-element-cc6108d elementor-widget elementor-widget-text-editor\" data-id=\"cc6108d\" data-element_type=\"widget\" data-e-type=\"widget\" data-widget_type=\"text-editor.default\">\n\t\t\t\t<div class=\"elementor-widget-container\">\n\t\t\t\t\t\t\t\t\t<p class=\"p1\"><span class=\"s1\"><b>K\u0130\u015e\u0130SEL VER\u0130LER\u0130N KORUNMASI VE \u0130\u015eLENMES\u0130 HAKKINDA AYDINLATMA METN\u0130\u00a0<\/b><\/span><\/p><p class=\"p2\"><span class=\"s1\">\u00a0<\/span><\/p><p class=\"p2\"><span class=\"s2\"><b>Wayana | Kuzuo\u011flu G\u0131da Tur. \u0130n\u015f. San. Ve Tic. Ltd. \u015eti.<\/b><\/span><span class=\"s1\">\u00a0ki\u015fisel verilerinizin hukuka uygun olarak toplanmas\u0131, saklanmas\u0131 ve payla\u015f\u0131lmas\u0131n\u0131 sa\u011flamak ve gizlili\u011finizi korumak amac\u0131yla m\u00fcmk\u00fcn olan en \u00fcst seviyede g\u00fcvenlik tedbirlerini almaktad\u0131r.<\/span><\/p><p class=\"p2\"><span class=\"s1\">Amac\u0131m\u0131z;\u00a06698 say\u0131l\u0131 Ki\u015fisel Verilerin Korunmas\u0131 Kanununun 10. maddesi gere\u011fince ve sizlerin memnuniyeti do\u011frultusunda, ki\u015fisel verilerinizin al\u0131nma \u015fekilleri, i\u015flenme ama\u00e7lar\u0131, payla\u015f\u0131lan ki\u015filer, hukuki nedenleri ve haklar\u0131n\u0131z konular\u0131nda sizi en \u015feffaf \u015fekilde bilgilendirmektir.<\/span><\/p><p class=\"p3\"><span class=\"s1\"><b>1. Veri Sorumlusu<\/b><\/span><\/p><p class=\"p2\"><span class=\"s1\">6698 say\u0131l\u0131 Ki\u015fisel Verilerin Korunmas\u0131 Kanunu (\u201c6698 say\u0131l\u0131 Kanun\u201d) uyar\u0131nca, ki\u015fisel verileriniz; veri sorumlusu olarak<\/span><span class=\"s2\"><b>\u00a0Wayana | Kuzuo\u011flu G\u0131da Tur. \u0130n\u015f. San. Ve Tic. Ltd. \u015eti.<\/b><\/span><span class=\"s1\">\u00a0(\u201c\u015e\u0130RKET\u201d) taraf\u0131ndan a\u015fa\u011f\u0131da a\u00e7\u0131klanan kapsamda toplanmakta ve i\u015flenmektedir.<\/span><\/p><p class=\"p3\"><span class=\"s1\"><b>2. Ki\u015fisel Verilerin Hangi Ama\u00e7la \u0130\u015flenece\u011fi<\/b><\/span><\/p><p class=\"p2\"><span class=\"s1\">\u015e\u0130RKET taraf\u0131ndan, m\u00fc\u015fterileri, \u00e7al\u0131\u015fanlar\u0131, potansiyel m\u00fc\u015fterileri, \u00e7al\u0131\u015fan adaylar\u0131,\u00a0resm\u00ee\u00a0kurum temsilcileri ve \u00e7al\u0131\u015fanlar\u0131, i\u015f ortaklar\u0131 ve tedarik\u00e7ilerinden;<\/span><\/p><p class=\"p2\"><span class=\"s1\">Kimlik bilgisi, ileti\u015fim bilgisi, m\u00fc\u015fteri bilgisi, m\u00fc\u015fteri i\u015flem bilgisi, sa\u011fl\u0131k bilgisi, performans bilgisi, i\u015flem g\u00fcvenli\u011fi bilgisi, hukuki i\u015flem ve uyum bilgisi ile pazarlama sat\u0131\u015f bilgisi kategorilerinde \u00f6zel nitelikli ki\u015fisel veri ve ki\u015fisel veri (\u0130kisi birlikte \u201cKi\u015fisel Veri\u201d olarak an\u0131lacakt\u0131r.) toplanmaktad\u0131r.<\/span><\/p><p class=\"p2\"><span class=\"s1\">Toplanan ki\u015fisel verileriniz;<\/span><\/p><p class=\"p2\"><span class=\"s1\">\u2013 \u015e\u0130RKET \u00fcr\u00fcn ve hizmetlerinin sizlere sunulabilmesi, sizlere kar\u015f\u0131 olan y\u00fck\u00fcml\u00fcl\u00fcklerimizin yerine getirilmesi, kay\u0131t ve belgelerin d\u00fczenlenebilmesi, yerel ve uluslararas\u0131 yasal mevzuat\u0131n \u00f6ng\u00f6rd\u00fc\u011f\u00fc bilgi saklama, raporlama, bilgilendirme, vergi ve sair y\u00fck\u00fcml\u00fcl\u00fcklere uymak,<\/span><\/p><p class=\"p2\"><span class=\"s1\">\u2013 Hizmet ve \u00fcr\u00fcnlerin kalitesinin art\u0131r\u0131lmas\u0131na y\u00f6nelik yap\u0131lacak olan sat\u0131\u015f ve pazarlama faaliyetleri i\u00e7in ve \u201cWAYANA\u201d \u00fcyeli\u011fi kapsam\u0131nda yap\u0131lacak size \u00f6zel reklam, kampanya, avantajlar ve faydalar sunmak,<\/span><\/p><p class=\"p2\"><span class=\"s1\">\u2013 Bilgi i\u015flem gereksinimleri, sistemsel yap\u0131s\u0131, al\u0131nan bilgi i\u015flem destek hizmetlerinin gereklili\u011fi, bu hizmet ve \u00fcr\u00fcnlere ili\u015fkin olarak sizlere gerekli bilgilerin aktar\u0131lmas\u0131 amac\u0131yla ileti\u015fim kurmak,<\/span><\/p><p class=\"p2\"><span class=\"s1\">\u2013 Sat\u0131\u015f ve pazarlama faaliyetleri i\u00e7in internet sitesi, sosyal medya hesaplar\u0131 ve mobil uygulama \u00fczerinden yap\u0131lacak trafik \u00f6l\u00e7\u00fcmleme, istatistiki analizler, b\u00f6l\u00fcmleme\/profilleme ve CRM \u00e7al\u0131\u015fmalar\u0131n\u0131 y\u00fcr\u00fctmek,<\/span><\/p><p class=\"p2\"><span class=\"s1\">\u2013 M\u00fc\u015fteri memnuniyetinin \u00f6l\u00e7\u00fcmlenmesi ve art\u0131r\u0131lmas\u0131, \u015fikayet y\u00f6netimi, yeni hizmet ve \u00fcr\u00fcnler ile ilgili g\u00f6r\u00fc\u015f ve \u00f6nerilerinizi almak, sorun-hata bildirimlerinizi almak, \u00fcr\u00fcn ve hizmetlere, \u015fikayet ve taleplerinize y\u00f6nelik taraf\u0131n\u0131za bilgi vermek,<\/span><\/p><p class=\"p2\"><span class=\"s1\">\u2013 Taraf\u0131n\u0131zla ileti\u015fime ge\u00e7ilmesi, sipari\u015flerinizi almak, \u00f6deme i\u015flemlerinizi ger\u00e7ekle\u015ftirmek, 3. ki\u015filer ile lojistik i\u015f birli\u011fi sa\u011flay\u0131p \u00fcr\u00fcn g\u00f6nderimini sa\u011flamak, ilginizi \u00e7ekebilecek \u00fcr\u00fcn ve hizmetleri tespit edip bu do\u011frultuda size \u00f6neriler yapmak, promosyon ve hediye g\u00f6nderimi yapmak, \u00e7evrimi\u00e7i davran\u0131\u015flar\u0131n\u0131z\u0131 analiz ederek size \u00f6zel reklamlar g\u00f6stermek, size sa\u011flad\u0131\u011f\u0131m\u0131z hizmetin kalitesinin \u00f6l\u00e7\u00fclmesi ve geli\u015ftirilmesi, taraf\u0131m\u0131zca belirlenen b\u00f6l\u00fcmlere g\u00f6re profilleme ve skorlama yap\u0131larak m\u00fc\u015fteri portf\u00f6y\u00fcm\u00fcz\u00fcn y\u00f6netilmesi,<\/span><\/p><p class=\"p2\"><span class=\"s1\">-Kar\u015f\u0131la\u015ft\u0131rmal\u0131 \u00fcr\u00fcn ve\/veya hizmet teklifi, modelleme, mevcut veya yeni \u00fcr\u00fcn \u00e7al\u0131\u015fmalar\u0131 ve\/veya geli\u015ftirmeleri, ki\u015fisel verilerinizi \u015e\u0130RKET\u2019e a\u00e7\u0131klaman\u0131za konu olan \u015e\u0130RKET ana s\u00f6zle\u015fmesinde yaz\u0131l\u0131 olan i\u015fleri d\u00fczenleyen\u00a0kanun ve ilgili mevzuat kapsam\u0131nda sizlere sunulacak\u00a0her t\u00fcrl\u00fc \u00fcr\u00fcn ve hizmetlerde kullan\u0131lmak,<\/span><\/p><p class=\"p2\"><span class=\"s1\">\u2013 Resm\u00ee kurumlarca \u00f6ng\u00f6r\u00fclen bilgi saklama, raporlama, bilgilendirme y\u00fck\u00fcml\u00fcl\u00fcklerine uymak, s\u00f6zle\u015fmelerin gerekliliklerini yerine getirmek ve\u00a0bu hizmetlerden faydalan\u0131lmas\u0131na ili\u015fkin olarak \u015e\u0130RKET\u2019in tabi oldu\u011fu yasal y\u00fck\u00fcml\u00fcl\u00fckleri ifa etmek,<\/span><\/p><p class=\"p2\"><span class=\"s1\">\u2013 \u015e\u0130RKET\u2019in ticari ve i\u015f stratejilerinin belirlenmesi ve uygulanmas\u0131 amac\u0131 do\u011frultusunda; \u015e\u0130RKET taraf\u0131ndan y\u00fcr\u00fct\u00fclen finans operasyonlar\u0131, ileti\u015fim, pazar ara\u015ft\u0131rmas\u0131 ve sosyal sorumluluk aktiviteleri, sat\u0131n alma operasyonlar\u0131 (talep, teklif, de\u011ferlendirme, sipari\u015f, b\u00fct\u00e7elendirme, s\u00f6zle\u015fme), \u015firket i\u00e7i sistem ve uygulama y\u00f6netimi operasyonlar\u0131, hukuki operasyonlar\u0131 y\u00f6netmek,<\/span><\/p><p class=\"p2\"><span class=\"s1\">\u2013 Resmi makamlardan veya sizlerden gelen talepleri incelemek, de\u011ferlendirmek ve yan\u0131tlamak,<\/span><\/p><p class=\"p2\"><span class=\"s1\">ama\u00e7lar\u0131yla i\u015flenmektedir.<\/span><\/p><p class=\"p3\"><span class=\"s1\"><b>3. \u0130\u015flenen Ki\u015fisel Verilerin Kimlere ve Hangi Ama\u00e7la Aktar\u0131labilece\u011fi<\/b><\/span><\/p><p class=\"p2\"><span class=\"s1\">Toplanan ki\u015fisel verileriniz; yukar\u0131da ikinci b\u00f6l\u00fcm\u00fcnde belirtilen i\u015fleme ama\u00e7lar\u0131n\u0131n ger\u00e7ekle\u015ftirilmesi ile s\u0131n\u0131rl\u0131 ve tamam\u0131 i\u00e7in ge\u00e7erli olmak \u00fczere;<\/span><\/p><p class=\"p2\"><span class=\"s1\">\u2013 \u015e\u0130RKET\u2019in i\u015f ortaklar\u0131na, hissedarlar\u0131na, i\u015ftiraklerine,<\/span><\/p><p class=\"p2\"><span class=\"s1\">\u2013 Vergi Usul Kanunu, Sosyal G\u00fcvenlik Kurumu mevzuat\u0131, Say\u0131\u015ftay, Su\u00e7 Gelirlerinin Aklanmas\u0131n\u0131n \u00d6nlenmesi Hakk\u0131nda Kanun, Kara paran\u0131n Aklanmas\u0131n\u0131n \u00d6nlenmesine Dair Kanun, T\u00fcrk Ticaret Kanunu, Bor\u00e7lar Kanunu, Elektronik Ticaretin D\u00fczenlenmesi Hakk\u0131nda Kanun ve di\u011fer mevzuat h\u00fck\u00fcmlerinin izin verdi\u011fi ki\u015fi veya kurulu\u015flara,<\/span><\/p><p class=\"p2\"><span class=\"s1\">\u2013 Kanunen yetkili kamu kurum ve kurulu\u015flar\u0131, idari merciler ve yasal mercilere,<\/span><\/p><p class=\"p2\"><span class=\"s1\">\u2013 Yurt d\u0131\u015f\u0131 \u015firketlerine ve i\u015ftiraklerine,<\/span><\/p><p class=\"p2\"><span class=\"s1\">\u2013 \u00dcr\u00fcn\/hizmet kar\u015f\u0131la\u015ft\u0131rma, analiz, de\u011ferlendirme, reklam ve yukar\u0131da belirtilen ama\u00e7lar\u0131n ger\u00e7ekle\u015ftirilmesinde hizmet ald\u0131\u011f\u0131m\u0131z, i\u015fbirli\u011fi yapt\u0131\u011f\u0131m\u0131z ger\u00e7ek veya t\u00fczel ki\u015filere, program orta\u011f\u0131 kurum ve kurulu\u015flara, m\u00fc\u015fterilerimize g\u00f6nderdi\u011fimiz iletilerin g\u00f6nderilmesi konusunda anla\u015fmal\u0131 oldu\u011fumuz kurumlara, verilen sipari\u015flerin size teslimini ger\u00e7ekle\u015ftiren kargo \u015firketlerine aktar\u0131lmaktad\u0131r.<\/span><\/p><p class=\"p3\"><span class=\"s1\"><b>4. Ki\u015fisel Veri Toplaman\u0131n Y\u00f6ntemi ve Hukuki Sebebi<\/b><\/span><\/p><p class=\"p2\"><span class=\"s1\">Ki\u015fisel Verileriniz, hem tamamen veya k\u0131smen otomatik yollarla hem de veri kay\u0131t sisteminin par\u00e7as\u0131 olan ancak otomatik olmayan y\u00f6ntemlerle;<\/span><\/p><p class=\"p2\"><span class=\"s1\">Do\u011frudan sizin taraf\u0131n\u0131zdan veya sizin ad\u0131n\u0131za hareket etmeye yetkili ki\u015filer taraf\u0131ndan; anla\u015fmal\u0131 internet siteleri \u00fczerinden yap\u0131lm\u0131\u015f olan ba\u015fvurular, ma\u011faza ve \u015e\u0130RKET genel m\u00fcd\u00fcrl\u00fck personeli, destek hizmeti verdi\u011fimiz \/ ald\u0131\u011f\u0131m\u0131z kurumlar ile her t\u00fcrl\u00fc mevzuat veya s\u00f6zle\u015fme dahilinde i\u015flem yap\u0131lan ger\u00e7ek ve \/ veya t\u00fczel ki\u015filer ve do\u011frudan otomatik sistemler (\u0130nternet sitemiz ve mobil uygulamam\u0131z, \u00e7a\u011fr\u0131 merkezlerimiz, sosyal medya hesaplar\u0131m\u0131z) ile s\u00f6zl\u00fc, yaz\u0131l\u0131 veya elektronik ortamlarda;<\/span><\/p><p class=\"p2\"><span class=\"s1\">Kanun\u2019un 5. ve 6. maddesinde belirtilmi\u015f olan;<\/span><\/p><ul class=\"ul1\"><li class=\"li4\"><span class=\"s4\">Kanunlarda a\u00e7\u0131k\u00e7a \u00f6ng\u00f6r\u00fclm\u00fc\u015f olmas\u0131,<\/span><\/li><li class=\"li4\"><span class=\"s4\">\u015eirketimizin hukuki y\u00fck\u00fcml\u00fcl\u00fc\u011f\u00fc yerine getirebilmek i\u00e7in zorunlu olmas\u0131,<\/span><\/li><li class=\"li4\"><span class=\"s4\">S\u00f6zle\u015fmenin kurulmas\u0131 veya ifas\u0131yla do\u011frudan do\u011fruya ilgili olup i\u015flemenin gerekli olmas\u0131,<\/span><\/li><li class=\"li4\"><span class=\"s4\">Temel hak ve \u00f6zg\u00fcrl\u00fcklerinize zarar vermemek kayd\u0131yla, \u015eirketimizin me\u015fru menfaati i\u00e7in i\u015flemenin zorunlu olmas\u0131,<\/span><\/li><li class=\"li4\"><span class=\"s4\">Taraf\u0131n\u0131zca alenile\u015ftirilmi\u015f olmas\u0131,<\/span><\/li><li class=\"li4\"><span class=\"s4\">Bir hakk\u0131n tesisi, kullan\u0131lmas\u0131 veya korunmas\u0131 i\u00e7in i\u015flemenin zorunlu olmas\u0131,<\/span><\/li><li class=\"li5\"><span class=\"s4\">A\u00e7\u0131k r\u0131zan\u0131z\u0131n bulunmas\u0131<\/span><\/li><\/ul><p class=\"p2\"><span class=\"s1\">\u015eeklindeki hukuki sebeplere dayanarak toplamaktad\u0131r.<\/span><\/p><p class=\"p3\"><span class=\"s1\"><b>5. Ki\u015fisel Veri Sahibinin 6698 say\u0131l\u0131 Kanun\u2019un 11. Maddesinde Say\u0131lan Haklar\u0131<\/b><\/span><\/p><p class=\"p2\"><span class=\"s1\">Ki\u015fisel veri sahipleri olarak, haklar\u0131n\u0131za ili\u015fkin taleplerinizi a\u015fa\u011f\u0131da d\u00fczenlenen y\u00f6ntemlerle iletmeniz durumunda \u015e\u0130RKET talebin niteli\u011fine g\u00f6re talebi en k\u0131sa s\u00fcrede ve en ge\u00e7 otuz g\u00fcn i\u00e7inde sonu\u00e7land\u0131racakt\u0131r. Bu kapsamda ki\u015fisel veri sahipleri KVKK madde 11\u2019de say\u0131lan haklar\u0131n\u0131 veri sorumlusu \u015e\u0130RKET\u2019ten talep etme hakk\u0131na sahiptir. 11. maddede belirtilen haklar\u0131n\u0131z\u0131 kullanma ile ilgili talebinizi, 6698 say\u0131l\u0131 Kanunu\u2019nun 13. maddesinin 1. f\u0131kras\u0131 ve 30356 say\u0131l\u0131 ve 10.03.2018 tarihli Veri Sorumlusuna Ba\u015fvuru Usul ve Esaslar\u0131 Hakk\u0131nda Tebli\u011f gere\u011fince T\u00fcrk\u00e7e ve yaz\u0131l\u0131 olarak veya kay\u0131tl\u0131 elektronik posta (KEP) adresi, g\u00fcvenli elektronik imza, mobil imza ya da \u015e\u0130RKET\u2019e daha \u00f6nce bildirilen ve sistemimizde kay\u0131tl\u0131 bulunan elektronik posta adresini kullanmak suretiyle iletebilirsiniz. Ba\u015fvurularda sadece ba\u015fvuru sahibi ki\u015fi hakk\u0131nda bilgi verilecek olup di\u011fer aile fertleri ve \u00fc\u00e7\u00fcnc\u00fc ki\u015filer hakk\u0131nda bilgi al\u0131nmas\u0131 m\u00fcmk\u00fcn olmayacakt\u0131r. \u015e\u0130RKET\u2019in cevap vermeden \u00f6nce kimli\u011finizi do\u011frulama hakk\u0131 sakl\u0131d\u0131r.<\/span><\/p><p class=\"p2\"><span class=\"s1\">Ba\u015fvurunuzda;<\/span><\/p><p class=\"p2\"><span class=\"s1\">\u2013 Ad\u0131n\u0131z\u0131n,\u00a0soyad\u0131n\u0131z\u0131n\u00a0ve ba\u015fvuru yaz\u0131l\u0131 ise imzan\u0131z\u0131n,<\/span><\/p><p class=\"p2\"><span class=\"s1\">\u2013 T\u00fcrkiye Cumhuriyeti vatanda\u015flar\u0131 i\u00e7in T.C. kimlik numaran\u0131z\u0131n, yabanc\u0131 iseniz uyru\u011funuzun, pasaport numaran\u0131z\u0131n veya varsa kimlik numaran\u0131z\u0131n,<\/span><\/p><p class=\"p2\"><span class=\"s1\">\u2013 Tebligata esas yerle\u015fim yeri veya i\u015f yeri adresinizin,<\/span><\/p><p class=\"p2\"><span class=\"s1\">\u2013 Varsa bildirime esas elektronik posta adresi, telefon ve faks numaran\u0131z\u0131n,<\/span><\/p><p class=\"p2\"><span class=\"s1\">\u2013 Talep konunuzun,<\/span><\/p><p class=\"p2\"><span class=\"s1\">bulunmas\u0131\u00a0zorunlu olup varsa konuya ili\u015fkin bilgi ve belgelerin de ba\u015fvuruya eklenmesi gerekmektedir.<\/span><\/p><p class=\"p2\"><span class=\"s1\">Yaz\u0131l\u0131 olarak yapmak istedi\u011finiz ba\u015fvurular\u0131n\u0131z\u0131, gerekli belgeleri ekleyerek veri sorumlusu olarak \u015eirketimizin \u201c<\/span><span class=\"s2\"><b>Ferit Tek Sok. No:60\/B Moda Kad\u0131k\u00f6y \/ \u0130stanbul<\/b><\/span><span class=\"s1\">\u201d adresine verebilirsiniz.<\/span><\/p><p class=\"p2\"><span class=\"s1\">E-posta yoluyla yapmak istedi\u011finiz\u00a0ba\u015fvurular\u0131n\u0131z\u0131\u00a0<\/span><span class=\"s2\"><b>info@wayanawinebar.com<\/b><\/span><span class=\"s1\">\u00a0e-posta adresine veya\u00a0<\/span><span class=\"s2\"><b>0 216 550 22 07<\/b><\/span><span class=\"s1\">\u00a0no\u2019lu telefondan bize ula\u015farak yapabilirsiniz.\u00a0<\/span><\/p><p class=\"p2\"><span class=\"s1\">Talebinizin\u00a0niteli\u011fine\u00a0g\u00f6re\u00a0kimlik tespitine olanak sa\u011flayacak\u00a0bilgi\u00a0ve\u00a0belgelerin\u00a0eksiksiz\u00a0ve\u00a0do\u011fru\u00a0olarak taraf\u0131m\u0131za sa\u011flanmas\u0131\u00a0gerekmektedir. \u0130stenilen\u00a0bilgi\u00a0ve\u00a0belgelerin\u00a0gere\u011fi\u00a0gibi sa\u011flanmamas\u0131\u00a0durumunda, \u015e\u0130RKET taraf\u0131ndan talebinize istinaden\u00a0yap\u0131lacak ara\u015ft\u0131rmalar\u0131n tam\u00a0ve\u00a0nitelikli \u015fekilde\u00a0y\u00fcr\u00fct\u00fclmesinde aksakl\u0131klar\u00a0ya\u015fanabilecektir. Bu\u00a0durumda, \u015e\u0130RKET kanuni\u00a0haklar\u0131n\u0131 sakl\u0131 tuttu\u011funu beyan eder. Bu\u00a0nedenle, ba\u015fvurunuzun talebinizin\u00a0niteli\u011fine\u00a0g\u00f6re\u00a0eksiksiz\u00a0ve istenilen\u00a0bilgileri\u00a0ve\u00a0belgeleri i\u00e7erecek \u015fekilde\u00a0g\u00f6nderilmesi\u00a0gerekmektedir.<\/span><\/p>\t\t\t\t\t\t\t\t<\/div>\n\t\t\t\t<\/div>\n\t\t\t\t\t<\/div>\n\t\t<\/div>\n\t\t\t\t\t<\/div>\n\t\t<\/section>\n\t\t\t\t<\/div>","protected":false},"excerpt":{"rendered":"<p>K\u0130\u015e\u0130SEL VER\u0130LER\u0130N KORUNMASI VE \u0130\u015eLENMES\u0130 HAKKINDA AYDINLATMA METN\u0130\u00a0 \u00a0 Wayana | Kuzuo\u011flu G\u0131da Tur. \u0130n\u015f. San. Ve Tic. Ltd. \u015eti.\u00a0ki\u015fisel verilerinizin hukuka uygun olarak toplanmas\u0131, saklanmas\u0131 ve payla\u015f\u0131lmas\u0131n\u0131 sa\u011flamak ve gizlili\u011finizi korumak amac\u0131yla m\u00fcmk\u00fcn olan en \u00fcst seviyede g\u00fcvenlik tedbirlerini almaktad\u0131r. Amac\u0131m\u0131z;\u00a06698 say\u0131l\u0131 Ki\u015fisel Verilerin Korunmas\u0131 Kanununun 10. maddesi gere\u011fince ve sizlerin memnuniyeti do\u011frultusunda, ki\u015fisel&#8230;<\/p>","protected":false},"author":1,"featured_media":0,"parent":0,"menu_order":0,"comment_status":"closed","ping_status":"closed","template":"","meta":{"footnotes":""},"class_list":["post-987736","page","type-page","status-publish","hentry"],"yoast_head":"<!-- This site is optimized with the Yoast SEO Premium plugin v15.5 - https:\/\/yoast.com\/wordpress\/plugins\/seo\/ -->\n<title>Ki\u015fisel Verilerin Gizlili\u011fi - Wayana Wine Bar<\/title>\n<meta name=\"robots\" content=\"index, follow, max-snippet:-1, max-image-preview:large, max-video-preview:-1\" \/>\n<link rel=\"canonical\" href=\"https:\/\/www.wayanatapas.com\/en\/kisisel-verilerin-gizliligi\/\" \/>\n<meta property=\"og:locale\" content=\"en_US\" \/>\n<meta property=\"og:type\" content=\"article\" \/>\n<meta property=\"og:title\" content=\"Ki\u015fisel Verilerin Gizlili\u011fi - Wayana Wine Bar\" \/>\n<meta property=\"og:description\" content=\"K\u0130\u015e\u0130SEL VER\u0130LER\u0130N KORUNMASI VE \u0130\u015eLENMES\u0130 HAKKINDA AYDINLATMA METN\u0130\u00a0 \u00a0 Wayana | Kuzuo\u011flu G\u0131da Tur. \u0130n\u015f. San. Ve Tic. Ltd. \u015eti.\u00a0ki\u015fisel verilerinizin hukuka uygun olarak toplanmas\u0131, saklanmas\u0131 ve payla\u015f\u0131lmas\u0131n\u0131 sa\u011flamak ve gizlili\u011finizi korumak amac\u0131yla m\u00fcmk\u00fcn olan en \u00fcst seviyede g\u00fcvenlik tedbirlerini almaktad\u0131r. Amac\u0131m\u0131z;\u00a06698 say\u0131l\u0131 Ki\u015fisel Verilerin Korunmas\u0131 Kanununun 10. maddesi gere\u011fince ve sizlerin memnuniyeti do\u011frultusunda, ki\u015fisel...\" \/>\n<meta property=\"og:url\" content=\"https:\/\/www.wayanatapas.com\/en\/kisisel-verilerin-gizliligi\/\" \/>\n<meta property=\"og:site_name\" content=\"Wayana Wine Bar\" \/>\n<meta property=\"article:modified_time\" content=\"2022-08-16T08:23:35+00:00\" \/>\n<meta name=\"twitter:card\" content=\"summary_large_image\" \/>\n<meta name=\"twitter:label1\" content=\"Est. reading time\">\n\t<meta name=\"twitter:data1\" content=\"6 minutes\">\n<script type=\"application\/ld+json\" class=\"yoast-schema-graph\">{\"@context\":\"https:\/\/schema.org\",\"@graph\":[{\"@type\":\"WebSite\",\"@id\":\"https:\/\/www.wayanatapas.com\/en\/#website\",\"url\":\"https:\/\/www.wayanatapas.com\/en\/\",\"name\":\"Wayana Wine Bar\",\"description\":\"Wayana Tapas\",\"potentialAction\":[{\"@type\":\"SearchAction\",\"target\":\"https:\/\/www.wayanatapas.com\/en\/?s={search_term_string}\",\"query-input\":\"required name=search_term_string\"}],\"inLanguage\":\"en-US\"},{\"@type\":\"WebPage\",\"@id\":\"https:\/\/www.wayanatapas.com\/en\/kisisel-verilerin-gizliligi\/#webpage\",\"url\":\"https:\/\/www.wayanatapas.com\/en\/kisisel-verilerin-gizliligi\/\",\"name\":\"Ki\\u015fisel Verilerin Gizlili\\u011fi - Wayana Wine Bar\",\"isPartOf\":{\"@id\":\"https:\/\/www.wayanatapas.com\/en\/#website\"},\"datePublished\":\"2022-08-16T08:21:42+00:00\",\"dateModified\":\"2022-08-16T08:23:35+00:00\",\"breadcrumb\":{\"@id\":\"https:\/\/www.wayanatapas.com\/en\/kisisel-verilerin-gizliligi\/#breadcrumb\"},\"inLanguage\":\"en-US\",\"potentialAction\":[{\"@type\":\"ReadAction\",\"target\":[\"https:\/\/www.wayanatapas.com\/en\/kisisel-verilerin-gizliligi\/\"]}]},{\"@type\":\"BreadcrumbList\",\"@id\":\"https:\/\/www.wayanatapas.com\/en\/kisisel-verilerin-gizliligi\/#breadcrumb\",\"itemListElement\":[{\"@type\":\"ListItem\",\"position\":1,\"item\":{\"@type\":\"WebPage\",\"@id\":\"https:\/\/www.wayanatapas.com\/en\/\",\"url\":\"https:\/\/www.wayanatapas.com\/en\/\",\"name\":\"Anasayfa\"}},{\"@type\":\"ListItem\",\"position\":2,\"item\":{\"@type\":\"WebPage\",\"@id\":\"https:\/\/www.wayanatapas.com\/en\/kisisel-verilerin-gizliligi\/\",\"url\":\"https:\/\/www.wayanatapas.com\/en\/kisisel-verilerin-gizliligi\/\",\"name\":\"Ki\\u015fisel Verilerin Gizlili\\u011fi\"}}]}]}<\/script>\n<!-- \/ Yoast SEO Premium plugin. -->","_links":{"self":[{"href":"https:\/\/www.wayanatapas.com\/en\/wp-json\/wp\/v2\/pages\/987736","targetHints":{"allow":["GET"]}}],"collection":[{"href":"https:\/\/www.wayanatapas.com\/en\/wp-json\/wp\/v2\/pages"}],"about":[{"href":"https:\/\/www.wayanatapas.com\/en\/wp-json\/wp\/v2\/types\/page"}],"author":[{"embeddable":true,"href":"https:\/\/www.wayanatapas.com\/en\/wp-json\/wp\/v2\/users\/1"}],"replies":[{"embeddable":true,"href":"https:\/\/www.wayanatapas.com\/en\/wp-json\/wp\/v2\/comments?post=987736"}],"version-history":[{"count":0,"href":"https:\/\/www.wayanatapas.com\/en\/wp-json\/wp\/v2\/pages\/987736\/revisions"}],"wp:attachment":[{"href":"https:\/\/www.wayanatapas.com\/en\/wp-json\/wp\/v2\/media?parent=987736"}],"curies":[{"name":"wp","href":"https:\/\/api.w.org\/{rel}","templated":true}]}}