{"id":988464,"date":"2022-08-25T12:18:36","date_gmt":"2022-08-25T09:18:36","guid":{"rendered":"https:\/\/www.wayanatapas.com\/?page_id=988464"},"modified":"2025-06-03T12:50:57","modified_gmt":"2025-06-03T09:50:57","slug":"tadim-menuleri","status":"publish","type":"page","link":"https:\/\/www.wayanatapas.com\/en\/tadim-menuleri\/","title":{"rendered":"Tasting Menu"},"content":{"rendered":"<div data-elementor-type=\"wp-page\" data-elementor-id=\"988464\" class=\"elementor elementor-988464\" data-elementor-post-type=\"page\">\n\t\t\t\t\t\t<section class=\"elementor-section elementor-top-section elementor-element elementor-element-6f68f892 elementor-section-height-min-height elementor-section-content-bottom elementor-section-boxed elementor-section-height-default elementor-section-items-middle\" data-id=\"6f68f892\" data-element_type=\"section\" data-e-type=\"section\" data-settings=\"{&quot;background_background&quot;:&quot;classic&quot;}\">\n\t\t\t\t\t\t\t<div class=\"elementor-background-overlay\"><\/div>\n\t\t\t\t\t\t\t<div class=\"elementor-container elementor-column-gap-default\">\n\t\t\t\t\t<div class=\"elementor-column elementor-col-100 elementor-top-column elementor-element elementor-element-1d46666b\" data-id=\"1d46666b\" data-element_type=\"column\" data-e-type=\"column\">\n\t\t\t<div class=\"elementor-widget-wrap elementor-element-populated\">\n\t\t\t\t\t\t<div class=\"elementor-element elementor-element-71533264 elementor-headline--style-blurred_letters animated-slow elementor-invisible elementor-widget elementor-widget-vamtam-animated-headline\" data-id=\"71533264\" data-element_type=\"widget\" data-e-type=\"widget\" data-settings=\"{&quot;headline_style&quot;:&quot;blurred_letters&quot;,&quot;vamtam_text&quot;:&quot;\\u015earap ve Tapas Tad\\u0131m Men\\u00fcleri Hakk\\u0131nda&quot;,&quot;_animation&quot;:&quot;fadeInUp&quot;}\" data-widget_type=\"vamtam-animated-headline.default\">\n\t\t\t\t<div class=\"elementor-widget-container\">\n\t\t\t\t\t\t\t\t\t<h2 class=\"elementor-headline\">\n\t\t\t\t\t\t\t\t\t\t\t\t\t\t\t\t\t\t\t\t\t\t\t\t<span class=\"vamtam-word\">\t\t\t\t\t\t\t\t\t\t\t\t\t\t\t<span class=\"vamtam-letter blurred\" data-delay=\"0.17\">Bottle Closure: Natural Cork \u2013 Technical Cork<\/span>\n\t\t\t\t\t\t\t\t\t\t\t\t\t\t\t\t\t\t\t\t\t\t\t\t\t\t\t\t\t\t\t\t\t\t\t<span class=\"vamtam-letter\">a<\/span>\n\t\t\t\t\t\t\t\t\t\t\t\t\t\t\t\t\t\t\t\t\t\t\t\t\t\t\t\t\t\t\t\t\t\t\t<span class=\"vamtam-letter\">r<\/span>\n\t\t\t\t\t\t\t\t\t\t\t\t\t\t\t\t\t\t\t\t\t\t\t\t\t\t\t\t\t\t\t\t\t\t\t<span class=\"vamtam-letter\">a<\/span>\n\t\t\t\t\t\t\t\t\t\t\t\t\t\t\t\t\t\t\t\t\t\t\t\t\t\t\t\t\t\t\t\t\t\t\t<span class=\"vamtam-letter blurred\" data-delay=\"0.31\">p<\/span>\n\t\t\t\t\t\t\t\t\t\t\t\t\t\t\t\t\t\t\t\t<\/span> \t\t\t\t\t\t\t<span class=\"vamtam-word\">\t\t\t\t\t\t\t\t\t\t\t\t\t\t\t<span class=\"vamtam-letter\">v<\/span>\n\t\t\t\t\t\t\t\t\t\t\t\t\t\t\t\t\t\t\t\t\t\t\t\t\t\t\t\t\t\t\t\t\t\t\t<span class=\"vamtam-letter\">e<\/span>\n\t\t\t\t\t\t\t\t\t\t\t\t\t\t\t\t\t\t\t\t<\/span> \t\t\t\t\t\t\t<span class=\"vamtam-word\">\t\t\t\t\t\t\t\t\t\t\t\t\t\t\t<span class=\"vamtam-letter\">The Place of Wine in the Changing Tourism Approach of the Canary Islands<\/span>\n\t\t\t\t\t\t\t\t\t\t\t\t\t\t\t\t\t\t\t\t\t\t\t\t\t\t\t\t\t\t\t\t\t\t\t<span class=\"vamtam-letter\">a<\/span>\n\t\t\t\t\t\t\t\t\t\t\t\t\t\t\t\t\t\t\t\t\t\t\t\t\t\t\t\t\t\t\t\t\t\t\t<span class=\"vamtam-letter\">p<\/span>\n\t\t\t\t\t\t\t\t\t\t\t\t\t\t\t\t\t\t\t\t\t\t\t\t\t\t\t\t\t\t\t\t\t\t\t<span class=\"vamtam-letter\">a<\/span>\n\t\t\t\t\t\t\t\t\t\t\t\t\t\t\t\t\t\t\t\t\t\t\t\t\t\t\t\t\t\t\t\t\t\t\t<span class=\"vamtam-letter\">FIRST STOP FOR WINE ENTHUSIASTS: WAYANA 101<\/span>\n\t\t\t\t\t\t\t\t\t\t\t\t\t\t\t\t\t\t\t\t<\/span> \t\t\t\t\t\t\t<span class=\"vamtam-word\">\t\t\t\t\t\t\t\t\t\t\t\t\t\t\t<span class=\"vamtam-letter\">The Place of Wine in the Changing Tourism Approach of the Canary Islands<\/span>\n\t\t\t\t\t\t\t\t\t\t\t\t\t\t\t\t\t\t\t\t\t\t\t\t\t\t\t\t\t\t\t\t\t\t\t<span class=\"vamtam-letter\">a<\/span>\n\t\t\t\t\t\t\t\t\t\t\t\t\t\t\t\t\t\t\t\t\t\t\t\t\t\t\t\t\t\t\t\t\t\t\t<span class=\"vamtam-letter\">d<\/span>\n\t\t\t\t\t\t\t\t\t\t\t\t\t\t\t\t\t\t\t\t\t\t\t\t\t\t\t\t\t\t\t\t\t\t\t<span class=\"vamtam-letter\">\u0131<\/span>\n\t\t\t\t\t\t\t\t\t\t\t\t\t\t\t\t\t\t\t\t\t\t\t\t\t\t\t\t\t\t\t\t\t\t\t<span class=\"vamtam-letter\">m<\/span>\n\t\t\t\t\t\t\t\t\t\t\t\t\t\t\t\t\t\t\t\t<\/span> \t\t\t\t\t\t\t<span class=\"vamtam-word\">\t\t\t\t\t\t\t\t\t\t\t\t\t\t\t<span class=\"vamtam-letter\">M<\/span>\n\t\t\t\t\t\t\t\t\t\t\t\t\t\t\t\t\t\t\t\t\t\t\t\t\t\t\t\t\t\t\t\t\t\t\t<span class=\"vamtam-letter\">e<\/span>\n\t\t\t\t\t\t\t\t\t\t\t\t\t\t\t\t\t\t\t\t\t\t\t\t\t\t\t\t\t\t\t\t\t\t\t<span class=\"vamtam-letter\">n<\/span>\n\t\t\t\t\t\t\t\t\t\t\t\t\t\t\t\t\t\t\t\t\t\t\t\t\t\t\t\t\t\t\t\t\t\t\t<span class=\"vamtam-letter\">\u00fc<\/span>\n\t\t\t\t\t\t\t\t\t\t\t\t\t\t\t\t\t\t\t\t\t\t\t\t\t\t\t\t\t\t\t\t\t\t\t<span class=\"vamtam-letter\">l<\/span>\n\t\t\t\t\t\t\t\t\t\t\t\t\t\t\t\t\t\t\t\t\t\t\t\t\t\t\t\t\t\t\t\t\t\t\t<span class=\"vamtam-letter\">e<\/span>\n\t\t\t\t\t\t\t\t\t\t\t\t\t\t\t\t\t\t\t\t\t\t\t\t\t\t\t\t\t\t\t\t\t\t\t<span class=\"vamtam-letter\">r<\/span>\n\t\t\t\t\t\t\t\t\t\t\t\t\t\t\t\t\t\t\t\t\t\t\t\t\t\t\t\t\t\t\t\t\t\t\t<span class=\"vamtam-letter\">i<\/span>\n\t\t\t\t\t\t\t\t\t\t\t\t\t\t\t\t\t\t\t\t<\/span> \t\t\t\t\t\t\t<span class=\"vamtam-word\">\t\t\t\t\t\t\t\t\t\t\t\t\t\t\t<span class=\"vamtam-letter\">HYPATIA: A Sincere and Refined Wine Enthusiasts\u2019 Circle<\/span>\n\t\t\t\t\t\t\t\t\t\t\t\t\t\t\t\t\t\t\t\t\t\t\t\t\t\t\t\t\t\t\t\t\t\t\t<span class=\"vamtam-letter\">a<\/span>\n\t\t\t\t\t\t\t\t\t\t\t\t\t\t\t\t\t\t\t\t\t\t\t\t\t\t\t\t\t\t\t\t\t\t\t<span class=\"vamtam-letter\">k<\/span>\n\t\t\t\t\t\t\t\t\t\t\t\t\t\t\t\t\t\t\t\t\t\t\t\t\t\t\t\t\t\t\t\t\t\t\t<span class=\"vamtam-letter\">k<\/span>\n\t\t\t\t\t\t\t\t\t\t\t\t\t\t\t\t\t\t\t\t\t\t\t\t\t\t\t\t\t\t\t\t\t\t\t<span class=\"vamtam-letter\">\u0131<\/span>\n\t\t\t\t\t\t\t\t\t\t\t\t\t\t\t\t\t\t\t\t\t\t\t\t\t\t\t\t\t\t\t\t\t\t\t<span class=\"vamtam-letter\">n<\/span>\n\t\t\t\t\t\t\t\t\t\t\t\t\t\t\t\t\t\t\t\t\t\t\t\t\t\t\t\t\t\t\t\t\t\t\t<span class=\"vamtam-letter\">d<\/span>\n\t\t\t\t\t\t\t\t\t\t\t\t\t\t\t\t\t\t\t\t\t\t\t\t\t\t\t\t\t\t\t\t\t\t\t<span class=\"vamtam-letter\">a<\/span>\n\t\t\t\t\t\t\t\t\t\t\t\t\t\t\t\t\t\t\t<\/span>\t\t\t\t\t\t\t\t\t<\/h2>\n\t\t\t\t\t\t\t\t<\/div>\n\t\t\t\t<\/div>\n\t\t\t\t\t<\/div>\n\t\t<\/div>\n\t\t\t\t\t<\/div>\n\t\t<\/section>\n\t\t\t\t<section class=\"elementor-section elementor-top-section elementor-element elementor-element-af45c90 elementor-section-boxed elementor-section-height-default elementor-section-height-default\" data-id=\"af45c90\" data-element_type=\"section\" data-e-type=\"section\">\n\t\t\t\t\t\t<div class=\"elementor-container elementor-column-gap-default\">\n\t\t\t\t\t<div class=\"elementor-column elementor-col-100 elementor-top-column elementor-element elementor-element-357cc09\" data-id=\"357cc09\" data-element_type=\"column\" data-e-type=\"column\">\n\t\t\t<div class=\"elementor-widget-wrap elementor-element-populated\">\n\t\t\t\t\t\t<div class=\"elementor-element elementor-element-2798041 elementor-widget elementor-widget-text-editor\" data-id=\"2798041\" data-element_type=\"widget\" data-e-type=\"widget\" data-widget_type=\"text-editor.default\">\n\t\t\t\t<div class=\"elementor-widget-container\">\n\t\t\t\t\t\t\t\t\t<p><img fetchpriority=\"high\" decoding=\"async\" class=\"alignleft wp-image-991694 size-medium\" src=\"https:\/\/www.wayanatapas.com\/wp-content\/uploads\/2025\/06\/pexels-valeriya-1123260-300x200.jpg\" alt=\"\" width=\"300\" height=\"200\" srcset=\"https:\/\/www.wayanatapas.com\/wp-content\/uploads\/2025\/06\/pexels-valeriya-1123260-300x200.jpg 300w, https:\/\/www.wayanatapas.com\/wp-content\/uploads\/2025\/06\/pexels-valeriya-1123260-1024x683.jpg 1024w, https:\/\/www.wayanatapas.com\/wp-content\/uploads\/2025\/06\/pexels-valeriya-1123260-768x512.jpg 768w, https:\/\/www.wayanatapas.com\/wp-content\/uploads\/2025\/06\/pexels-valeriya-1123260-1536x1024.jpg 1536w, https:\/\/www.wayanatapas.com\/wp-content\/uploads\/2025\/06\/pexels-valeriya-1123260-2048x1365.jpg 2048w, https:\/\/www.wayanatapas.com\/wp-content\/uploads\/2025\/06\/pexels-valeriya-1123260-18x12.jpg 18w, https:\/\/www.wayanatapas.com\/wp-content\/uploads\/2025\/06\/pexels-valeriya-1123260-630x420.jpg 630w, https:\/\/www.wayanatapas.com\/wp-content\/uploads\/2025\/06\/pexels-valeriya-1123260-1260x840.jpg 1260w, https:\/\/www.wayanatapas.com\/wp-content\/uploads\/2025\/06\/pexels-valeriya-1123260-315x210.jpg 315w\" sizes=\"(max-width: 300px) 100vw, 300px\" \/>WAYANA\u2019da kuruldu\u011fumuz g\u00fcnden bu yana b\u00fct\u00fcn \u015faraplar\u0131m\u0131z\u0131 kadehle servis ediyoruz.<\/p><p>2024 y\u0131l\u0131nda bu servisimizi bir ad\u0131m daha ileriye ta\u015f\u0131d\u0131k. Art\u0131k tad\u0131m yapmak isteyen konuklar\u0131m\u0131z i\u00e7in b\u00fct\u00fcn \u015faraplar\u0131m\u0131z\u0131 1\/3 kadehle de servis ediyoruz.<\/p><p>Se\u00e7im yapmak yerine haz\u0131r bir seti tatmak isteyen konuklar i\u00e7in iki ba\u015fl\u0131k alt\u0131nda \u201cAlt\u0131l\u0131 Tad\u0131m Seti\u201d se\u00e7enekleri haz\u0131rlad\u0131k. Bu setlerden birisi nat\u00fcrel \u015faraplar, di\u011feri geleneksel \u015faraplardan olu\u015fuyor ve \u015farap i\u00e7erikleri s\u00fcrekli g\u00fcncelleniyor. B\u00f6ylece konuklar\u0131m\u0131z farkl\u0131 d\u00f6nemlerdeki ziyaretlerinde yeni \u015farap \u00e7e\u015fitleriyle de tan\u0131\u015fma f\u0131rsat\u0131 buluyor.<\/p><p>Tad\u0131m men\u00fclerimizi her zaman servis ediyoruz.\u00a0<\/p><p>Konuklar\u0131m\u0131z\u0131n rezervasyon yapt\u0131rarak gelmelerini \u00f6zellikle rica ediyoruz.<br \/><br \/><\/p><h5><strong>Contact &amp; Reservations<\/strong><\/h5><p><a href=\"tel:+905322854396\">+90 532 285 43 96\u00a0 &#8211; \u00a0<\/a><a href=\"tel:+902165502207\">+90 216 550 22 07<\/a><\/p>\t\t\t\t\t\t\t\t<\/div>\n\t\t\t\t<\/div>\n\t\t\t\t<div class=\"elementor-element elementor-element-4a4ec7a elementor-widget elementor-widget-spacer\" data-id=\"4a4ec7a\" data-element_type=\"widget\" data-e-type=\"widget\" data-widget_type=\"spacer.default\">\n\t\t\t\t<div class=\"elementor-widget-container\">\n\t\t\t\t\t\t\t<div class=\"elementor-spacer\">\n\t\t\t<div class=\"elementor-spacer-inner\"><\/div>\n\t\t<\/div>\n\t\t\t\t\t\t<\/div>\n\t\t\t\t<\/div>\n\t\t\t\t\t<\/div>\n\t\t<\/div>\n\t\t\t\t\t<\/div>\n\t\t<\/section>\n\t\t\t\t<\/div>","protected":false},"excerpt":{"rendered":"<p>\u015e a r a p v e T a p a s T a d \u0131 m M e n \u00fc l e r i H a k k \u0131 n d a WAYANA\u2019da kuruldu\u011fumuz g\u00fcnden bu yana b\u00fct\u00fcn \u015faraplar\u0131m\u0131z\u0131 kadehle servis ediyoruz. 2024 y\u0131l\u0131nda bu servisimizi bir ad\u0131m daha ileriye ta\u015f\u0131d\u0131k. Art\u0131k tad\u0131m yapmak&#8230;<\/p>","protected":false},"author":1,"featured_media":0,"parent":0,"menu_order":0,"comment_status":"closed","ping_status":"closed","template":"","meta":{"footnotes":""},"class_list":["post-988464","page","type-page","status-publish","hentry"],"yoast_head":"<!-- This site is optimized with the Yoast SEO Premium plugin v15.5 - https:\/\/yoast.com\/wordpress\/plugins\/seo\/ -->\n<title>Tad\u0131m Men\u00fcleri - Wayana Wine Bar<\/title>\n<meta name=\"robots\" content=\"index, follow, max-snippet:-1, max-image-preview:large, max-video-preview:-1\" \/>\n<link rel=\"canonical\" href=\"https:\/\/www.wayanatapas.com\/en\/tadim-menuleri\/\" \/>\n<meta property=\"og:locale\" content=\"en_US\" \/>\n<meta property=\"og:type\" content=\"article\" \/>\n<meta property=\"og:title\" content=\"Tad\u0131m Men\u00fcleri - Wayana Wine Bar\" \/>\n<meta property=\"og:description\" content=\"\u015e a r a p v e T a p a s T a d \u0131 m M e n \u00fc l e r i H a k k \u0131 n d a WAYANA\u2019da kuruldu\u011fumuz g\u00fcnden bu yana b\u00fct\u00fcn \u015faraplar\u0131m\u0131z\u0131 kadehle servis ediyoruz. 2024 y\u0131l\u0131nda bu servisimizi bir ad\u0131m daha ileriye ta\u015f\u0131d\u0131k. Art\u0131k tad\u0131m yapmak...\" \/>\n<meta property=\"og:url\" content=\"https:\/\/www.wayanatapas.com\/en\/tadim-menuleri\/\" \/>\n<meta property=\"og:site_name\" content=\"Wayana Wine Bar\" \/>\n<meta property=\"article:modified_time\" content=\"2025-06-03T09:50:57+00:00\" \/>\n<meta property=\"og:image\" content=\"https:\/\/www.wayanatapas.com\/wp-content\/uploads\/2025\/06\/pexels-valeriya-1123260-300x200.jpg\" \/>\n<meta name=\"twitter:card\" content=\"summary_large_image\" \/>\n<meta name=\"twitter:label1\" content=\"Est. reading time\">\n\t<meta name=\"twitter:data1\" content=\"1 minute\">\n<script type=\"application\/ld+json\" class=\"yoast-schema-graph\">{\"@context\":\"https:\/\/schema.org\",\"@graph\":[{\"@type\":\"WebSite\",\"@id\":\"https:\/\/www.wayanatapas.com\/en\/#website\",\"url\":\"https:\/\/www.wayanatapas.com\/en\/\",\"name\":\"Wayana Wine Bar\",\"description\":\"Wayana Tapas\",\"potentialAction\":[{\"@type\":\"SearchAction\",\"target\":\"https:\/\/www.wayanatapas.com\/en\/?s={search_term_string}\",\"query-input\":\"required name=search_term_string\"}],\"inLanguage\":\"en-US\"},{\"@type\":\"ImageObject\",\"@id\":\"https:\/\/www.wayanatapas.com\/en\/tadim-menuleri\/#primaryimage\",\"inLanguage\":\"en-US\",\"url\":\"https:\/\/www.wayanatapas.com\/wp-content\/uploads\/2025\/06\/pexels-valeriya-1123260-300x200.jpg\"},{\"@type\":\"WebPage\",\"@id\":\"https:\/\/www.wayanatapas.com\/en\/tadim-menuleri\/#webpage\",\"url\":\"https:\/\/www.wayanatapas.com\/en\/tadim-menuleri\/\",\"name\":\"Tad\\u0131m Men\\u00fcleri - Wayana Wine Bar\",\"isPartOf\":{\"@id\":\"https:\/\/www.wayanatapas.com\/en\/#website\"},\"primaryImageOfPage\":{\"@id\":\"https:\/\/www.wayanatapas.com\/en\/tadim-menuleri\/#primaryimage\"},\"datePublished\":\"2022-08-25T09:18:36+00:00\",\"dateModified\":\"2025-06-03T09:50:57+00:00\",\"breadcrumb\":{\"@id\":\"https:\/\/www.wayanatapas.com\/en\/tadim-menuleri\/#breadcrumb\"},\"inLanguage\":\"en-US\",\"potentialAction\":[{\"@type\":\"ReadAction\",\"target\":[\"https:\/\/www.wayanatapas.com\/en\/tadim-menuleri\/\"]}]},{\"@type\":\"BreadcrumbList\",\"@id\":\"https:\/\/www.wayanatapas.com\/en\/tadim-menuleri\/#breadcrumb\",\"itemListElement\":[{\"@type\":\"ListItem\",\"position\":1,\"item\":{\"@type\":\"WebPage\",\"@id\":\"https:\/\/www.wayanatapas.com\/en\/\",\"url\":\"https:\/\/www.wayanatapas.com\/en\/\",\"name\":\"Anasayfa\"}},{\"@type\":\"ListItem\",\"position\":2,\"item\":{\"@type\":\"WebPage\",\"@id\":\"https:\/\/www.wayanatapas.com\/en\/tadim-menuleri\/\",\"url\":\"https:\/\/www.wayanatapas.com\/en\/tadim-menuleri\/\",\"name\":\"Tad\\u0131m Men\\u00fcleri\"}}]}]}<\/script>\n<!-- \/ Yoast SEO Premium plugin. -->","_links":{"self":[{"href":"https:\/\/www.wayanatapas.com\/en\/wp-json\/wp\/v2\/pages\/988464","targetHints":{"allow":["GET"]}}],"collection":[{"href":"https:\/\/www.wayanatapas.com\/en\/wp-json\/wp\/v2\/pages"}],"about":[{"href":"https:\/\/www.wayanatapas.com\/en\/wp-json\/wp\/v2\/types\/page"}],"author":[{"embeddable":true,"href":"https:\/\/www.wayanatapas.com\/en\/wp-json\/wp\/v2\/users\/1"}],"replies":[{"embeddable":true,"href":"https:\/\/www.wayanatapas.com\/en\/wp-json\/wp\/v2\/comments?post=988464"}],"version-history":[{"count":15,"href":"https:\/\/www.wayanatapas.com\/en\/wp-json\/wp\/v2\/pages\/988464\/revisions"}],"predecessor-version":[{"id":991710,"href":"https:\/\/www.wayanatapas.com\/en\/wp-json\/wp\/v2\/pages\/988464\/revisions\/991710"}],"wp:attachment":[{"href":"https:\/\/www.wayanatapas.com\/en\/wp-json\/wp\/v2\/media?parent=988464"}],"curies":[{"name":"wp","href":"https:\/\/api.w.org\/{rel}","templated":true}]}}