{"id":989978,"date":"2023-03-02T11:33:31","date_gmt":"2023-03-02T08:33:31","guid":{"rendered":"https:\/\/www.wayanatapas.com\/?page_id=989978"},"modified":"2024-08-18T02:44:53","modified_gmt":"2024-08-17T23:44:53","slug":"sarap-tadimi-2","status":"publish","type":"page","link":"https:\/\/www.wayanatapas.com\/en\/sarap-tadimi-2\/","title":{"rendered":"2024 &#8211; 2025"},"content":{"rendered":"<div data-elementor-type=\"wp-page\" data-elementor-id=\"989978\" class=\"elementor elementor-989978\" data-elementor-post-type=\"page\">\n\t\t\t\t\t\t<section class=\"elementor-section elementor-top-section elementor-element elementor-element-06f4fe2 elementor-section-height-min-height elementor-section-content-bottom elementor-section-boxed elementor-section-height-default elementor-section-items-middle\" data-id=\"06f4fe2\" data-element_type=\"section\" data-e-type=\"section\" data-settings=\"{&quot;background_background&quot;:&quot;classic&quot;}\">\n\t\t\t\t\t\t\t<div class=\"elementor-background-overlay\"><\/div>\n\t\t\t\t\t\t\t<div class=\"elementor-container elementor-column-gap-default\">\n\t\t\t\t\t<div class=\"elementor-column elementor-col-100 elementor-top-column elementor-element elementor-element-3081e41\" data-id=\"3081e41\" data-element_type=\"column\" data-e-type=\"column\">\n\t\t\t<div class=\"elementor-widget-wrap elementor-element-populated\">\n\t\t\t\t\t\t<div class=\"elementor-element elementor-element-4cf5261 elementor-headline--style-blurred_letters animated-slow elementor-invisible elementor-widget elementor-widget-vamtam-animated-headline\" data-id=\"4cf5261\" data-element_type=\"widget\" data-e-type=\"widget\" data-settings=\"{&quot;headline_style&quot;:&quot;blurred_letters&quot;,&quot;vamtam_text&quot;:&quot;2024 - 2025&quot;,&quot;_animation&quot;:&quot;fadeInUp&quot;}\" data-widget_type=\"vamtam-animated-headline.default\">\n\t\t\t\t<div class=\"elementor-widget-container\">\n\t\t\t\t\t\t\t\t\t<h1 class=\"elementor-headline\">\n\t\t\t\t\t\t\t\t\t\t\t\t\t\t\t\t\t\t\t\t\t\t\t\t<span class=\"vamtam-word\">\t\t\t\t\t\t\t\t\t\t\t\t\t\t\t<span class=\"vamtam-letter blurred\" data-delay=\"0.17\">2<\/span>\n\t\t\t\t\t\t\t\t\t\t\t\t\t\t\t\t\t\t\t\t\t\t\t\t\t\t\t\t\t\t\t\t\t\t\t<span class=\"vamtam-letter\">0<\/span>\n\t\t\t\t\t\t\t\t\t\t\t\t\t\t\t\t\t\t\t\t\t\t\t\t\t\t\t\t\t\t\t\t\t\t\t<span class=\"vamtam-letter\">2<\/span>\n\t\t\t\t\t\t\t\t\t\t\t\t\t\t\t\t\t\t\t\t\t\t\t\t\t\t\t\t\t\t\t\t\t\t\t<span class=\"vamtam-letter\">4<\/span>\n\t\t\t\t\t\t\t\t\t\t\t\t\t\t\t\t\t\t\t\t<\/span> \t\t\t\t\t\t\t<span class=\"vamtam-word\">\t\t\t\t\t\t\t\t\t\t\t\t\t\t\t<span class=\"vamtam-letter\">-<\/span>\n\t\t\t\t\t\t\t\t\t\t\t\t\t\t\t\t\t\t\t\t<\/span> \t\t\t\t\t\t\t<span class=\"vamtam-word\">\t\t\t\t\t\t\t\t\t\t\t\t\t\t\t<span class=\"vamtam-letter\">2<\/span>\n\t\t\t\t\t\t\t\t\t\t\t\t\t\t\t\t\t\t\t\t\t\t\t\t\t\t\t\t\t\t\t\t\t\t\t<span class=\"vamtam-letter\">0<\/span>\n\t\t\t\t\t\t\t\t\t\t\t\t\t\t\t\t\t\t\t\t\t\t\t\t\t\t\t\t\t\t\t\t\t\t\t<span class=\"vamtam-letter\">2<\/span>\n\t\t\t\t\t\t\t\t\t\t\t\t\t\t\t\t\t\t\t\t\t\t\t\t\t\t\t\t\t\t\t\t\t\t\t<span class=\"vamtam-letter\">5<\/span>\n\t\t\t\t\t\t\t\t\t\t\t\t\t\t\t\t\t\t\t<\/span>\t\t\t\t\t\t\t\t\t<\/h1>\n\t\t\t\t\t\t\t\t<\/div>\n\t\t\t\t<\/div>\n\t\t\t\t\t<\/div>\n\t\t<\/div>\n\t\t\t\t\t<\/div>\n\t\t<\/section>\n\t\t\t\t<section class=\"elementor-section elementor-top-section elementor-element elementor-element-9ba0043 elementor-section-boxed elementor-section-height-default elementor-section-height-default\" data-id=\"9ba0043\" data-element_type=\"section\" data-e-type=\"section\">\n\t\t\t\t\t\t<div class=\"elementor-container elementor-column-gap-default\">\n\t\t\t\t\t<div class=\"elementor-column elementor-col-100 elementor-top-column elementor-element elementor-element-de250ef\" data-id=\"de250ef\" data-element_type=\"column\" data-e-type=\"column\">\n\t\t\t<div class=\"elementor-widget-wrap elementor-element-populated\">\n\t\t\t\t\t\t<div class=\"elementor-element elementor-element-e92c068 elementor-widget elementor-widget-spacer\" data-id=\"e92c068\" data-element_type=\"widget\" data-e-type=\"widget\" data-widget_type=\"spacer.default\">\n\t\t\t\t<div class=\"elementor-widget-container\">\n\t\t\t\t\t\t\t<div class=\"elementor-spacer\">\n\t\t\t<div class=\"elementor-spacer-inner\"><\/div>\n\t\t<\/div>\n\t\t\t\t\t\t<\/div>\n\t\t\t\t<\/div>\n\t\t\t\t\t<\/div>\n\t\t<\/div>\n\t\t\t\t\t<\/div>\n\t\t<\/section>\n\t\t\t\t<section class=\"elementor-section elementor-top-section elementor-element elementor-element-ef23f9f elementor-section-boxed elementor-section-height-default elementor-section-height-default\" data-id=\"ef23f9f\" data-element_type=\"section\" data-e-type=\"section\">\n\t\t\t\t\t\t<div class=\"elementor-container elementor-column-gap-default\">\n\t\t\t\t\t<div class=\"elementor-column elementor-col-100 elementor-top-column elementor-element elementor-element-bc7e1c2\" data-id=\"bc7e1c2\" data-element_type=\"column\" data-e-type=\"column\">\n\t\t\t<div class=\"elementor-widget-wrap elementor-element-populated\">\n\t\t\t\t\t\t<div class=\"elementor-element elementor-element-9b70607 elementor-widget elementor-widget-heading\" data-id=\"9b70607\" data-element_type=\"widget\" data-e-type=\"widget\" data-widget_type=\"heading.default\">\n\t\t\t\t<div class=\"elementor-widget-container\">\n\t\t\t\t\t<h2 class=\"elementor-heading-title elementor-size-default\">WAYANA 100 Series<\/h2>\t\t\t\t<\/div>\n\t\t\t\t<\/div>\n\t\t\t\t<div class=\"elementor-element elementor-element-3e274ed elementor-widget elementor-widget-text-editor\" data-id=\"3e274ed\" data-element_type=\"widget\" data-e-type=\"widget\" data-widget_type=\"text-editor.default\">\n\t\t\t\t<div class=\"elementor-widget-container\">\n\t\t\t\t\t\t\t\t\t<p>\u00a0<\/p><p>The WAYANA 100 series event, under the title 'The Fundamentals of Wine,' consists of two parts. WAYANA 101 and WAYANA 102 are designed to complement each other. Each event has distinct content, and wine enthusiasts can choose either one or both.<\/p><p>\u00a0<\/p>\t\t\t\t\t\t\t\t<\/div>\n\t\t\t\t<\/div>\n\t\t\t\t\t<\/div>\n\t\t<\/div>\n\t\t\t\t\t<\/div>\n\t\t<\/section>\n\t\t\t\t<section class=\"elementor-section elementor-top-section elementor-element elementor-element-ea525de elementor-section-boxed elementor-section-height-default elementor-section-height-default\" data-id=\"ea525de\" data-element_type=\"section\" data-e-type=\"section\">\n\t\t\t\t\t\t<div class=\"elementor-container elementor-column-gap-default\">\n\t\t\t\t\t<div class=\"elementor-column elementor-col-50 elementor-top-column elementor-element elementor-element-94d2237\" data-id=\"94d2237\" data-element_type=\"column\" data-e-type=\"column\">\n\t\t\t<div class=\"elementor-widget-wrap elementor-element-populated\">\n\t\t\t\t\t\t<div class=\"elementor-element elementor-element-6c95579 elementor-widget elementor-widget-heading\" data-id=\"6c95579\" data-element_type=\"widget\" data-e-type=\"widget\" data-widget_type=\"heading.default\">\n\t\t\t\t<div class=\"elementor-widget-container\">\n\t\t\t\t\t<h3 class=\"elementor-heading-title elementor-size-default\">WAYANA 101 <br>TERROIR AND WINE<br><\/h3>\t\t\t\t<\/div>\n\t\t\t\t<\/div>\n\t\t\t\t<div class=\"elementor-element elementor-element-68ef99e elementor-widget__width-initial elementor-widget elementor-widget-text-editor\" data-id=\"68ef99e\" data-element_type=\"widget\" data-e-type=\"widget\" data-widget_type=\"text-editor.default\">\n\t\t\t\t<div class=\"elementor-widget-container\">\n\t\t\t\t\t\t\t\t\t<p class=\"p1\">Our first event begins in the vineyard, where the journey of the grape starts. Good wine requires good grapes, and the quality of the grapes depends on the terroir and the way the vineyard is managed. In this session, we will evaluate the variables that affect terroir, the choices a producer can make in managing the vineyard, and how these choices reflect in the wine, all while tasting selected examples. We will also explore the characteristics of wine at each stage of the tasting and how these characteristics correspond to our senses.<\/p><p class=\"p1\">We will record our tasting notes in the Tasting Journal prepared for each event. The accompaniments prepared for the tasting are also part of the experience.<\/p><p class=\"p1\">Each wine featured in the WAYANA 101 event has a specific characteristic. In the list below, you can see the criteria by which each wine was selected and examine the producer and, if applicable, the series name and grape variety. The list is not organized by tasting order.<\/p><ul class=\"ul1\"><li class=\"li1 translation-block\">Pet-Nat\u00a0- Pa\u015faeli Yap\u0131ncak - Dry White<\/li><li class=\"li1\"><b>Organik<\/b>Organic\u00a0- Tafali Kalecik Karas\u0131 - Dry Red<\/li><li class=\"li1\"><b>Biyodinamik<\/b>Biodynamic\u00a0- Canavar Karasak\u0131z - Dry Red<\/li><li class=\"li1 translation-block\">Old Vine\u00a0- Kayra Old Vine Semillon - Dry White<\/li><li class=\"li1 translation-block\">Asmadan Kayal\u0131tepe CS-K\u0131rm\u0131z\u0131 Sek<\/li><li class=\"li1 translation-block\">Blend\u00a0- Ni&amp;Ce CS-Merlot - Dry Red<\/li><li class=\"li1 translation-block\">Sevilen Misket-Beyaz D\u00f6misek<\/li><li class=\"li1 translation-block\">Sweet\u00a0- Turasan Tannat - Sweet Red<\/li><\/ul>\t\t\t\t\t\t\t\t<\/div>\n\t\t\t\t<\/div>\n\t\t\t\t\t<\/div>\n\t\t<\/div>\n\t\t\t\t<div class=\"elementor-column elementor-col-50 elementor-top-column elementor-element elementor-element-1f8e8ff\" data-id=\"1f8e8ff\" data-element_type=\"column\" data-e-type=\"column\">\n\t\t\t<div class=\"elementor-widget-wrap elementor-element-populated\">\n\t\t\t\t\t\t<div class=\"elementor-element elementor-element-b07ff4d elementor-widget elementor-widget-heading\" data-id=\"b07ff4d\" data-element_type=\"widget\" data-e-type=\"widget\" data-widget_type=\"heading.default\">\n\t\t\t\t<div class=\"elementor-widget-container\">\n\t\t\t\t\t<h3 class=\"elementor-heading-title elementor-size-default\">WAYANA 102<br>WINE STYLES\n<\/h3>\t\t\t\t<\/div>\n\t\t\t\t<\/div>\n\t\t\t\t<div class=\"elementor-element elementor-element-a9461fd elementor-widget elementor-widget-text-editor\" data-id=\"a9461fd\" data-element_type=\"widget\" data-e-type=\"widget\" data-widget_type=\"text-editor.default\">\n\t\t\t\t<div class=\"elementor-widget-container\">\n\t\t\t\t\t\t\t\t\t<div style=\"font-style: normal; font-variant-ligatures: normal; font-variant-caps: normal; font-weight: 400; font-size: 20px; font-family: 'Cormorant Infant', sans-serif; text-align: justify;\"><p class=\"p1\">Our second event examines wines produced by conventional methods according to their body structure and includes a special focus on naturally sparkling wines.<\/p><p class=\"p1\">In this session, we will explore the differences in the production processes of white and red wines, the creation of ros\u00e9 and natural wines, and how naturally sparkling wines come to life. We will also discuss how to evaluate the maturation and aging of wine.<\/p><p class=\"p1\">Additionally, we will delve into why each individual has a unique palate identity and try to uncover the clues to wine\u2019s compatibility with the individual\u2019s palate.<\/p><p class=\"p1\">As with the first event, we will experience the wines' characteristics and how these characteristics affect our sensory system through practical tastings. Our observations will be recorded in the Tasting Journal prepared for the event.<\/p><p class=\"p1\">Each wine featured in the WAYANA 102 event also has a distinctive characteristic and they are all dry wines. Below is the list showing the criteria by which each wine was selected, and you can examine the producer and, if applicable, the series name and grape variety. The list is not organized by tasting order.<\/p><ul class=\"ul1\"><li class=\"li1\"><b>Traditional Sparkling\u00a0- Kayra Cameo<\/b>-Kayra Cameo<\/li><li class=\"li1\"><b>Aromatic White\u00a0- Mor Salk\u0131m Bornova Misketi<\/b>-Mor Salk\u0131m Bornova Misketi<\/li><li class=\"li1\"><b>Hafif Beyaz<\/b>Light White\u00a0- Vinkara Hasandede<\/li><li class=\"li1\"><b>Full-bodied White\u00a0- U\u00e7makdere Firuze Chardonnay<\/b>-U\u00e7makdere Firuze Chardonnay<\/li><li class=\"li1\"><b>Rose<\/b>Ros\u00e9\u00a0- Tafali Kalecik Karas\u0131<\/li><li class=\"li1\"><b>Hafif K\u0131rm\u0131z\u0131<\/b>Light Red\u00a0- Yaban Karasak\u0131z<\/li><li class=\"li1\"><b>Medium-bodied Red\u00a0- Selefkia Patkara<\/b>-Selefkia Patkara<\/li><li class=\"li1\"><b>Full-bodied Red\u00a0- Kayra Vintage Bo\u011fazkere<\/b>-Kayra Vintage Bo\u011fazkere<\/li><\/ul><\/div>\t\t\t\t\t\t\t\t<\/div>\n\t\t\t\t<\/div>\n\t\t\t\t\t<\/div>\n\t\t<\/div>\n\t\t\t\t\t<\/div>\n\t\t<\/section>\n\t\t\t\t<section class=\"elementor-section elementor-top-section elementor-element elementor-element-fa23051 elementor-section-boxed elementor-section-height-default elementor-section-height-default\" data-id=\"fa23051\" data-element_type=\"section\" data-e-type=\"section\">\n\t\t\t\t\t\t<div class=\"elementor-container elementor-column-gap-default\">\n\t\t\t\t\t<div class=\"elementor-column elementor-col-50 elementor-top-column elementor-element elementor-element-e8201d1\" data-id=\"e8201d1\" data-element_type=\"column\" data-e-type=\"column\">\n\t\t\t<div class=\"elementor-widget-wrap elementor-element-populated\">\n\t\t\t\t\t\t<div class=\"elementor-element elementor-element-d60f04f elementor-cta--skin-classic elementor-animated-content elementor-bg-transform elementor-bg-transform-zoom-in elementor-widget elementor-widget-call-to-action\" data-id=\"d60f04f\" data-element_type=\"widget\" data-e-type=\"widget\" data-widget_type=\"call-to-action.default\">\n\t\t\t\t<div class=\"elementor-widget-container\">\n\t\t\t\t\t\t\t<div class=\"elementor-cta\">\n\t\t\t\t\t<div class=\"elementor-cta__bg-wrapper\">\n\t\t\t\t<div class=\"elementor-cta__bg elementor-bg\" style=\"background-image: url(https:\/\/www.wayanatapas.com\/wp-content\/uploads\/2024\/08\/Ekran-Resmi-2024-08-18-02.42.31-1024x490.png);\" role=\"img\" aria-label=\"Ekran Resmi 2024-08-18 02.42.31\"><\/div>\n\t\t\t\t<div class=\"elementor-cta__bg-overlay\"><\/div>\n\t\t\t<\/div>\n\t\t\t\t\t\t\t<div class=\"elementor-cta__content\">\n\t\t\t\t\n\t\t\t\t\t\t\t\t\t<h4 class=\"elementor-cta__title elementor-cta__content-item elementor-content-item\">\n\t\t\t\t\t\tWAYANA 101 \u2013 TERROIR AND WINE\u2028\t\t\t\t\t<\/h4>\n\t\t\t\t\n\t\t\t\t\n\t\t\t\t\t\t\t\t\t<div class=\"elementor-cta__button-wrapper elementor-cta__content-item elementor-content-item\">\n\t\t\t\t\t<a class=\"elementor-cta__button elementor-button elementor-size-\">\n\t\t\t\t\t\tBuy Ticket\t\t\t\t\t<\/a>\n\t\t\t\t\t<\/div>\n\t\t\t\t\t\t\t<\/div>\n\t\t\t\t\t\t<\/div>\n\t\t\t\t\t\t<\/div>\n\t\t\t\t<\/div>\n\t\t\t\t\t<\/div>\n\t\t<\/div>\n\t\t\t\t<div class=\"elementor-column elementor-col-50 elementor-top-column elementor-element elementor-element-832c663\" data-id=\"832c663\" data-element_type=\"column\" data-e-type=\"column\">\n\t\t\t<div class=\"elementor-widget-wrap elementor-element-populated\">\n\t\t\t\t\t\t<div class=\"elementor-element elementor-element-7c66d18 elementor-cta--skin-classic elementor-animated-content elementor-bg-transform elementor-bg-transform-zoom-in elementor-widget elementor-widget-call-to-action\" data-id=\"7c66d18\" data-element_type=\"widget\" data-e-type=\"widget\" data-widget_type=\"call-to-action.default\">\n\t\t\t\t<div class=\"elementor-widget-container\">\n\t\t\t\t\t\t\t<div class=\"elementor-cta\">\n\t\t\t\t\t<div class=\"elementor-cta__bg-wrapper\">\n\t\t\t\t<div class=\"elementor-cta__bg elementor-bg\" style=\"background-image: url(https:\/\/www.wayanatapas.com\/wp-content\/uploads\/2024\/08\/Ekran-Resmi-2024-08-18-02.42.31-1024x490.png);\" role=\"img\" aria-label=\"Ekran Resmi 2024-08-18 02.42.31\"><\/div>\n\t\t\t\t<div class=\"elementor-cta__bg-overlay\"><\/div>\n\t\t\t<\/div>\n\t\t\t\t\t\t\t<div class=\"elementor-cta__content\">\n\t\t\t\t\n\t\t\t\t\t\t\t\t\t<h4 class=\"elementor-cta__title elementor-cta__content-item elementor-content-item\">\n\t\t\t\t\t\tWAYANA 102 \u2013 \u015eARAP ST\u0130LLER\u0130 \u2013 \u200b\t\t\t\t\t<\/h4>\n\t\t\t\t\n\t\t\t\t\n\t\t\t\t\t\t\t\t\t<div class=\"elementor-cta__button-wrapper elementor-cta__content-item elementor-content-item\">\n\t\t\t\t\t<a class=\"elementor-cta__button elementor-button elementor-size-\">\n\t\t\t\t\t\tBuy Ticket\t\t\t\t\t<\/a>\n\t\t\t\t\t<\/div>\n\t\t\t\t\t\t\t<\/div>\n\t\t\t\t\t\t<\/div>\n\t\t\t\t\t\t<\/div>\n\t\t\t\t<\/div>\n\t\t\t\t\t<\/div>\n\t\t<\/div>\n\t\t\t\t\t<\/div>\n\t\t<\/section>\n\t\t\t\t<section class=\"elementor-section elementor-top-section elementor-element elementor-element-bc828c8 elementor-section-boxed elementor-section-height-default elementor-section-height-default\" data-id=\"bc828c8\" data-element_type=\"section\" data-e-type=\"section\">\n\t\t\t\t\t\t<div class=\"elementor-container elementor-column-gap-default\">\n\t\t\t\t\t<div class=\"elementor-column elementor-col-100 elementor-top-column elementor-element elementor-element-b5c32bc\" data-id=\"b5c32bc\" data-element_type=\"column\" data-e-type=\"column\">\n\t\t\t<div class=\"elementor-widget-wrap elementor-element-populated\">\n\t\t\t\t\t\t<div class=\"elementor-element elementor-element-72a2f43 elementor-widget elementor-widget-spacer\" data-id=\"72a2f43\" data-element_type=\"widget\" data-e-type=\"widget\" data-widget_type=\"spacer.default\">\n\t\t\t\t<div class=\"elementor-widget-container\">\n\t\t\t\t\t\t\t<div class=\"elementor-spacer\">\n\t\t\t<div class=\"elementor-spacer-inner\"><\/div>\n\t\t<\/div>\n\t\t\t\t\t\t<\/div>\n\t\t\t\t<\/div>\n\t\t\t\t\t<\/div>\n\t\t<\/div>\n\t\t\t\t\t<\/div>\n\t\t<\/section>\n\t\t\t\t<\/div>","protected":false},"excerpt":{"rendered":"<p>2 0 2 4 &#8211; 2 0 2 5 WAYANA 100 Serisi \u00a0 \u2018\u015earab\u0131n Esaslar\u0131\u2019 ba\u015fl\u0131\u011f\u0131 alt\u0131nda yer alan WAYANA 100 serisi etkinli\u011fi, iki b\u00f6l\u00fcmden olu\u015fur. WAYANA 101 ve WAYANA 102 birbirini tamamlayacak i\u00e7erikler olarak haz\u0131rlanm\u0131\u015ft\u0131r. \u0130ki etkinlik ayr\u0131 i\u00e7eriklere sahiptir. Dileyen \u015farap merakl\u0131lar\u0131 herhangi birisini de se\u00e7ebilir. \u00a0 WAYANA 101 \u2013 TERUVAR ve \u015eARAP\u2013&#8230;<\/p>","protected":false},"author":1,"featured_media":0,"parent":0,"menu_order":0,"comment_status":"closed","ping_status":"closed","template":"","meta":{"footnotes":""},"class_list":["post-989978","page","type-page","status-publish","hentry"],"yoast_head":"<!-- This site is optimized with the Yoast SEO Premium plugin v15.5 - https:\/\/yoast.com\/wordpress\/plugins\/seo\/ -->\n<title>2024 - 2025 - Wayana Wine Bar<\/title>\n<meta name=\"robots\" content=\"index, follow, max-snippet:-1, max-image-preview:large, max-video-preview:-1\" \/>\n<link rel=\"canonical\" href=\"https:\/\/www.wayanatapas.com\/en\/sarap-tadimi-2\/\" \/>\n<meta property=\"og:locale\" content=\"en_US\" \/>\n<meta property=\"og:type\" content=\"article\" \/>\n<meta property=\"og:title\" content=\"2024 - 2025 - Wayana Wine Bar\" \/>\n<meta property=\"og:description\" content=\"2 0 2 4 &#8211; 2 0 2 5 WAYANA 100 Serisi \u00a0 \u2018\u015earab\u0131n Esaslar\u0131\u2019 ba\u015fl\u0131\u011f\u0131 alt\u0131nda yer alan WAYANA 100 serisi etkinli\u011fi, iki b\u00f6l\u00fcmden olu\u015fur. WAYANA 101 ve WAYANA 102 birbirini tamamlayacak i\u00e7erikler olarak haz\u0131rlanm\u0131\u015ft\u0131r. \u0130ki etkinlik ayr\u0131 i\u00e7eriklere sahiptir. Dileyen \u015farap merakl\u0131lar\u0131 herhangi birisini de se\u00e7ebilir. \u00a0 WAYANA 101 \u2013 TERUVAR ve \u015eARAP\u2013...\" \/>\n<meta property=\"og:url\" content=\"https:\/\/www.wayanatapas.com\/en\/sarap-tadimi-2\/\" \/>\n<meta property=\"og:site_name\" content=\"Wayana Wine Bar\" \/>\n<meta property=\"article:modified_time\" content=\"2024-08-17T23:44:53+00:00\" \/>\n<meta name=\"twitter:card\" content=\"summary_large_image\" \/>\n<meta name=\"twitter:label1\" content=\"Est. reading time\">\n\t<meta name=\"twitter:data1\" content=\"2 minutes\">\n<script type=\"application\/ld+json\" class=\"yoast-schema-graph\">{\"@context\":\"https:\/\/schema.org\",\"@graph\":[{\"@type\":\"WebSite\",\"@id\":\"https:\/\/www.wayanatapas.com\/en\/#website\",\"url\":\"https:\/\/www.wayanatapas.com\/en\/\",\"name\":\"Wayana Wine Bar\",\"description\":\"Wayana Tapas\",\"potentialAction\":[{\"@type\":\"SearchAction\",\"target\":\"https:\/\/www.wayanatapas.com\/en\/?s={search_term_string}\",\"query-input\":\"required name=search_term_string\"}],\"inLanguage\":\"en-US\"},{\"@type\":\"WebPage\",\"@id\":\"https:\/\/www.wayanatapas.com\/en\/sarap-tadimi-2\/#webpage\",\"url\":\"https:\/\/www.wayanatapas.com\/en\/sarap-tadimi-2\/\",\"name\":\"2024 - 2025 - Wayana Wine Bar\",\"isPartOf\":{\"@id\":\"https:\/\/www.wayanatapas.com\/en\/#website\"},\"datePublished\":\"2023-03-02T08:33:31+00:00\",\"dateModified\":\"2024-08-17T23:44:53+00:00\",\"breadcrumb\":{\"@id\":\"https:\/\/www.wayanatapas.com\/en\/sarap-tadimi-2\/#breadcrumb\"},\"inLanguage\":\"en-US\",\"potentialAction\":[{\"@type\":\"ReadAction\",\"target\":[\"https:\/\/www.wayanatapas.com\/en\/sarap-tadimi-2\/\"]}]},{\"@type\":\"BreadcrumbList\",\"@id\":\"https:\/\/www.wayanatapas.com\/en\/sarap-tadimi-2\/#breadcrumb\",\"itemListElement\":[{\"@type\":\"ListItem\",\"position\":1,\"item\":{\"@type\":\"WebPage\",\"@id\":\"https:\/\/www.wayanatapas.com\/en\/\",\"url\":\"https:\/\/www.wayanatapas.com\/en\/\",\"name\":\"Anasayfa\"}},{\"@type\":\"ListItem\",\"position\":2,\"item\":{\"@type\":\"WebPage\",\"@id\":\"https:\/\/www.wayanatapas.com\/en\/sarap-tadimi-2\/\",\"url\":\"https:\/\/www.wayanatapas.com\/en\/sarap-tadimi-2\/\",\"name\":\"2024 &#8211; 2025\"}}]}]}<\/script>\n<!-- \/ Yoast SEO Premium plugin. -->","_links":{"self":[{"href":"https:\/\/www.wayanatapas.com\/en\/wp-json\/wp\/v2\/pages\/989978","targetHints":{"allow":["GET"]}}],"collection":[{"href":"https:\/\/www.wayanatapas.com\/en\/wp-json\/wp\/v2\/pages"}],"about":[{"href":"https:\/\/www.wayanatapas.com\/en\/wp-json\/wp\/v2\/types\/page"}],"author":[{"embeddable":true,"href":"https:\/\/www.wayanatapas.com\/en\/wp-json\/wp\/v2\/users\/1"}],"replies":[{"embeddable":true,"href":"https:\/\/www.wayanatapas.com\/en\/wp-json\/wp\/v2\/comments?post=989978"}],"version-history":[{"count":0,"href":"https:\/\/www.wayanatapas.com\/en\/wp-json\/wp\/v2\/pages\/989978\/revisions"}],"wp:attachment":[{"href":"https:\/\/www.wayanatapas.com\/en\/wp-json\/wp\/v2\/media?parent=989978"}],"curies":[{"name":"wp","href":"https:\/\/api.w.org\/{rel}","templated":true}]}}