{"id":991180,"date":"2024-08-18T02:37:26","date_gmt":"2024-08-17T23:37:26","guid":{"rendered":"https:\/\/www.wayanatapas.com\/?page_id=991180"},"modified":"2024-08-18T02:37:27","modified_gmt":"2024-08-17T23:37:27","slug":"sarap-tadimi","status":"publish","type":"page","link":"https:\/\/www.wayanatapas.com\/en\/sarap-tadimi\/","title":{"rendered":"Wine Tasting"},"content":{"rendered":"<div class=\"vgblk-rw-wrapper limit-wrapper\">\n<h1 class=\"translation-block\"><span class=\"vamtam-word\">\t\t\t\t\t\t\t\t\t\t\t\t\t\t\t<span class=\"vamtam-letter blurred\" data-delay=\"0.17\">W<\/span>\n\t\t\t\t\t\t\t\t\t\t\t\t\t\t\t\t\t\t\t\t\t\t\t\t\t\t\t\t\t\t\t\t\t\t\t<span class=\"vamtam-letter\">i<\/span>\n\t\t\t\t\t\t\t\t\t\t\t\t\t\t\t\t\t\t\t\t\t\t\t\t\t\t\t\t\t\t\t\t\t\t\t<span class=\"vamtam-letter\">n<\/span>\n\t\t\t\t\t\t\t\t\t\t\t\t\t\t\t\t\t\t\t\t\t\t\t\t\t\t\t\t\t\t\t\t\t\t\t<span class=\"vamtam-letter\">e<\/span>\n\t\t\t\t\t\t\t\t\t\t\t\t\t\t\t\t\t\t\t\t\t\t\t\t\t\t\t\t\t\t\t\t\t\t\t\n\t\t\t\t\t\t\t\t\t\t\t\t\t\t\t\t\t\t\t\t<\/span> \t\t\t\t\t\t\t<span class=\"vamtam-word\">\t\t\t\t\t\t\t\t\t\t\t\t\t\t\t<span class=\"vamtam-letter\">T<\/span>\n\t\t\t\t\t\t\t\t\t\t\t\t\t\t\t\t\t\t\t\t\t\t\t\t\t\t\t\t\t\t\t\t\t\t\t<span class=\"vamtam-letter\">a<\/span>\n\t\t\t\t\t\t\t\t\t\t\t\t\t\t\t\t\t\t\t\t\t\t\t\t\t\t\t\t\t\t\t\t\t\t\t<span class=\"vamtam-letter\">s<\/span>\n\t\t\t\t\t\t\t\t\t\t\t\t\t\t\t\t\t\t\t\t\t\t\t\t\t\t\t\t\t\t\t\t\t\t\t<span class=\"vamtam-letter\">t<\/span>\n\t\t\t\t\t\t\t\t\t\t\t\t\t\t\t\t\t\t\t\t\t\t\t\t\t\t\t\t\t\t\t\t\t\t\t<span class=\"vamtam-letter\">i<\/span>\n\n<span class=\"vamtam-letter\">n<\/span>\n\n<span class=\"vamtam-letter\">g<\/span>\n\n<\/span> \t\t\t\t\t\t\t<span class=\"vamtam-word\">\t\t\t\t\t\t\t\t\t\t\t\t\t\t\t<span class=\"vamtam-letter\">i<\/span>\n\t\t\t\t\t\t\t\t\t\t\t\t\t\t\t\t\t\t\t\t\t\t\t\t\t\t\t\t\t\t\t\t\t\t\t<span class=\"vamtam-letter\">n<\/span>\n\t\t\t\t\t\t\t\t\t\t\t\t\t\t\t\t\t\t\t\t<\/span> \t\t\t\t\t\t\t<span class=\"vamtam-word\">\t\t\t\t\t\t\t\t\t\t\t\t\t\t\t<span class=\"vamtam-letter\">W<\/span>\n\t\t\t\t\t\t\t\t\t\t\t\t\t\t\t\t\t\t\t\t\t\t\t\t\t\t\t\t\t\t\t\t\t\t\t<span class=\"vamtam-letter\">a<\/span>\n\t\t\t\t\t\t\t\t\t\t\t\t\t\t\t\t\t\t\t\t\t\t\t\t\t\t\t\t\t\t\t\t\t\t\t<span class=\"vamtam-letter\">y<\/span>\n\t\t\t\t\t\t\t\t\t\t\t\t\t\t\t\t\t\t\t\t\t\t\t\t\t\t\t\t\t\t\t\t\t\t\t<span class=\"vamtam-letter\">a<\/span>\n\t\t\t\t\t\t\t\t\t\t\t\t\t\t\t\t\t\t\t\t\t\t\t\t\t\t\t\t\t\t\t\t\t\t\t<span class=\"vamtam-letter\">n<\/span>\n\t\t\t\t\t\t\t\t\t\t\t\t\t\t\t\t\t\t\t\t\t\t\t\t\t\t\t\t\t\t\t\t\t\t\t<span class=\"vamtam-letter\">a<\/span>\n\t\t\t\t\t\t\t\t\t\t\t\t\t\t\t\t\t\t\t<\/span><\/h1>\n<p>Right after WAYANA started to serve, we developed different options for wine tasting. You can easily choose the most suitable one among these options in the light of the explanations below.<\/p>\n<p>At WAYANA Wine Tasting we have two choices:\u00a0<\/p>\n<p style=\"padding-left: 40px;\"><strong>1 \u2013 WINE TASTINGS ORGANIZED BY WAYANA<\/strong><\/p>\n<p style=\"padding-left: 40px;\"><strong style=\"color: var(--vamtam-primary-font-color); letter-spacing: var(--vamtam-primary-font-letter-spacing-desktop,normal); text-transform: var(--vamtam-primary-font-transform,none);\">2 \u2013 WAYANA-SUPPORTED WINE TASTING SOLUTIONS OF WINE PROFESSIONALS<\/strong><\/p>\n<p><strong>1 \u2013 WINE TASTINGS ORGANIZED BY WAYANA<\/strong><\/p>\n<ul>\n<li><strong>WINE TASTING WITH EXPRESSIVE<\/strong><\/li>\n<\/ul>\n<p>These are the events organized by WAYANA twice a month. The events begin with the explanation of the terms used during wine tasting, the wine types and production methods, the use of sense organs in tasting and a quick reminder of the tasting criteria. The wines included in the tasting are handled in terms of grapes, terroir, harvest and producers, and the tasting notes are recorded in the original Tasting Agendas prepared for each stage.<\/p>\n<p>The first series of these events was held in eight stages between October'22 and January'23. In the first tasting series, we took the Turkish Vineyard Routes as a basis and brought together 66 wines and 55 producers, 10 on the Bozcaada Vineyard Route and 8 on the other vineyard routes, with wine lovers.<\/p>\n<p>The second wine tasting event series, which started in February, is titled Endemic Turkish Grapes Wine Tasting. This series was planned as 8 stages. It will be implemented in two phases in February, March, April and May.<\/p>\n<p>These scheduled events are entered with a ticket. Ticket sales are made through Biletno.com, an online event platform.<\/p>\n<ul>\n<li><strong>WINE TASTING WITH TAPAS MATCH<\/strong><\/li>\n<\/ul>\n<p>In this option, 6 wines made from Endemic Turkish grapes are paired with 6 tapas in the WAYANA menu and offered to wine lovers. Selected from among our characteristic endemic grapes, 6 of them meet our guests with the most suitable tapas content for aroma, taste, acidity, body and type. Thus, wine lovers have a general idea about Turkish wines and food harmonies.<\/p>\n<p>The Tapas Pairing Wine Tasting is part of the WAYANA Menu. Reservation is required, no restrictions on the number of people.<\/p>\n<ul>\n<li><strong>WINE TASTING WITH CONTENTS SPECIAL TO THE ATTENDING GROUP<\/strong><\/li>\n<\/ul>\n<p>Apart from WAYANA's standard tastings, it is our tasting option specially prepared for groups. In this option, you can organize tastings with different criteria from the wines in WAYANA's wide wine range. These tastings are based on different producer variations of the specific grape variety (the number of grapes you choose from Cabernet Sauvignon, Syrah, Chardonnay, etc.), vertical tasting of the same wine (Likya Ac\u0131kara yields from 2014 to 2021, etc.), or according to a producer's wine range (Chamlija brand). 8 wines, Pamukkale Anfora series, etc.). Pricing of these tastings is calculated according to the number of participants and the product. It must be prepaid.<\/p>\n<ul>\n<li><strong>WINE TASTING NO EXPRESSION<\/strong><\/li>\n<\/ul>\n<p>Regional wine tastings prepared in the light of WAYANA's previous events are another option for wine lovers. Sets of 6 wines are an enjoyable wine journey that our guests take at their own pace.<\/p>\n<p>We do not include these tastings on the WAYANA Menu. We host interested groups by reservation, there is no restriction on the number of people.<\/p>\n<p><strong>2 \u2013 WAYANA-SUPPORTED WINE TASTING SOLUTIONS OF WINE PROFESSIONALS<\/strong><\/p>\n<p>It is designed for professional guides and sommeliers to use the WAYANA infrastructure for wine tasting events organized for their groups. The supply and services of the products included in the tasting are priced according to the number of participants. A special contract is prepared according to the content and number of participants of each event. It must be prepaid.<\/p>\n<\/div>\n<p><!-- .vgblk-rw-wrapper --><\/p>","protected":false},"excerpt":{"rendered":"<p>W a y a n a &#039; d a \u015e a r a p T a d \u0131 m \u0131 WAYANA\u2019n\u0131n hizmet vermeye ba\u015flamas\u0131n\u0131n hemen ard\u0131ndan \u015farap tad\u0131m\u0131na y\u00f6nelik farkl\u0131 se\u00e7enekler geli\u015ftirdik. Bu se\u00e7enekler aras\u0131ndan size en uygun olan\u0131 a\u015fa\u011f\u0131daki a\u00e7\u0131klamalar \u0131\u015f\u0131\u011f\u0131nda kolayca se\u00e7ebilirsiniz. WAYANA \u015earap Tad\u0131m\u0131nda iki ana ba\u015fl\u0131\u011f\u0131m\u0131z var:\u00a0 1 &#8211; WAYANA TARAFINDAN&#8230;<\/p>","protected":false},"author":2,"featured_media":0,"parent":0,"menu_order":0,"comment_status":"closed","ping_status":"closed","template":"","meta":{"footnotes":""},"class_list":["post-991180","page","type-page","status-publish","hentry"],"yoast_head":"<!-- This site is optimized with the Yoast SEO Premium plugin v15.5 - https:\/\/yoast.com\/wordpress\/plugins\/seo\/ -->\n<title>\u015earap Tad\u0131m\u0131 - Wayana Wine Bar<\/title>\n<meta name=\"robots\" content=\"index, follow, max-snippet:-1, max-image-preview:large, max-video-preview:-1\" \/>\n<link rel=\"canonical\" href=\"https:\/\/www.wayanatapas.com\/en\/sarap-tadimi\/\" \/>\n<meta property=\"og:locale\" content=\"en_US\" \/>\n<meta property=\"og:type\" content=\"article\" \/>\n<meta property=\"og:title\" content=\"\u015earap Tad\u0131m\u0131 - Wayana Wine Bar\" \/>\n<meta property=\"og:description\" content=\"W a y a n a &#039; d a \u015e a r a p T a d \u0131 m \u0131 WAYANA\u2019n\u0131n hizmet vermeye ba\u015flamas\u0131n\u0131n hemen ard\u0131ndan \u015farap tad\u0131m\u0131na y\u00f6nelik farkl\u0131 se\u00e7enekler geli\u015ftirdik. Bu se\u00e7enekler aras\u0131ndan size en uygun olan\u0131 a\u015fa\u011f\u0131daki a\u00e7\u0131klamalar \u0131\u015f\u0131\u011f\u0131nda kolayca se\u00e7ebilirsiniz. WAYANA \u015earap Tad\u0131m\u0131nda iki ana ba\u015fl\u0131\u011f\u0131m\u0131z var:\u00a0 1 &#8211; WAYANA TARAFINDAN...\" \/>\n<meta property=\"og:url\" content=\"https:\/\/www.wayanatapas.com\/en\/sarap-tadimi\/\" \/>\n<meta property=\"og:site_name\" content=\"Wayana Wine Bar\" \/>\n<meta property=\"article:modified_time\" content=\"2024-08-17T23:37:27+00:00\" \/>\n<meta name=\"twitter:card\" content=\"summary_large_image\" \/>\n<meta name=\"twitter:label1\" content=\"Est. reading time\">\n\t<meta name=\"twitter:data1\" content=\"3 minutes\">\n<script type=\"application\/ld+json\" class=\"yoast-schema-graph\">{\"@context\":\"https:\/\/schema.org\",\"@graph\":[{\"@type\":\"WebSite\",\"@id\":\"https:\/\/www.wayanatapas.com\/en\/#website\",\"url\":\"https:\/\/www.wayanatapas.com\/en\/\",\"name\":\"Wayana Wine Bar\",\"description\":\"Wayana Tapas\",\"potentialAction\":[{\"@type\":\"SearchAction\",\"target\":\"https:\/\/www.wayanatapas.com\/en\/?s={search_term_string}\",\"query-input\":\"required name=search_term_string\"}],\"inLanguage\":\"en-US\"},{\"@type\":\"WebPage\",\"@id\":\"https:\/\/www.wayanatapas.com\/en\/sarap-tadimi\/#webpage\",\"url\":\"https:\/\/www.wayanatapas.com\/en\/sarap-tadimi\/\",\"name\":\"\\u015earap Tad\\u0131m\\u0131 - Wayana Wine Bar\",\"isPartOf\":{\"@id\":\"https:\/\/www.wayanatapas.com\/en\/#website\"},\"datePublished\":\"2024-08-17T23:37:26+00:00\",\"dateModified\":\"2024-08-17T23:37:27+00:00\",\"breadcrumb\":{\"@id\":\"https:\/\/www.wayanatapas.com\/en\/sarap-tadimi\/#breadcrumb\"},\"inLanguage\":\"en-US\",\"potentialAction\":[{\"@type\":\"ReadAction\",\"target\":[\"https:\/\/www.wayanatapas.com\/en\/sarap-tadimi\/\"]}]},{\"@type\":\"BreadcrumbList\",\"@id\":\"https:\/\/www.wayanatapas.com\/en\/sarap-tadimi\/#breadcrumb\",\"itemListElement\":[{\"@type\":\"ListItem\",\"position\":1,\"item\":{\"@type\":\"WebPage\",\"@id\":\"https:\/\/www.wayanatapas.com\/en\/\",\"url\":\"https:\/\/www.wayanatapas.com\/en\/\",\"name\":\"Anasayfa\"}},{\"@type\":\"ListItem\",\"position\":2,\"item\":{\"@type\":\"WebPage\",\"@id\":\"https:\/\/www.wayanatapas.com\/en\/sarap-tadimi\/\",\"url\":\"https:\/\/www.wayanatapas.com\/en\/sarap-tadimi\/\",\"name\":\"\\u015earap Tad\\u0131m\\u0131\"}}]}]}<\/script>\n<!-- \/ Yoast SEO Premium plugin. -->","_links":{"self":[{"href":"https:\/\/www.wayanatapas.com\/en\/wp-json\/wp\/v2\/pages\/991180","targetHints":{"allow":["GET"]}}],"collection":[{"href":"https:\/\/www.wayanatapas.com\/en\/wp-json\/wp\/v2\/pages"}],"about":[{"href":"https:\/\/www.wayanatapas.com\/en\/wp-json\/wp\/v2\/types\/page"}],"author":[{"embeddable":true,"href":"https:\/\/www.wayanatapas.com\/en\/wp-json\/wp\/v2\/users\/2"}],"replies":[{"embeddable":true,"href":"https:\/\/www.wayanatapas.com\/en\/wp-json\/wp\/v2\/comments?post=991180"}],"version-history":[{"count":0,"href":"https:\/\/www.wayanatapas.com\/en\/wp-json\/wp\/v2\/pages\/991180\/revisions"}],"wp:attachment":[{"href":"https:\/\/www.wayanatapas.com\/en\/wp-json\/wp\/v2\/media?parent=991180"}],"curies":[{"name":"wp","href":"https:\/\/api.w.org\/{rel}","templated":true}]}}