{"id":987706,"date":"2022-08-16T10:31:19","date_gmt":"2022-08-16T07:31:19","guid":{"rendered":"https:\/\/www.wayanatapas.com\/?post_type=product&#038;p=987706"},"modified":"2022-09-09T13:27:36","modified_gmt":"2022-09-09T10:27:36","slug":"gurra","status":"publish","type":"product","link":"https:\/\/www.wayanatapas.com\/en\/product\/gurra\/","title":{"rendered":"Gurra"},"content":{"rendered":"<div data-elementor-type=\"product-post\" data-elementor-id=\"987706\" class=\"elementor elementor-987706\" data-elementor-post-type=\"product\">\n\t\t\t\t\t\t<section class=\"elementor-section elementor-top-section elementor-element elementor-element-291ac02 elementor-section-boxed elementor-section-height-default elementor-section-height-default\" data-id=\"291ac02\" data-element_type=\"section\" data-e-type=\"section\">\n\t\t\t\t\t\t\t<div class=\"elementor-background-overlay\"><\/div>\n\t\t\t\t\t\t\t<div class=\"elementor-container elementor-column-gap-default\">\n\t\t\t\t\t<div class=\"elementor-column elementor-col-100 elementor-top-column elementor-element elementor-element-b960f3f\" data-id=\"b960f3f\" data-element_type=\"column\" data-e-type=\"column\" data-settings=\"{&quot;background_background&quot;:&quot;classic&quot;}\">\n\t\t\t<div class=\"elementor-widget-wrap elementor-element-populated\">\n\t\t\t\t\t\t<div class=\"elementor-element elementor-element-7ab791d elementor-widget elementor-widget-text-editor\" data-id=\"7ab791d\" data-element_type=\"widget\" data-e-type=\"widget\" data-widget_type=\"text-editor.default\">\n\t\t\t\t<div class=\"elementor-widget-container\">\n\t\t\t\t\t\t\t\t\t<p>Jumbo shrimps are grilled, spiced ,and served on a slice of bread with oyster sauce.<\/p><p>\u00a0<\/p><p><strong>Ingredients:<\/strong><\/p><p>Jumbo shrimps, oyster sauce, virgin olive oil, spices, sorrel leaves.<\/p><p>\u00a0<\/p><p><strong>Wine Pairing:<\/strong><\/p><p>Pairs very well with ros\u00e9 wines and light-bodied Kalecik Karasi and Pinot Noir.<\/p><p>\u00a0<\/p><p><strong>What Does GURRA Mean?<\/strong><\/p><p>In creating the names of our tapas, we were inspired by the archaic Hittite language.Gur ra\u201d means big in Hittite language so referring to the Jumbo shrimps, we named the tapas as GURRA.<\/p>\t\t\t\t\t\t\t\t<\/div>\n\t\t\t\t<\/div>\n\t\t\t\t<section class=\"elementor-section elementor-inner-section elementor-element elementor-element-331d5f0 elementor-section-boxed elementor-section-height-default elementor-section-height-default\" data-id=\"331d5f0\" data-element_type=\"section\" data-e-type=\"section\">\n\t\t\t\t\t\t<div class=\"elementor-container elementor-column-gap-default\">\n\t\t\t\t\t<div class=\"elementor-column elementor-col-100 elementor-inner-column elementor-element elementor-element-bf06f9c\" data-id=\"bf06f9c\" data-element_type=\"column\" data-e-type=\"column\">\n\t\t\t<div class=\"elementor-widget-wrap\">\n\t\t\t\t\t\t\t<\/div>\n\t\t<\/div>\n\t\t\t\t\t<\/div>\n\t\t<\/section>\n\t\t\t\t\t<\/div>\n\t\t<\/div>\n\t\t\t\t\t<\/div>\n\t\t<\/section>\n\t\t\t\t<\/div>","protected":false},"excerpt":{"rendered":"<p>Jumbo karidesleri s\u0131zma zeytinya\u011f\u0131nda baharatlayarak pi\u015firiyor, istiridye sosu s\u00fcr\u00fclm\u00fc\u015f ekmek dilimi \u00fczerinde servis ediyoruz. \u00a0 \u0130\u00e7erik Bilgisi: Jumbo karides, istiridye sosu, s\u0131zma zeytinya\u011f\u0131, baharatlar, kuzukula\u011f\u0131 \u00a0 Hangi \u015earaplarla \u0130yi Gider? Gurra, roze \u015faraplarla ve Kalecik Karas\u0131, Pinot Noir gibi hafif k\u0131rm\u0131z\u0131 \u015faraplarla iyi gider. \u00a0 GURRA Ne Demek? WAYANA men\u00fcs\u00fcndeki tapas adlar\u0131n\u0131 antik Anadolu dillerinden&#8230;<\/p>","protected":false},"featured_media":988975,"template":"","meta":[],"product_brand":[],"product_cat":[52],"product_tag":[58],"class_list":{"0":"post-987706","1":"product","2":"type-product","3":"status-publish","4":"has-post-thumbnail","6":"product_cat-etli-deniz-urunlu-tapas","7":"product_tag-deniz-urunlu","9":"first","10":"instock","11":"shipping-taxable","12":"product-type-simple"},"yoast_head":"<!-- This site is optimized with the Yoast SEO Premium plugin v15.5 - https:\/\/yoast.com\/wordpress\/plugins\/seo\/ -->\n<title>Gurra - Wayana Wine Bar<\/title>\n<meta name=\"robots\" content=\"index, follow, max-snippet:-1, max-image-preview:large, max-video-preview:-1\" \/>\n<link rel=\"canonical\" href=\"https:\/\/www.wayanatapas.com\/en\/product\/gurra\/\" \/>\n<meta property=\"og:locale\" content=\"en_US\" \/>\n<meta property=\"og:type\" content=\"article\" \/>\n<meta property=\"og:title\" content=\"Gurra - Wayana Wine Bar\" \/>\n<meta property=\"og:description\" content=\"Jumbo karidesleri s\u0131zma zeytinya\u011f\u0131nda baharatlayarak pi\u015firiyor, istiridye sosu s\u00fcr\u00fclm\u00fc\u015f ekmek dilimi \u00fczerinde servis ediyoruz. \u00a0 \u0130\u00e7erik Bilgisi: Jumbo karides, istiridye sosu, s\u0131zma zeytinya\u011f\u0131, baharatlar, kuzukula\u011f\u0131 \u00a0 Hangi \u015earaplarla \u0130yi Gider? Gurra, roze \u015faraplarla ve Kalecik Karas\u0131, Pinot Noir gibi hafif k\u0131rm\u0131z\u0131 \u015faraplarla iyi gider. \u00a0 GURRA Ne Demek? WAYANA men\u00fcs\u00fcndeki tapas adlar\u0131n\u0131 antik Anadolu dillerinden...\" \/>\n<meta property=\"og:url\" content=\"https:\/\/www.wayanatapas.com\/en\/product\/gurra\/\" \/>\n<meta property=\"og:site_name\" content=\"Wayana Wine Bar\" \/>\n<meta property=\"article:modified_time\" content=\"2022-09-09T10:27:36+00:00\" \/>\n<meta property=\"og:image\" content=\"https:\/\/www.wayanatapas.com\/wp-content\/uploads\/2022\/08\/GURRA-copy.jpg\" \/>\n\t<meta property=\"og:image:width\" content=\"968\" \/>\n\t<meta property=\"og:image:height\" content=\"1314\" \/>\n<meta name=\"twitter:card\" content=\"summary_large_image\" \/>\n<meta name=\"twitter:label1\" content=\"Est. reading time\">\n\t<meta name=\"twitter:data1\" content=\"0 minutes\">\n<script type=\"application\/ld+json\" class=\"yoast-schema-graph\">{\"@context\":\"https:\/\/schema.org\",\"@graph\":[{\"@type\":\"WebSite\",\"@id\":\"https:\/\/www.wayanatapas.com\/en\/#website\",\"url\":\"https:\/\/www.wayanatapas.com\/en\/\",\"name\":\"Wayana Wine Bar\",\"description\":\"Wayana Tapas\",\"potentialAction\":[{\"@type\":\"SearchAction\",\"target\":\"https:\/\/www.wayanatapas.com\/en\/?s={search_term_string}\",\"query-input\":\"required name=search_term_string\"}],\"inLanguage\":\"en-US\"},{\"@type\":\"ImageObject\",\"@id\":\"https:\/\/www.wayanatapas.com\/en\/product\/gurra\/#primaryimage\",\"inLanguage\":\"en-US\",\"url\":\"https:\/\/www.wayanatapas.com\/wp-content\/uploads\/2022\/08\/GURRA-copy.jpg\",\"width\":968,\"height\":1314},{\"@type\":\"WebPage\",\"@id\":\"https:\/\/www.wayanatapas.com\/en\/product\/gurra\/#webpage\",\"url\":\"https:\/\/www.wayanatapas.com\/en\/product\/gurra\/\",\"name\":\"Gurra - Wayana Wine Bar\",\"isPartOf\":{\"@id\":\"https:\/\/www.wayanatapas.com\/en\/#website\"},\"primaryImageOfPage\":{\"@id\":\"https:\/\/www.wayanatapas.com\/en\/product\/gurra\/#primaryimage\"},\"datePublished\":\"2022-08-16T07:31:19+00:00\",\"dateModified\":\"2022-09-09T10:27:36+00:00\",\"breadcrumb\":{\"@id\":\"https:\/\/www.wayanatapas.com\/en\/product\/gurra\/#breadcrumb\"},\"inLanguage\":\"en-US\",\"potentialAction\":[{\"@type\":\"ReadAction\",\"target\":[\"https:\/\/www.wayanatapas.com\/en\/product\/gurra\/\"]}]},{\"@type\":\"BreadcrumbList\",\"@id\":\"https:\/\/www.wayanatapas.com\/en\/product\/gurra\/#breadcrumb\",\"itemListElement\":[{\"@type\":\"ListItem\",\"position\":1,\"item\":{\"@type\":\"WebPage\",\"@id\":\"https:\/\/www.wayanatapas.com\/en\/\",\"url\":\"https:\/\/www.wayanatapas.com\/en\/\",\"name\":\"Anasayfa\"}},{\"@type\":\"ListItem\",\"position\":2,\"item\":{\"@type\":\"WebPage\",\"@id\":\"https:\/\/www.wayanatapas.com\/en\/magaza\/\",\"url\":\"https:\/\/www.wayanatapas.com\/en\/magaza\/\",\"name\":\"Ma\\u011faza\"}},{\"@type\":\"ListItem\",\"position\":3,\"item\":{\"@type\":\"WebPage\",\"@id\":\"https:\/\/www.wayanatapas.com\/en\/product\/gurra\/\",\"url\":\"https:\/\/www.wayanatapas.com\/en\/product\/gurra\/\",\"name\":\"Gurra\"}}]}]}<\/script>\n<!-- \/ Yoast SEO Premium plugin. -->","_links":{"self":[{"href":"https:\/\/www.wayanatapas.com\/en\/wp-json\/wp\/v2\/product\/987706","targetHints":{"allow":["GET"]}}],"collection":[{"href":"https:\/\/www.wayanatapas.com\/en\/wp-json\/wp\/v2\/product"}],"about":[{"href":"https:\/\/www.wayanatapas.com\/en\/wp-json\/wp\/v2\/types\/product"}],"version-history":[{"count":0,"href":"https:\/\/www.wayanatapas.com\/en\/wp-json\/wp\/v2\/product\/987706\/revisions"}],"wp:featuredmedia":[{"embeddable":true,"href":"https:\/\/www.wayanatapas.com\/en\/wp-json\/wp\/v2\/media\/988975"}],"wp:attachment":[{"href":"https:\/\/www.wayanatapas.com\/en\/wp-json\/wp\/v2\/media?parent=987706"}],"wp:term":[{"taxonomy":"product_brand","embeddable":true,"href":"https:\/\/www.wayanatapas.com\/en\/wp-json\/wp\/v2\/product_brand?post=987706"},{"taxonomy":"product_cat","embeddable":true,"href":"https:\/\/www.wayanatapas.com\/en\/wp-json\/wp\/v2\/product_cat?post=987706"},{"taxonomy":"product_tag","embeddable":true,"href":"https:\/\/www.wayanatapas.com\/en\/wp-json\/wp\/v2\/product_tag?post=987706"}],"curies":[{"name":"wp","href":"https:\/\/api.w.org\/{rel}","templated":true}]}}