{"id":987752,"date":"2022-08-16T12:48:05","date_gmt":"2022-08-16T09:48:05","guid":{"rendered":"https:\/\/www.wayanatapas.com\/?post_type=product&#038;p=987752"},"modified":"2022-09-09T13:05:59","modified_gmt":"2022-09-09T10:05:59","slug":"ambassi-parhu","status":"publish","type":"product","link":"https:\/\/www.wayanatapas.com\/en\/product\/ambassi-parhu\/","title":{"rendered":"Ambassi Parhu"},"content":{"rendered":"<div data-elementor-type=\"product-post\" data-elementor-id=\"987752\" class=\"elementor elementor-987752\" data-elementor-post-type=\"product\">\n\t\t\t\t\t\t<section class=\"elementor-section elementor-top-section elementor-element elementor-element-291ac02 elementor-section-boxed elementor-section-height-default elementor-section-height-default\" data-id=\"291ac02\" data-element_type=\"section\" data-e-type=\"section\">\n\t\t\t\t\t\t\t<div class=\"elementor-background-overlay\"><\/div>\n\t\t\t\t\t\t\t<div class=\"elementor-container elementor-column-gap-default\">\n\t\t\t\t\t<div class=\"elementor-column elementor-col-100 elementor-top-column elementor-element elementor-element-b960f3f\" data-id=\"b960f3f\" data-element_type=\"column\" data-e-type=\"column\" data-settings=\"{&quot;background_background&quot;:&quot;classic&quot;}\">\n\t\t\t<div class=\"elementor-widget-wrap elementor-element-populated\">\n\t\t\t\t\t\t<div class=\"elementor-element elementor-element-7ab791d elementor-widget elementor-widget-text-editor\" data-id=\"7ab791d\" data-element_type=\"widget\" data-e-type=\"widget\" data-widget_type=\"text-editor.default\">\n\t\t\t\t<div class=\"elementor-widget-container\">\n\t\t\t\t\t\t\t\t\t<p>A Meso-American fruit, avocado, is the base sauce of Ambasi Parhu. Another international produce, smoked salmon is the second ingredient, wrapped around a bouquet of dills, served on a slice of bread.<\/p><p>\u00a0<\/p><p><strong>Ingredients:<\/strong><\/p><p>Avocado, smoked salmon, dill, spices, salt<\/p><p>\u00a0<\/p><p><strong>Wine Pairing:<\/strong><\/p><p>Pairs very well with full-bodied white wines like Chardonnay and Viognier.<\/p><p>\u00a0<\/p><p><strong>What Does AMBASI PARHU Mean?<\/strong><\/p><p>In creating the names of our tapas, we were inspired by the archaic Hittite language. \u201cAmbasi\u201d means smoked, \u201cparhu\u201d means fish in Hittite language and the combination is the name of the tapas.<\/p>\t\t\t\t\t\t\t\t<\/div>\n\t\t\t\t<\/div>\n\t\t\t\t<section class=\"elementor-section elementor-inner-section elementor-element elementor-element-331d5f0 elementor-section-boxed elementor-section-height-default elementor-section-height-default\" data-id=\"331d5f0\" data-element_type=\"section\" data-e-type=\"section\">\n\t\t\t\t\t\t<div class=\"elementor-container elementor-column-gap-default\">\n\t\t\t\t\t<div class=\"elementor-column elementor-col-100 elementor-inner-column elementor-element elementor-element-bf06f9c\" data-id=\"bf06f9c\" data-element_type=\"column\" data-e-type=\"column\">\n\t\t\t<div class=\"elementor-widget-wrap\">\n\t\t\t\t\t\t\t<\/div>\n\t\t<\/div>\n\t\t\t\t\t<\/div>\n\t\t<\/section>\n\t\t\t\t\t<\/div>\n\t\t<\/div>\n\t\t\t\t\t<\/div>\n\t\t<\/section>\n\t\t\t\t<\/div>","protected":false},"excerpt":{"rendered":"<p>Mutfa\u011f\u0131m\u0131za Orta Amerika\u2019dan transfer olarak yeni giren avokadoyla bu tapas\u0131m\u0131z\u0131n sosunu haz\u0131rl\u0131yoruz. Art\u0131k b\u00fct\u00fcn d\u00fcnya mutfaklar\u0131nda g\u00fc\u00e7l\u00fc bir yeri olan Kuzey Avrupa\u2019n\u0131n f\u00fcme somonu da dereotu buketine sar\u0131p sosun \u00fczerine yerle\u015ftiriyor, ekmek dilimi \u00fczerinde servis ediyoruz. \u00a0 \u0130\u00e7erik Bilgisi: Avokado, f\u00fcme somon, dereotu, baharatlar \u00a0 Hangi \u015earaplarla \u0130yi Gider? Ambasi Parhu tam g\u00f6vdeli Chardonnay, Viognier&#8230;<\/p>","protected":false},"featured_media":987753,"template":"","meta":[],"product_brand":[],"product_cat":[52],"product_tag":[58],"class_list":{"0":"post-987752","1":"product","2":"type-product","3":"status-publish","4":"has-post-thumbnail","6":"product_cat-etli-deniz-urunlu-tapas","7":"product_tag-deniz-urunlu","9":"first","10":"instock","11":"shipping-taxable","12":"product-type-simple"},"yoast_head":"<!-- This site is optimized with the Yoast SEO Premium plugin v15.5 - https:\/\/yoast.com\/wordpress\/plugins\/seo\/ -->\n<title>Ambassi Parhu - Wayana Wine Bar<\/title>\n<meta name=\"robots\" content=\"index, follow, max-snippet:-1, max-image-preview:large, max-video-preview:-1\" \/>\n<link rel=\"canonical\" href=\"https:\/\/www.wayanatapas.com\/en\/product\/ambassi-parhu\/\" \/>\n<meta property=\"og:locale\" content=\"en_US\" \/>\n<meta property=\"og:type\" content=\"article\" \/>\n<meta property=\"og:title\" content=\"Ambassi Parhu - Wayana Wine Bar\" \/>\n<meta property=\"og:description\" content=\"Mutfa\u011f\u0131m\u0131za Orta Amerika\u2019dan transfer olarak yeni giren avokadoyla bu tapas\u0131m\u0131z\u0131n sosunu haz\u0131rl\u0131yoruz. Art\u0131k b\u00fct\u00fcn d\u00fcnya mutfaklar\u0131nda g\u00fc\u00e7l\u00fc bir yeri olan Kuzey Avrupa\u2019n\u0131n f\u00fcme somonu da dereotu buketine sar\u0131p sosun \u00fczerine yerle\u015ftiriyor, ekmek dilimi \u00fczerinde servis ediyoruz. \u00a0 \u0130\u00e7erik Bilgisi: Avokado, f\u00fcme somon, dereotu, baharatlar \u00a0 Hangi \u015earaplarla \u0130yi Gider? Ambasi Parhu tam g\u00f6vdeli Chardonnay, Viognier...\" \/>\n<meta property=\"og:url\" content=\"https:\/\/www.wayanatapas.com\/en\/product\/ambassi-parhu\/\" \/>\n<meta property=\"og:site_name\" content=\"Wayana Wine Bar\" \/>\n<meta property=\"article:modified_time\" content=\"2022-09-09T10:05:59+00:00\" \/>\n<meta property=\"og:image\" content=\"https:\/\/www.wayanatapas.com\/wp-content\/uploads\/2022\/08\/AMBASSI\u0307-PARHU-403-copy.jpg\" \/>\n\t<meta property=\"og:image:width\" content=\"968\" \/>\n\t<meta property=\"og:image:height\" content=\"1314\" \/>\n<meta name=\"twitter:card\" content=\"summary_large_image\" \/>\n<meta name=\"twitter:label1\" content=\"Est. reading time\">\n\t<meta name=\"twitter:data1\" content=\"1 minute\">\n<script type=\"application\/ld+json\" class=\"yoast-schema-graph\">{\"@context\":\"https:\/\/schema.org\",\"@graph\":[{\"@type\":\"WebSite\",\"@id\":\"https:\/\/www.wayanatapas.com\/en\/#website\",\"url\":\"https:\/\/www.wayanatapas.com\/en\/\",\"name\":\"Wayana Wine Bar\",\"description\":\"Wayana Tapas\",\"potentialAction\":[{\"@type\":\"SearchAction\",\"target\":\"https:\/\/www.wayanatapas.com\/en\/?s={search_term_string}\",\"query-input\":\"required name=search_term_string\"}],\"inLanguage\":\"en-US\"},{\"@type\":\"ImageObject\",\"@id\":\"https:\/\/www.wayanatapas.com\/en\/product\/ambassi-parhu\/#primaryimage\",\"inLanguage\":\"en-US\",\"url\":\"https:\/\/www.wayanatapas.com\/wp-content\/uploads\/2022\/08\/AMBASSI\\u0307-PARHU-403-copy.jpg\",\"width\":968,\"height\":1314},{\"@type\":\"WebPage\",\"@id\":\"https:\/\/www.wayanatapas.com\/en\/product\/ambassi-parhu\/#webpage\",\"url\":\"https:\/\/www.wayanatapas.com\/en\/product\/ambassi-parhu\/\",\"name\":\"Ambassi Parhu - Wayana Wine Bar\",\"isPartOf\":{\"@id\":\"https:\/\/www.wayanatapas.com\/en\/#website\"},\"primaryImageOfPage\":{\"@id\":\"https:\/\/www.wayanatapas.com\/en\/product\/ambassi-parhu\/#primaryimage\"},\"datePublished\":\"2022-08-16T09:48:05+00:00\",\"dateModified\":\"2022-09-09T10:05:59+00:00\",\"breadcrumb\":{\"@id\":\"https:\/\/www.wayanatapas.com\/en\/product\/ambassi-parhu\/#breadcrumb\"},\"inLanguage\":\"en-US\",\"potentialAction\":[{\"@type\":\"ReadAction\",\"target\":[\"https:\/\/www.wayanatapas.com\/en\/product\/ambassi-parhu\/\"]}]},{\"@type\":\"BreadcrumbList\",\"@id\":\"https:\/\/www.wayanatapas.com\/en\/product\/ambassi-parhu\/#breadcrumb\",\"itemListElement\":[{\"@type\":\"ListItem\",\"position\":1,\"item\":{\"@type\":\"WebPage\",\"@id\":\"https:\/\/www.wayanatapas.com\/en\/\",\"url\":\"https:\/\/www.wayanatapas.com\/en\/\",\"name\":\"Anasayfa\"}},{\"@type\":\"ListItem\",\"position\":2,\"item\":{\"@type\":\"WebPage\",\"@id\":\"https:\/\/www.wayanatapas.com\/en\/magaza\/\",\"url\":\"https:\/\/www.wayanatapas.com\/en\/magaza\/\",\"name\":\"Ma\\u011faza\"}},{\"@type\":\"ListItem\",\"position\":3,\"item\":{\"@type\":\"WebPage\",\"@id\":\"https:\/\/www.wayanatapas.com\/en\/product\/ambassi-parhu\/\",\"url\":\"https:\/\/www.wayanatapas.com\/en\/product\/ambassi-parhu\/\",\"name\":\"Ambassi Parhu\"}}]}]}<\/script>\n<!-- \/ Yoast SEO Premium plugin. -->","_links":{"self":[{"href":"https:\/\/www.wayanatapas.com\/en\/wp-json\/wp\/v2\/product\/987752","targetHints":{"allow":["GET"]}}],"collection":[{"href":"https:\/\/www.wayanatapas.com\/en\/wp-json\/wp\/v2\/product"}],"about":[{"href":"https:\/\/www.wayanatapas.com\/en\/wp-json\/wp\/v2\/types\/product"}],"version-history":[{"count":0,"href":"https:\/\/www.wayanatapas.com\/en\/wp-json\/wp\/v2\/product\/987752\/revisions"}],"wp:featuredmedia":[{"embeddable":true,"href":"https:\/\/www.wayanatapas.com\/en\/wp-json\/wp\/v2\/media\/987753"}],"wp:attachment":[{"href":"https:\/\/www.wayanatapas.com\/en\/wp-json\/wp\/v2\/media?parent=987752"}],"wp:term":[{"taxonomy":"product_brand","embeddable":true,"href":"https:\/\/www.wayanatapas.com\/en\/wp-json\/wp\/v2\/product_brand?post=987752"},{"taxonomy":"product_cat","embeddable":true,"href":"https:\/\/www.wayanatapas.com\/en\/wp-json\/wp\/v2\/product_cat?post=987752"},{"taxonomy":"product_tag","embeddable":true,"href":"https:\/\/www.wayanatapas.com\/en\/wp-json\/wp\/v2\/product_tag?post=987752"}],"curies":[{"name":"wp","href":"https:\/\/api.w.org\/{rel}","templated":true}]}}