{"id":987760,"date":"2022-08-16T12:52:37","date_gmt":"2022-08-16T09:52:37","guid":{"rendered":"https:\/\/www.wayanatapas.com\/?post_type=product&#038;p=987760"},"modified":"2022-09-09T13:58:38","modified_gmt":"2022-09-09T10:58:38","slug":"zuzu","status":"publish","type":"product","link":"https:\/\/www.wayanatapas.com\/en\/product\/zuzu\/","title":{"rendered":"Zuzu"},"content":{"rendered":"<div data-elementor-type=\"product-post\" data-elementor-id=\"987760\" class=\"elementor elementor-987760\" data-elementor-post-type=\"product\">\n\t\t\t\t\t\t<section class=\"elementor-section elementor-top-section elementor-element elementor-element-291ac02 elementor-section-boxed elementor-section-height-default elementor-section-height-default\" data-id=\"291ac02\" data-element_type=\"section\" data-e-type=\"section\">\n\t\t\t\t\t\t\t<div class=\"elementor-background-overlay\"><\/div>\n\t\t\t\t\t\t\t<div class=\"elementor-container elementor-column-gap-default\">\n\t\t\t\t\t<div class=\"elementor-column elementor-col-100 elementor-top-column elementor-element elementor-element-b960f3f\" data-id=\"b960f3f\" data-element_type=\"column\" data-e-type=\"column\" data-settings=\"{&quot;background_background&quot;:&quot;classic&quot;}\">\n\t\t\t<div class=\"elementor-widget-wrap elementor-element-populated\">\n\t\t\t\t\t\t<div class=\"elementor-element elementor-element-7ab791d elementor-widget elementor-widget-text-editor\" data-id=\"7ab791d\" data-element_type=\"widget\" data-e-type=\"widget\" data-widget_type=\"text-editor.default\">\n\t\t\t\t<div class=\"elementor-widget-container\">\n\t\t\t\t\t\t\t\t\t<p>Date, which has a high natural sugar content, is wrapped around by local pastrami slices and placed on goat cheese paste, sprinkled with chopped scallions. Served on a slice of bread.<\/p><p>\u00a0<\/p><p><strong>Ingredients:<\/strong><\/p><p>Medina date, local pastrami, goat cheese, scallions.<\/p><p>\u00a0<\/p><p><strong>Wine Pairing:<\/strong><\/p><p>Light- and Medium-bodied red wine like \u00d6k\u00fczg\u00f6z\u00fc, Merzifon Karasi, Syrah, and Cabernet Franc.<\/p><p>\u00a0<\/p><p><strong>What Does ZUZU Mean?<\/strong><\/p><p>In creating the names of our tapas, we were inspired by the archaic Hittite language. \u201cZulum\u201d means date and \u201cuzu\u201d means dried meat in Hittite language. Hence the name of the tapas: ZUZU.<\/p><p>\u00a0<\/p>\t\t\t\t\t\t\t\t<\/div>\n\t\t\t\t<\/div>\n\t\t\t\t<section class=\"elementor-section elementor-inner-section elementor-element elementor-element-331d5f0 elementor-section-boxed elementor-section-height-default elementor-section-height-default\" data-id=\"331d5f0\" data-element_type=\"section\" data-e-type=\"section\">\n\t\t\t\t\t\t<div class=\"elementor-container elementor-column-gap-default\">\n\t\t\t\t\t<div class=\"elementor-column elementor-col-100 elementor-inner-column elementor-element elementor-element-bf06f9c\" data-id=\"bf06f9c\" data-element_type=\"column\" data-e-type=\"column\">\n\t\t\t<div class=\"elementor-widget-wrap\">\n\t\t\t\t\t\t\t<\/div>\n\t\t<\/div>\n\t\t\t\t\t<\/div>\n\t\t<\/section>\n\t\t\t\t\t<\/div>\n\t\t<\/div>\n\t\t\t\t\t<\/div>\n\t\t<\/section>\n\t\t\t\t<\/div>","protected":false},"excerpt":{"rendered":"<p>Hurma gibi do\u011fal \u015fekeri y\u00fcksek bir kuru meyveyi past\u0131rmaya sar\u0131yoruz, ke\u00e7i b\u00fc\u015f peyniri ile haz\u0131rlad\u0131\u011f\u0131m\u0131z sosu s\u00fcrd\u00fc\u011f\u00fcm\u00fcz dilim ekmek \u00fczerinde servis ediyoruz. \u00a0 \u0130\u00e7erik Bilgisi: Medine hurmas\u0131, past\u0131rma, ke\u00e7i b\u00fc\u015f peyniri, taze so\u011fan \u00a0 Hangi \u015earaplarla \u0130yi Gider? Zuzu orta ve tam g\u00f6vdeli \u00d6k\u00fczg\u00f6z\u00fc, Merzifon Karas\u0131, Syrah, Petit Verdot gibi k\u0131rm\u0131z\u0131 \u015faraplarla iyi gider. \u00a0&#8230;<\/p>","protected":false},"featured_media":987761,"template":"","meta":[],"product_brand":[],"product_cat":[52],"product_tag":[57],"class_list":{"0":"post-987760","1":"product","2":"type-product","3":"status-publish","4":"has-post-thumbnail","6":"product_cat-etli-deniz-urunlu-tapas","7":"product_tag-etli-tavuklu","9":"first","10":"instock","11":"shipping-taxable","12":"product-type-simple"},"yoast_head":"<!-- This site is optimized with the Yoast SEO Premium plugin v15.5 - https:\/\/yoast.com\/wordpress\/plugins\/seo\/ -->\n<title>Zuzu - Wayana Wine Bar<\/title>\n<meta name=\"robots\" content=\"index, follow, max-snippet:-1, max-image-preview:large, max-video-preview:-1\" \/>\n<link rel=\"canonical\" href=\"https:\/\/www.wayanatapas.com\/en\/product\/zuzu\/\" \/>\n<meta property=\"og:locale\" content=\"en_US\" \/>\n<meta property=\"og:type\" content=\"article\" \/>\n<meta property=\"og:title\" content=\"Zuzu - Wayana Wine Bar\" \/>\n<meta property=\"og:description\" content=\"Hurma gibi do\u011fal \u015fekeri y\u00fcksek bir kuru meyveyi past\u0131rmaya sar\u0131yoruz, ke\u00e7i b\u00fc\u015f peyniri ile haz\u0131rlad\u0131\u011f\u0131m\u0131z sosu s\u00fcrd\u00fc\u011f\u00fcm\u00fcz dilim ekmek \u00fczerinde servis ediyoruz. \u00a0 \u0130\u00e7erik Bilgisi: Medine hurmas\u0131, past\u0131rma, ke\u00e7i b\u00fc\u015f peyniri, taze so\u011fan \u00a0 Hangi \u015earaplarla \u0130yi Gider? Zuzu orta ve tam g\u00f6vdeli \u00d6k\u00fczg\u00f6z\u00fc, Merzifon Karas\u0131, Syrah, Petit Verdot gibi k\u0131rm\u0131z\u0131 \u015faraplarla iyi gider. \u00a0...\" \/>\n<meta property=\"og:url\" content=\"https:\/\/www.wayanatapas.com\/en\/product\/zuzu\/\" \/>\n<meta property=\"og:site_name\" content=\"Wayana Wine Bar\" \/>\n<meta property=\"article:modified_time\" content=\"2022-09-09T10:58:38+00:00\" \/>\n<meta property=\"og:image\" content=\"https:\/\/www.wayanatapas.com\/wp-content\/uploads\/2022\/08\/ZUZU-307-copy.jpg\" \/>\n\t<meta property=\"og:image:width\" content=\"968\" \/>\n\t<meta property=\"og:image:height\" content=\"1314\" \/>\n<meta name=\"twitter:card\" content=\"summary_large_image\" \/>\n<meta name=\"twitter:label1\" content=\"Est. reading time\">\n\t<meta name=\"twitter:data1\" content=\"0 minutes\">\n<script type=\"application\/ld+json\" class=\"yoast-schema-graph\">{\"@context\":\"https:\/\/schema.org\",\"@graph\":[{\"@type\":\"WebSite\",\"@id\":\"https:\/\/www.wayanatapas.com\/en\/#website\",\"url\":\"https:\/\/www.wayanatapas.com\/en\/\",\"name\":\"Wayana Wine Bar\",\"description\":\"Wayana Tapas\",\"potentialAction\":[{\"@type\":\"SearchAction\",\"target\":\"https:\/\/www.wayanatapas.com\/en\/?s={search_term_string}\",\"query-input\":\"required name=search_term_string\"}],\"inLanguage\":\"en-US\"},{\"@type\":\"ImageObject\",\"@id\":\"https:\/\/www.wayanatapas.com\/en\/product\/zuzu\/#primaryimage\",\"inLanguage\":\"en-US\",\"url\":\"https:\/\/www.wayanatapas.com\/wp-content\/uploads\/2022\/08\/ZUZU-307-copy.jpg\",\"width\":968,\"height\":1314},{\"@type\":\"WebPage\",\"@id\":\"https:\/\/www.wayanatapas.com\/en\/product\/zuzu\/#webpage\",\"url\":\"https:\/\/www.wayanatapas.com\/en\/product\/zuzu\/\",\"name\":\"Zuzu - Wayana Wine Bar\",\"isPartOf\":{\"@id\":\"https:\/\/www.wayanatapas.com\/en\/#website\"},\"primaryImageOfPage\":{\"@id\":\"https:\/\/www.wayanatapas.com\/en\/product\/zuzu\/#primaryimage\"},\"datePublished\":\"2022-08-16T09:52:37+00:00\",\"dateModified\":\"2022-09-09T10:58:38+00:00\",\"breadcrumb\":{\"@id\":\"https:\/\/www.wayanatapas.com\/en\/product\/zuzu\/#breadcrumb\"},\"inLanguage\":\"en-US\",\"potentialAction\":[{\"@type\":\"ReadAction\",\"target\":[\"https:\/\/www.wayanatapas.com\/en\/product\/zuzu\/\"]}]},{\"@type\":\"BreadcrumbList\",\"@id\":\"https:\/\/www.wayanatapas.com\/en\/product\/zuzu\/#breadcrumb\",\"itemListElement\":[{\"@type\":\"ListItem\",\"position\":1,\"item\":{\"@type\":\"WebPage\",\"@id\":\"https:\/\/www.wayanatapas.com\/en\/\",\"url\":\"https:\/\/www.wayanatapas.com\/en\/\",\"name\":\"Anasayfa\"}},{\"@type\":\"ListItem\",\"position\":2,\"item\":{\"@type\":\"WebPage\",\"@id\":\"https:\/\/www.wayanatapas.com\/en\/magaza\/\",\"url\":\"https:\/\/www.wayanatapas.com\/en\/magaza\/\",\"name\":\"Ma\\u011faza\"}},{\"@type\":\"ListItem\",\"position\":3,\"item\":{\"@type\":\"WebPage\",\"@id\":\"https:\/\/www.wayanatapas.com\/en\/product\/zuzu\/\",\"url\":\"https:\/\/www.wayanatapas.com\/en\/product\/zuzu\/\",\"name\":\"Zuzu\"}}]}]}<\/script>\n<!-- \/ Yoast SEO Premium plugin. -->","_links":{"self":[{"href":"https:\/\/www.wayanatapas.com\/en\/wp-json\/wp\/v2\/product\/987760","targetHints":{"allow":["GET"]}}],"collection":[{"href":"https:\/\/www.wayanatapas.com\/en\/wp-json\/wp\/v2\/product"}],"about":[{"href":"https:\/\/www.wayanatapas.com\/en\/wp-json\/wp\/v2\/types\/product"}],"version-history":[{"count":0,"href":"https:\/\/www.wayanatapas.com\/en\/wp-json\/wp\/v2\/product\/987760\/revisions"}],"wp:featuredmedia":[{"embeddable":true,"href":"https:\/\/www.wayanatapas.com\/en\/wp-json\/wp\/v2\/media\/987761"}],"wp:attachment":[{"href":"https:\/\/www.wayanatapas.com\/en\/wp-json\/wp\/v2\/media?parent=987760"}],"wp:term":[{"taxonomy":"product_brand","embeddable":true,"href":"https:\/\/www.wayanatapas.com\/en\/wp-json\/wp\/v2\/product_brand?post=987760"},{"taxonomy":"product_cat","embeddable":true,"href":"https:\/\/www.wayanatapas.com\/en\/wp-json\/wp\/v2\/product_cat?post=987760"},{"taxonomy":"product_tag","embeddable":true,"href":"https:\/\/www.wayanatapas.com\/en\/wp-json\/wp\/v2\/product_tag?post=987760"}],"curies":[{"name":"wp","href":"https:\/\/api.w.org\/{rel}","templated":true}]}}