{"id":987763,"date":"2022-08-16T12:53:59","date_gmt":"2022-08-16T09:53:59","guid":{"rendered":"https:\/\/www.wayanatapas.com\/?post_type=product&#038;p=987763"},"modified":"2022-09-09T13:57:40","modified_gmt":"2022-09-09T10:57:40","slug":"tuzu","status":"publish","type":"product","link":"https:\/\/www.wayanatapas.com\/en\/product\/tuzu\/","title":{"rendered":"Tuzu"},"content":{"rendered":"<div data-elementor-type=\"product-post\" data-elementor-id=\"987763\" class=\"elementor elementor-987763\" data-elementor-post-type=\"product\">\n\t\t\t\t\t\t<section class=\"elementor-section elementor-top-section elementor-element elementor-element-291ac02 elementor-section-boxed elementor-section-height-default elementor-section-height-default\" data-id=\"291ac02\" data-element_type=\"section\" data-e-type=\"section\">\n\t\t\t\t\t\t\t<div class=\"elementor-background-overlay\"><\/div>\n\t\t\t\t\t\t\t<div class=\"elementor-container elementor-column-gap-default\">\n\t\t\t\t\t<div class=\"elementor-column elementor-col-100 elementor-top-column elementor-element elementor-element-b960f3f\" data-id=\"b960f3f\" data-element_type=\"column\" data-e-type=\"column\" data-settings=\"{&quot;background_background&quot;:&quot;classic&quot;}\">\n\t\t\t<div class=\"elementor-widget-wrap elementor-element-populated\">\n\t\t\t\t\t\t<div class=\"elementor-element elementor-element-7ab791d elementor-widget elementor-widget-text-editor\" data-id=\"7ab791d\" data-element_type=\"widget\" data-e-type=\"widget\" data-widget_type=\"text-editor.default\">\n\t\t\t\t<div class=\"elementor-widget-container\">\n\t\t\t\t\t\t\t\t\t<p>For Tuzu, we are using one of the oldest recipes of Turkish cuisine: beef paste. This delicious paste is decorated with balls of Madagascar green pepper and served on a slice of bread.<\/p><p>\u00a0<\/p><p><strong>Ingredients:<\/strong><\/p><p>Beef meat, onions, garlic, virgin oil olive, spices, salt, Madagascar peppers.<\/p><p>\u00a0<\/p><p><strong>Wine Pairing:<\/strong><\/p><p>Full-bodied Bogazkere, Acikara, Barburi, Cabernet Sauvignon, and Syrah pair very well with this tapas.<\/p><p>\u00a0<\/p><p><strong>What Does TUZU Mean?<\/strong><\/p><p>We have created the names of the tapas by referring to the archaic Hittite language. \u201cTu uzu\u201d means meat dish in Hittite language so we just simplified the name to TUZU.<\/p>\t\t\t\t\t\t\t\t<\/div>\n\t\t\t\t<\/div>\n\t\t\t\t<section class=\"elementor-section elementor-inner-section elementor-element elementor-element-331d5f0 elementor-section-boxed elementor-section-height-default elementor-section-height-default\" data-id=\"331d5f0\" data-element_type=\"section\" data-e-type=\"section\">\n\t\t\t\t\t\t<div class=\"elementor-container elementor-column-gap-default\">\n\t\t\t\t\t<div class=\"elementor-column elementor-col-100 elementor-inner-column elementor-element elementor-element-bf06f9c\" data-id=\"bf06f9c\" data-element_type=\"column\" data-e-type=\"column\">\n\t\t\t<div class=\"elementor-widget-wrap\">\n\t\t\t\t\t\t\t<\/div>\n\t\t<\/div>\n\t\t\t\t\t<\/div>\n\t\t<\/section>\n\t\t\t\t\t<\/div>\n\t\t<\/div>\n\t\t\t\t\t<\/div>\n\t\t<\/section>\n\t\t\t\t<\/div>","protected":false},"excerpt":{"rendered":"<p>Bu tapas\u0131m\u0131zda Anadolu mutfa\u011f\u0131n\u0131n eski tariflerinden birisine yer verdik. Ku\u015fba\u015f\u0131 dana etinin pi\u015firildikten sonra ezilmesiyle haz\u0131rlanan bu nefis kar\u0131\u015f\u0131m ekmek diliminin \u00fczerinde servis ediliyor. Bu tapas\u0131 \u00fczerinde Madagaskar kara biberi toplar\u0131yla lezzetlendiriyoruz. \u00a0 \u0130\u00e7erik Bilgisi: Dana eti, so\u011fan, sar\u0131msak, s\u0131zma zeytinya\u011f\u0131, baharatlar, Madagaskar karabiberi \u00a0 Hangi \u015earaplarla \u0130yi Gider? Tuzu, g\u00f6vdeli Bo\u011fazkere, Ac\u0131kara, Barburi, Cabernet&#8230;<\/p>","protected":false},"featured_media":987764,"template":"","meta":[],"product_brand":[],"product_cat":[52],"product_tag":[57],"class_list":{"0":"post-987763","1":"product","2":"type-product","3":"status-publish","4":"has-post-thumbnail","6":"product_cat-etli-deniz-urunlu-tapas","7":"product_tag-etli-tavuklu","9":"first","10":"instock","11":"shipping-taxable","12":"product-type-simple"},"yoast_head":"<!-- This site is optimized with the Yoast SEO Premium plugin v15.5 - https:\/\/yoast.com\/wordpress\/plugins\/seo\/ -->\n<title>Tuzu - Wayana Wine Bar<\/title>\n<meta name=\"robots\" content=\"index, follow, max-snippet:-1, max-image-preview:large, max-video-preview:-1\" \/>\n<link rel=\"canonical\" href=\"https:\/\/www.wayanatapas.com\/en\/product\/tuzu\/\" \/>\n<meta property=\"og:locale\" content=\"en_US\" \/>\n<meta property=\"og:type\" content=\"article\" \/>\n<meta property=\"og:title\" content=\"Tuzu - Wayana Wine Bar\" \/>\n<meta property=\"og:description\" content=\"Bu tapas\u0131m\u0131zda Anadolu mutfa\u011f\u0131n\u0131n eski tariflerinden birisine yer verdik. Ku\u015fba\u015f\u0131 dana etinin pi\u015firildikten sonra ezilmesiyle haz\u0131rlanan bu nefis kar\u0131\u015f\u0131m ekmek diliminin \u00fczerinde servis ediliyor. Bu tapas\u0131 \u00fczerinde Madagaskar kara biberi toplar\u0131yla lezzetlendiriyoruz. \u00a0 \u0130\u00e7erik Bilgisi: Dana eti, so\u011fan, sar\u0131msak, s\u0131zma zeytinya\u011f\u0131, baharatlar, Madagaskar karabiberi \u00a0 Hangi \u015earaplarla \u0130yi Gider? Tuzu, g\u00f6vdeli Bo\u011fazkere, Ac\u0131kara, Barburi, Cabernet...\" \/>\n<meta property=\"og:url\" content=\"https:\/\/www.wayanatapas.com\/en\/product\/tuzu\/\" \/>\n<meta property=\"og:site_name\" content=\"Wayana Wine Bar\" \/>\n<meta property=\"article:modified_time\" content=\"2022-09-09T10:57:40+00:00\" \/>\n<meta property=\"og:image\" content=\"https:\/\/www.wayanatapas.com\/wp-content\/uploads\/2022\/08\/TUZU-306-copy.jpg\" \/>\n\t<meta property=\"og:image:width\" content=\"968\" \/>\n\t<meta property=\"og:image:height\" content=\"1314\" \/>\n<meta name=\"twitter:card\" content=\"summary_large_image\" \/>\n<meta name=\"twitter:label1\" content=\"Est. reading time\">\n\t<meta name=\"twitter:data1\" content=\"0 minutes\">\n<script type=\"application\/ld+json\" class=\"yoast-schema-graph\">{\"@context\":\"https:\/\/schema.org\",\"@graph\":[{\"@type\":\"WebSite\",\"@id\":\"https:\/\/www.wayanatapas.com\/en\/#website\",\"url\":\"https:\/\/www.wayanatapas.com\/en\/\",\"name\":\"Wayana Wine Bar\",\"description\":\"Wayana Tapas\",\"potentialAction\":[{\"@type\":\"SearchAction\",\"target\":\"https:\/\/www.wayanatapas.com\/en\/?s={search_term_string}\",\"query-input\":\"required name=search_term_string\"}],\"inLanguage\":\"en-US\"},{\"@type\":\"ImageObject\",\"@id\":\"https:\/\/www.wayanatapas.com\/en\/product\/tuzu\/#primaryimage\",\"inLanguage\":\"en-US\",\"url\":\"https:\/\/www.wayanatapas.com\/wp-content\/uploads\/2022\/08\/TUZU-306-copy.jpg\",\"width\":968,\"height\":1314},{\"@type\":\"WebPage\",\"@id\":\"https:\/\/www.wayanatapas.com\/en\/product\/tuzu\/#webpage\",\"url\":\"https:\/\/www.wayanatapas.com\/en\/product\/tuzu\/\",\"name\":\"Tuzu - Wayana Wine Bar\",\"isPartOf\":{\"@id\":\"https:\/\/www.wayanatapas.com\/en\/#website\"},\"primaryImageOfPage\":{\"@id\":\"https:\/\/www.wayanatapas.com\/en\/product\/tuzu\/#primaryimage\"},\"datePublished\":\"2022-08-16T09:53:59+00:00\",\"dateModified\":\"2022-09-09T10:57:40+00:00\",\"breadcrumb\":{\"@id\":\"https:\/\/www.wayanatapas.com\/en\/product\/tuzu\/#breadcrumb\"},\"inLanguage\":\"en-US\",\"potentialAction\":[{\"@type\":\"ReadAction\",\"target\":[\"https:\/\/www.wayanatapas.com\/en\/product\/tuzu\/\"]}]},{\"@type\":\"BreadcrumbList\",\"@id\":\"https:\/\/www.wayanatapas.com\/en\/product\/tuzu\/#breadcrumb\",\"itemListElement\":[{\"@type\":\"ListItem\",\"position\":1,\"item\":{\"@type\":\"WebPage\",\"@id\":\"https:\/\/www.wayanatapas.com\/en\/\",\"url\":\"https:\/\/www.wayanatapas.com\/en\/\",\"name\":\"Anasayfa\"}},{\"@type\":\"ListItem\",\"position\":2,\"item\":{\"@type\":\"WebPage\",\"@id\":\"https:\/\/www.wayanatapas.com\/en\/magaza\/\",\"url\":\"https:\/\/www.wayanatapas.com\/en\/magaza\/\",\"name\":\"Ma\\u011faza\"}},{\"@type\":\"ListItem\",\"position\":3,\"item\":{\"@type\":\"WebPage\",\"@id\":\"https:\/\/www.wayanatapas.com\/en\/product\/tuzu\/\",\"url\":\"https:\/\/www.wayanatapas.com\/en\/product\/tuzu\/\",\"name\":\"Tuzu\"}}]}]}<\/script>\n<!-- \/ Yoast SEO Premium plugin. -->","_links":{"self":[{"href":"https:\/\/www.wayanatapas.com\/en\/wp-json\/wp\/v2\/product\/987763","targetHints":{"allow":["GET"]}}],"collection":[{"href":"https:\/\/www.wayanatapas.com\/en\/wp-json\/wp\/v2\/product"}],"about":[{"href":"https:\/\/www.wayanatapas.com\/en\/wp-json\/wp\/v2\/types\/product"}],"version-history":[{"count":0,"href":"https:\/\/www.wayanatapas.com\/en\/wp-json\/wp\/v2\/product\/987763\/revisions"}],"wp:featuredmedia":[{"embeddable":true,"href":"https:\/\/www.wayanatapas.com\/en\/wp-json\/wp\/v2\/media\/987764"}],"wp:attachment":[{"href":"https:\/\/www.wayanatapas.com\/en\/wp-json\/wp\/v2\/media?parent=987763"}],"wp:term":[{"taxonomy":"product_brand","embeddable":true,"href":"https:\/\/www.wayanatapas.com\/en\/wp-json\/wp\/v2\/product_brand?post=987763"},{"taxonomy":"product_cat","embeddable":true,"href":"https:\/\/www.wayanatapas.com\/en\/wp-json\/wp\/v2\/product_cat?post=987763"},{"taxonomy":"product_tag","embeddable":true,"href":"https:\/\/www.wayanatapas.com\/en\/wp-json\/wp\/v2\/product_tag?post=987763"}],"curies":[{"name":"wp","href":"https:\/\/api.w.org\/{rel}","templated":true}]}}