{"id":987766,"date":"2022-08-16T12:55:52","date_gmt":"2022-08-16T09:55:52","guid":{"rendered":"https:\/\/www.wayanatapas.com\/?post_type=product&#038;p=987766"},"modified":"2022-09-09T13:28:06","modified_gmt":"2022-09-09T10:28:06","slug":"hadduzu","status":"publish","type":"product","link":"https:\/\/www.wayanatapas.com\/en\/product\/hadduzu\/","title":{"rendered":"Hadduzu"},"content":{"rendered":"<div data-elementor-type=\"product-post\" data-elementor-id=\"987766\" class=\"elementor elementor-987766\" data-elementor-post-type=\"product\">\n\t\t\t\t\t\t<section class=\"elementor-section elementor-top-section elementor-element elementor-element-291ac02 elementor-section-boxed elementor-section-height-default elementor-section-height-default\" data-id=\"291ac02\" data-element_type=\"section\" data-e-type=\"section\">\n\t\t\t\t\t\t\t<div class=\"elementor-background-overlay\"><\/div>\n\t\t\t\t\t\t\t<div class=\"elementor-container elementor-column-gap-default\">\n\t\t\t\t\t<div class=\"elementor-column elementor-col-100 elementor-top-column elementor-element elementor-element-b960f3f\" data-id=\"b960f3f\" data-element_type=\"column\" data-e-type=\"column\" data-settings=\"{&quot;background_background&quot;:&quot;classic&quot;}\">\n\t\t\t<div class=\"elementor-widget-wrap elementor-element-populated\">\n\t\t\t\t\t\t<div class=\"elementor-element elementor-element-7ab791d elementor-widget elementor-widget-text-editor\" data-id=\"7ab791d\" data-element_type=\"widget\" data-e-type=\"widget\" data-widget_type=\"text-editor.default\">\n\t\t\t\t<div class=\"elementor-widget-container\">\n\t\t\t\t\t\t\t\t\t<p>In the past, one of the best ways to preserve food was to dry it. Our dried tomato sauce demonstrates how age-old practices still have a place in today\u2019s kitchen. On the sauce, we place smoked and chopped Bosnian pastrami. Served on a slice of bread.<\/p><p>\u00a0<\/p><p><strong>Ingredients:<\/strong><\/p><p>Bosnian pastrami, dried tomatoes, virgin olive oil, spices, salt.<\/p><p>\u00a0<\/p><p><strong>Wine Pairing:<\/strong><\/p><p>Full-bodied Ac\u0131kara, Barburi, Tempranillo, and Bordeaux Blend are perfect matches.<\/p><p>\u00a0<\/p><p><strong>What Does HADDUZU Mean?<\/strong><\/p><p>We have created the names of the tapas by referring to the archaic Hittite language. A complex set of Hittite words which mean dried food and \u201cuzu\u201d which means meat in Hittite gives us the name of the tapas: HADDUZU.<\/p>\t\t\t\t\t\t\t\t<\/div>\n\t\t\t\t<\/div>\n\t\t\t\t<section class=\"elementor-section elementor-inner-section elementor-element elementor-element-331d5f0 elementor-section-boxed elementor-section-height-default elementor-section-height-default\" data-id=\"331d5f0\" data-element_type=\"section\" data-e-type=\"section\">\n\t\t\t\t\t\t<div class=\"elementor-container elementor-column-gap-default\">\n\t\t\t\t\t<div class=\"elementor-column elementor-col-100 elementor-inner-column elementor-element elementor-element-bf06f9c\" data-id=\"bf06f9c\" data-element_type=\"column\" data-e-type=\"column\">\n\t\t\t<div class=\"elementor-widget-wrap\">\n\t\t\t\t\t\t\t<\/div>\n\t\t<\/div>\n\t\t\t\t\t<\/div>\n\t\t<\/section>\n\t\t\t\t\t<\/div>\n\t\t<\/div>\n\t\t\t\t\t<\/div>\n\t\t<\/section>\n\t\t\t\t<\/div>","protected":false},"excerpt":{"rendered":"<p>Ge\u00e7mi\u015fte \u00fcr\u00fcn\u00fc k\u0131\u015fa saklaman\u0131n en kolay yollar\u0131ndan birisi sebzeleri kurutmaktan ge\u00e7iyordu. Kurutulmu\u015f domatesle haz\u0131rlad\u0131\u011f\u0131m\u0131z bu sos, ge\u00e7mi\u015ften gelen al\u0131\u015fkanl\u0131klar\u0131n bug\u00fcn\u00fcn mutfa\u011f\u0131nda nas\u0131l yer buldu\u011funu g\u00f6steriyor. Ekmek dilimi \u00fczerine sosu s\u00fcr\u00fcp, \u00fczerine Bo\u015fnak usul\u00fcyle iste kurutulmu\u015f et dilimlerini koyup roka ile servis ediyoruz. \u00a0 \u0130\u00e7erik Bilgisi: \u0130ste kurutulmu\u015f kuzu eti (Bo\u015fnak past\u0131rmas\u0131), kurutulmu\u015f domates, s\u0131zma zeytinya\u011f\u0131,&#8230;<\/p>","protected":false},"featured_media":987767,"template":"","meta":[],"product_brand":[],"product_cat":[52],"product_tag":[57],"class_list":{"0":"post-987766","1":"product","2":"type-product","3":"status-publish","4":"has-post-thumbnail","6":"product_cat-etli-deniz-urunlu-tapas","7":"product_tag-etli-tavuklu","9":"first","10":"instock","11":"shipping-taxable","12":"product-type-simple"},"yoast_head":"<!-- This site is optimized with the Yoast SEO Premium plugin v15.5 - https:\/\/yoast.com\/wordpress\/plugins\/seo\/ -->\n<title>Hadduzu - Wayana Wine Bar<\/title>\n<meta name=\"robots\" content=\"index, follow, max-snippet:-1, max-image-preview:large, max-video-preview:-1\" \/>\n<link rel=\"canonical\" href=\"https:\/\/www.wayanatapas.com\/en\/product\/hadduzu\/\" \/>\n<meta property=\"og:locale\" content=\"en_US\" \/>\n<meta property=\"og:type\" content=\"article\" \/>\n<meta property=\"og:title\" content=\"Hadduzu - Wayana Wine Bar\" \/>\n<meta property=\"og:description\" content=\"Ge\u00e7mi\u015fte \u00fcr\u00fcn\u00fc k\u0131\u015fa saklaman\u0131n en kolay yollar\u0131ndan birisi sebzeleri kurutmaktan ge\u00e7iyordu. Kurutulmu\u015f domatesle haz\u0131rlad\u0131\u011f\u0131m\u0131z bu sos, ge\u00e7mi\u015ften gelen al\u0131\u015fkanl\u0131klar\u0131n bug\u00fcn\u00fcn mutfa\u011f\u0131nda nas\u0131l yer buldu\u011funu g\u00f6steriyor. Ekmek dilimi \u00fczerine sosu s\u00fcr\u00fcp, \u00fczerine Bo\u015fnak usul\u00fcyle iste kurutulmu\u015f et dilimlerini koyup roka ile servis ediyoruz. \u00a0 \u0130\u00e7erik Bilgisi: \u0130ste kurutulmu\u015f kuzu eti (Bo\u015fnak past\u0131rmas\u0131), kurutulmu\u015f domates, s\u0131zma zeytinya\u011f\u0131,...\" \/>\n<meta property=\"og:url\" content=\"https:\/\/www.wayanatapas.com\/en\/product\/hadduzu\/\" \/>\n<meta property=\"og:site_name\" content=\"Wayana Wine Bar\" \/>\n<meta property=\"article:modified_time\" content=\"2022-09-09T10:28:06+00:00\" \/>\n<meta property=\"og:image\" content=\"https:\/\/www.wayanatapas.com\/wp-content\/uploads\/2022\/08\/HADDUZU-305-copy.jpg\" \/>\n\t<meta property=\"og:image:width\" content=\"968\" \/>\n\t<meta property=\"og:image:height\" content=\"1314\" \/>\n<meta name=\"twitter:card\" content=\"summary_large_image\" \/>\n<meta name=\"twitter:label1\" content=\"Est. reading time\">\n\t<meta name=\"twitter:data1\" content=\"1 minute\">\n<script type=\"application\/ld+json\" class=\"yoast-schema-graph\">{\"@context\":\"https:\/\/schema.org\",\"@graph\":[{\"@type\":\"WebSite\",\"@id\":\"https:\/\/www.wayanatapas.com\/en\/#website\",\"url\":\"https:\/\/www.wayanatapas.com\/en\/\",\"name\":\"Wayana Wine Bar\",\"description\":\"Wayana Tapas\",\"potentialAction\":[{\"@type\":\"SearchAction\",\"target\":\"https:\/\/www.wayanatapas.com\/en\/?s={search_term_string}\",\"query-input\":\"required name=search_term_string\"}],\"inLanguage\":\"en-US\"},{\"@type\":\"ImageObject\",\"@id\":\"https:\/\/www.wayanatapas.com\/en\/product\/hadduzu\/#primaryimage\",\"inLanguage\":\"en-US\",\"url\":\"https:\/\/www.wayanatapas.com\/wp-content\/uploads\/2022\/08\/HADDUZU-305-copy.jpg\",\"width\":968,\"height\":1314},{\"@type\":\"WebPage\",\"@id\":\"https:\/\/www.wayanatapas.com\/en\/product\/hadduzu\/#webpage\",\"url\":\"https:\/\/www.wayanatapas.com\/en\/product\/hadduzu\/\",\"name\":\"Hadduzu - Wayana Wine Bar\",\"isPartOf\":{\"@id\":\"https:\/\/www.wayanatapas.com\/en\/#website\"},\"primaryImageOfPage\":{\"@id\":\"https:\/\/www.wayanatapas.com\/en\/product\/hadduzu\/#primaryimage\"},\"datePublished\":\"2022-08-16T09:55:52+00:00\",\"dateModified\":\"2022-09-09T10:28:06+00:00\",\"breadcrumb\":{\"@id\":\"https:\/\/www.wayanatapas.com\/en\/product\/hadduzu\/#breadcrumb\"},\"inLanguage\":\"en-US\",\"potentialAction\":[{\"@type\":\"ReadAction\",\"target\":[\"https:\/\/www.wayanatapas.com\/en\/product\/hadduzu\/\"]}]},{\"@type\":\"BreadcrumbList\",\"@id\":\"https:\/\/www.wayanatapas.com\/en\/product\/hadduzu\/#breadcrumb\",\"itemListElement\":[{\"@type\":\"ListItem\",\"position\":1,\"item\":{\"@type\":\"WebPage\",\"@id\":\"https:\/\/www.wayanatapas.com\/en\/\",\"url\":\"https:\/\/www.wayanatapas.com\/en\/\",\"name\":\"Anasayfa\"}},{\"@type\":\"ListItem\",\"position\":2,\"item\":{\"@type\":\"WebPage\",\"@id\":\"https:\/\/www.wayanatapas.com\/en\/magaza\/\",\"url\":\"https:\/\/www.wayanatapas.com\/en\/magaza\/\",\"name\":\"Ma\\u011faza\"}},{\"@type\":\"ListItem\",\"position\":3,\"item\":{\"@type\":\"WebPage\",\"@id\":\"https:\/\/www.wayanatapas.com\/en\/product\/hadduzu\/\",\"url\":\"https:\/\/www.wayanatapas.com\/en\/product\/hadduzu\/\",\"name\":\"Hadduzu\"}}]}]}<\/script>\n<!-- \/ Yoast SEO Premium plugin. -->","_links":{"self":[{"href":"https:\/\/www.wayanatapas.com\/en\/wp-json\/wp\/v2\/product\/987766","targetHints":{"allow":["GET"]}}],"collection":[{"href":"https:\/\/www.wayanatapas.com\/en\/wp-json\/wp\/v2\/product"}],"about":[{"href":"https:\/\/www.wayanatapas.com\/en\/wp-json\/wp\/v2\/types\/product"}],"version-history":[{"count":0,"href":"https:\/\/www.wayanatapas.com\/en\/wp-json\/wp\/v2\/product\/987766\/revisions"}],"wp:featuredmedia":[{"embeddable":true,"href":"https:\/\/www.wayanatapas.com\/en\/wp-json\/wp\/v2\/media\/987767"}],"wp:attachment":[{"href":"https:\/\/www.wayanatapas.com\/en\/wp-json\/wp\/v2\/media?parent=987766"}],"wp:term":[{"taxonomy":"product_brand","embeddable":true,"href":"https:\/\/www.wayanatapas.com\/en\/wp-json\/wp\/v2\/product_brand?post=987766"},{"taxonomy":"product_cat","embeddable":true,"href":"https:\/\/www.wayanatapas.com\/en\/wp-json\/wp\/v2\/product_cat?post=987766"},{"taxonomy":"product_tag","embeddable":true,"href":"https:\/\/www.wayanatapas.com\/en\/wp-json\/wp\/v2\/product_tag?post=987766"}],"curies":[{"name":"wp","href":"https:\/\/api.w.org\/{rel}","templated":true}]}}