{"id":987793,"date":"2022-08-16T13:05:35","date_gmt":"2022-08-16T10:05:35","guid":{"rendered":"https:\/\/www.wayanatapas.com\/?post_type=product&#038;p=987793"},"modified":"2022-09-09T13:54:28","modified_gmt":"2022-09-09T10:54:28","slug":"nepis","status":"publish","type":"product","link":"https:\/\/www.wayanatapas.com\/en\/product\/nepis\/","title":{"rendered":"Nepis"},"content":{"rendered":"<div data-elementor-type=\"product-post\" data-elementor-id=\"987793\" class=\"elementor elementor-987793\" data-elementor-post-type=\"product\">\n\t\t\t\t\t\t<section class=\"elementor-section elementor-top-section elementor-element elementor-element-291ac02 elementor-section-boxed elementor-section-height-default elementor-section-height-default\" data-id=\"291ac02\" data-element_type=\"section\" data-e-type=\"section\">\n\t\t\t\t\t\t\t<div class=\"elementor-background-overlay\"><\/div>\n\t\t\t\t\t\t\t<div class=\"elementor-container elementor-column-gap-default\">\n\t\t\t\t\t<div class=\"elementor-column elementor-col-100 elementor-top-column elementor-element elementor-element-b960f3f\" data-id=\"b960f3f\" data-element_type=\"column\" data-e-type=\"column\" data-settings=\"{&quot;background_background&quot;:&quot;classic&quot;}\">\n\t\t\t<div class=\"elementor-widget-wrap elementor-element-populated\">\n\t\t\t\t\t\t<div class=\"elementor-element elementor-element-7ab791d elementor-widget elementor-widget-text-editor\" data-id=\"7ab791d\" data-element_type=\"widget\" data-e-type=\"widget\" data-widget_type=\"text-editor.default\">\n\t\t\t\t<div class=\"elementor-widget-container\">\n\t\t\t\t\t\t\t\t\t<p>One of the gastronomical delights of Turkey is a local blue cheese of Ni\u011fde province. The cheese has a unique aroma and taste coming from the ageing process, during which the cheese is kept inside deep caves to mature. We place the cheese on top of a honey and onion sauce and serve it on a slice of bread.<\/p><p>\u00a0<\/p><p><strong>Ingredients:<\/strong><\/p><p>Flower honey, onions, spices, salt, Ni\u011fde Blue Cheese<\/p><p>\u00a0<\/p><p><strong>Wine Pairing:<\/strong><\/p><p>Nepis pairs well with full-bodied and oaked Chardonnay.<\/p><p>\u00a0<\/p><p><strong>What Does NEPIS Mean?<\/strong><\/p><p>In creating the names of our tapas, we were inspired by the archaic Hittite language. The original name of the cheese in Turkish is Ni\u011fde Sky Cheese. \u201cNepis\u201d means sky in Hittite.<\/p>\t\t\t\t\t\t\t\t<\/div>\n\t\t\t\t<\/div>\n\t\t\t\t<section class=\"elementor-section elementor-inner-section elementor-element elementor-element-331d5f0 elementor-section-boxed elementor-section-height-default elementor-section-height-default\" data-id=\"331d5f0\" data-element_type=\"section\" data-e-type=\"section\">\n\t\t\t\t\t\t<div class=\"elementor-container elementor-column-gap-default\">\n\t\t\t\t\t<div class=\"elementor-column elementor-col-100 elementor-inner-column elementor-element elementor-element-bf06f9c\" data-id=\"bf06f9c\" data-element_type=\"column\" data-e-type=\"column\">\n\t\t\t<div class=\"elementor-widget-wrap\">\n\t\t\t\t\t\t\t<\/div>\n\t\t<\/div>\n\t\t\t\t\t<\/div>\n\t\t<\/section>\n\t\t\t\t\t<\/div>\n\t\t<\/div>\n\t\t\t\t\t<\/div>\n\t\t<\/section>\n\t\t\t\t<\/div>","protected":false},"excerpt":{"rendered":"<p>T\u00fcrk mutfa\u011f\u0131n\u0131n kay\u0131t alt\u0131na al\u0131nm\u0131\u015f lezzetlerinden birisi de g\u00f6k peynir ovmas\u0131d\u0131r. Y\u00f6resel \u00fcr\u00fcnlerden birisi olan g\u00f6k peynir Ni\u011fde y\u00f6resinde, olgunla\u015fmas\u0131 ma\u011farada ger\u00e7ekle\u015fen ve \u00e7ok karakteristik lezzeti olan g\u00fc\u00e7l\u00fc bir peynirdir. Peynir, bal ve so\u011fanla haz\u0131rlanan bir sosla ekmek dilimi \u00fczerinde servis edilir. \u00a0 \u0130\u00e7erik Bilgisi: \u00c7i\u00e7ek bal\u0131, yemeklik so\u011fan, baharatlar, Ni\u011fde g\u00f6k peyniri \u00a0 Hangi&#8230;<\/p>","protected":false},"featured_media":988976,"template":"","meta":[],"product_brand":[],"product_cat":[53],"product_tag":[55],"class_list":{"0":"post-987793","1":"product","2":"type-product","3":"status-publish","4":"has-post-thumbnail","6":"product_cat-vegan-vejetaryen-tapas","7":"product_tag-vejetaryen","9":"first","10":"instock","11":"shipping-taxable","12":"product-type-simple"},"yoast_head":"<!-- This site is optimized with the Yoast SEO Premium plugin v15.5 - https:\/\/yoast.com\/wordpress\/plugins\/seo\/ -->\n<title>Nepis - Wayana Wine Bar<\/title>\n<meta name=\"robots\" content=\"index, follow, max-snippet:-1, max-image-preview:large, max-video-preview:-1\" \/>\n<link rel=\"canonical\" href=\"https:\/\/www.wayanatapas.com\/en\/product\/nepis\/\" \/>\n<meta property=\"og:locale\" content=\"en_US\" \/>\n<meta property=\"og:type\" content=\"article\" \/>\n<meta property=\"og:title\" content=\"Nepis - Wayana Wine Bar\" \/>\n<meta property=\"og:description\" content=\"T\u00fcrk mutfa\u011f\u0131n\u0131n kay\u0131t alt\u0131na al\u0131nm\u0131\u015f lezzetlerinden birisi de g\u00f6k peynir ovmas\u0131d\u0131r. Y\u00f6resel \u00fcr\u00fcnlerden birisi olan g\u00f6k peynir Ni\u011fde y\u00f6resinde, olgunla\u015fmas\u0131 ma\u011farada ger\u00e7ekle\u015fen ve \u00e7ok karakteristik lezzeti olan g\u00fc\u00e7l\u00fc bir peynirdir. Peynir, bal ve so\u011fanla haz\u0131rlanan bir sosla ekmek dilimi \u00fczerinde servis edilir. \u00a0 \u0130\u00e7erik Bilgisi: \u00c7i\u00e7ek bal\u0131, yemeklik so\u011fan, baharatlar, Ni\u011fde g\u00f6k peyniri \u00a0 Hangi...\" \/>\n<meta property=\"og:url\" content=\"https:\/\/www.wayanatapas.com\/en\/product\/nepis\/\" \/>\n<meta property=\"og:site_name\" content=\"Wayana Wine Bar\" \/>\n<meta property=\"article:modified_time\" content=\"2022-09-09T10:54:28+00:00\" \/>\n<meta property=\"og:image\" content=\"https:\/\/www.wayanatapas.com\/wp-content\/uploads\/2022\/08\/NEPI\u0307S-copy.jpg\" \/>\n\t<meta property=\"og:image:width\" content=\"968\" \/>\n\t<meta property=\"og:image:height\" content=\"1314\" \/>\n<meta name=\"twitter:card\" content=\"summary_large_image\" \/>\n<meta name=\"twitter:label1\" content=\"Est. reading time\">\n\t<meta name=\"twitter:data1\" content=\"1 minute\">\n<script type=\"application\/ld+json\" class=\"yoast-schema-graph\">{\"@context\":\"https:\/\/schema.org\",\"@graph\":[{\"@type\":\"WebSite\",\"@id\":\"https:\/\/www.wayanatapas.com\/en\/#website\",\"url\":\"https:\/\/www.wayanatapas.com\/en\/\",\"name\":\"Wayana Wine Bar\",\"description\":\"Wayana Tapas\",\"potentialAction\":[{\"@type\":\"SearchAction\",\"target\":\"https:\/\/www.wayanatapas.com\/en\/?s={search_term_string}\",\"query-input\":\"required name=search_term_string\"}],\"inLanguage\":\"en-US\"},{\"@type\":\"ImageObject\",\"@id\":\"https:\/\/www.wayanatapas.com\/en\/product\/nepis\/#primaryimage\",\"inLanguage\":\"en-US\",\"url\":\"https:\/\/www.wayanatapas.com\/wp-content\/uploads\/2022\/08\/NEPI\\u0307S-copy.jpg\",\"width\":968,\"height\":1314},{\"@type\":\"WebPage\",\"@id\":\"https:\/\/www.wayanatapas.com\/en\/product\/nepis\/#webpage\",\"url\":\"https:\/\/www.wayanatapas.com\/en\/product\/nepis\/\",\"name\":\"Nepis - Wayana Wine Bar\",\"isPartOf\":{\"@id\":\"https:\/\/www.wayanatapas.com\/en\/#website\"},\"primaryImageOfPage\":{\"@id\":\"https:\/\/www.wayanatapas.com\/en\/product\/nepis\/#primaryimage\"},\"datePublished\":\"2022-08-16T10:05:35+00:00\",\"dateModified\":\"2022-09-09T10:54:28+00:00\",\"breadcrumb\":{\"@id\":\"https:\/\/www.wayanatapas.com\/en\/product\/nepis\/#breadcrumb\"},\"inLanguage\":\"en-US\",\"potentialAction\":[{\"@type\":\"ReadAction\",\"target\":[\"https:\/\/www.wayanatapas.com\/en\/product\/nepis\/\"]}]},{\"@type\":\"BreadcrumbList\",\"@id\":\"https:\/\/www.wayanatapas.com\/en\/product\/nepis\/#breadcrumb\",\"itemListElement\":[{\"@type\":\"ListItem\",\"position\":1,\"item\":{\"@type\":\"WebPage\",\"@id\":\"https:\/\/www.wayanatapas.com\/en\/\",\"url\":\"https:\/\/www.wayanatapas.com\/en\/\",\"name\":\"Anasayfa\"}},{\"@type\":\"ListItem\",\"position\":2,\"item\":{\"@type\":\"WebPage\",\"@id\":\"https:\/\/www.wayanatapas.com\/en\/magaza\/\",\"url\":\"https:\/\/www.wayanatapas.com\/en\/magaza\/\",\"name\":\"Ma\\u011faza\"}},{\"@type\":\"ListItem\",\"position\":3,\"item\":{\"@type\":\"WebPage\",\"@id\":\"https:\/\/www.wayanatapas.com\/en\/product\/nepis\/\",\"url\":\"https:\/\/www.wayanatapas.com\/en\/product\/nepis\/\",\"name\":\"Nepis\"}}]}]}<\/script>\n<!-- \/ Yoast SEO Premium plugin. -->","_links":{"self":[{"href":"https:\/\/www.wayanatapas.com\/en\/wp-json\/wp\/v2\/product\/987793","targetHints":{"allow":["GET"]}}],"collection":[{"href":"https:\/\/www.wayanatapas.com\/en\/wp-json\/wp\/v2\/product"}],"about":[{"href":"https:\/\/www.wayanatapas.com\/en\/wp-json\/wp\/v2\/types\/product"}],"version-history":[{"count":0,"href":"https:\/\/www.wayanatapas.com\/en\/wp-json\/wp\/v2\/product\/987793\/revisions"}],"wp:featuredmedia":[{"embeddable":true,"href":"https:\/\/www.wayanatapas.com\/en\/wp-json\/wp\/v2\/media\/988976"}],"wp:attachment":[{"href":"https:\/\/www.wayanatapas.com\/en\/wp-json\/wp\/v2\/media?parent=987793"}],"wp:term":[{"taxonomy":"product_brand","embeddable":true,"href":"https:\/\/www.wayanatapas.com\/en\/wp-json\/wp\/v2\/product_brand?post=987793"},{"taxonomy":"product_cat","embeddable":true,"href":"https:\/\/www.wayanatapas.com\/en\/wp-json\/wp\/v2\/product_cat?post=987793"},{"taxonomy":"product_tag","embeddable":true,"href":"https:\/\/www.wayanatapas.com\/en\/wp-json\/wp\/v2\/product_tag?post=987793"}],"curies":[{"name":"wp","href":"https:\/\/api.w.org\/{rel}","templated":true}]}}