{"id":987811,"date":"2022-08-16T13:10:27","date_gmt":"2022-08-16T10:10:27","guid":{"rendered":"https:\/\/www.wayanatapas.com\/?post_type=product&#038;p=987811"},"modified":"2022-09-09T13:53:37","modified_gmt":"2022-09-09T10:53:37","slug":"marzin","status":"publish","type":"product","link":"https:\/\/www.wayanatapas.com\/en\/product\/marzin\/","title":{"rendered":"Marzin"},"content":{"rendered":"<div data-elementor-type=\"product-post\" data-elementor-id=\"987811\" class=\"elementor elementor-987811\" data-elementor-post-type=\"product\">\n\t\t\t\t\t\t<section class=\"elementor-section elementor-top-section elementor-element elementor-element-291ac02 elementor-section-boxed elementor-section-height-default elementor-section-height-default\" data-id=\"291ac02\" data-element_type=\"section\" data-e-type=\"section\">\n\t\t\t\t\t\t\t<div class=\"elementor-background-overlay\"><\/div>\n\t\t\t\t\t\t\t<div class=\"elementor-container elementor-column-gap-default\">\n\t\t\t\t\t<div class=\"elementor-column elementor-col-100 elementor-top-column elementor-element elementor-element-b960f3f\" data-id=\"b960f3f\" data-element_type=\"column\" data-e-type=\"column\" data-settings=\"{&quot;background_background&quot;:&quot;classic&quot;}\">\n\t\t\t<div class=\"elementor-widget-wrap elementor-element-populated\">\n\t\t\t\t\t\t<div class=\"elementor-element elementor-element-7ab791d elementor-widget elementor-widget-text-editor\" data-id=\"7ab791d\" data-element_type=\"widget\" data-e-type=\"widget\" data-widget_type=\"text-editor.default\">\n\t\t\t\t<div class=\"elementor-widget-container\">\n\t\t\t\t\t\t\t\t\t<p>Marzin is inspired by hummus, the famous Middle Eastern appetizer. We added capia pepper too it, which changed both the color and the taste and turned it into our own Marzin, which we serve on a slice of bread.<\/p><p>\u00a0<\/p><p><strong>Ingredients:<\/strong><\/p><p>Local chickpeas, capia pepper, parsley, tahini, lemon, spices, salt.<\/p><p>\u00a0<\/p><p><strong>Wine Pairing:<\/strong><\/p><p>Red wine, light- or full-bodied, is an excellent choice for Marzin. We think Syrah or Papaskarasi pairs best with it.<\/p><p>\u00a0<\/p><p><strong>What does MARZIN mean?<\/strong><\/p><p>In creating the names of our tapas, we were inspired by the archaic Hittite language. ZINAIL means chickpeas, and MARUSA means red in Hittite language. By combining the two words, we chose to name the tapas \u201cmarzin\u201d.<\/p>\t\t\t\t\t\t\t\t<\/div>\n\t\t\t\t<\/div>\n\t\t\t\t<section class=\"elementor-section elementor-inner-section elementor-element elementor-element-331d5f0 elementor-section-boxed elementor-section-height-default elementor-section-height-default\" data-id=\"331d5f0\" data-element_type=\"section\" data-e-type=\"section\">\n\t\t\t\t\t\t<div class=\"elementor-container elementor-column-gap-default\">\n\t\t\t\t\t<div class=\"elementor-column elementor-col-100 elementor-inner-column elementor-element elementor-element-bf06f9c\" data-id=\"bf06f9c\" data-element_type=\"column\" data-e-type=\"column\">\n\t\t\t<div class=\"elementor-widget-wrap\">\n\t\t\t\t\t\t\t<\/div>\n\t\t<\/div>\n\t\t\t\t\t<\/div>\n\t\t<\/section>\n\t\t\t\t\t<\/div>\n\t\t<\/div>\n\t\t\t\t\t<\/div>\n\t\t<\/section>\n\t\t\t\t<\/div>","protected":false},"excerpt":{"rendered":"<p>Marzin tapas\u0131m\u0131z\u0131 Orta Do\u011fu mutfa\u011f\u0131n\u0131n g\u00f6zdelerinden humusu kendimizce yorumlayarak ortaya \u00e7\u0131kard\u0131k. Kapya biberin kat\u0131lmas\u0131yla rengi k\u0131rm\u0131z\u0131ya \u00e7alan marzin\u2019i humus sevenler \u00e7ok be\u011fenecekler. Dilim ekmek \u00fczerinde servis ediyoruz. \u00a0 \u0130\u00e7erik Bilgisi: Ko\u00e7ba\u015f\u0131 nohut, kapya biber, tahin, limon, baharatlar \u00a0 Hangi \u015earaplarla \u0130yi Gider? Marzin tapas\u0131m\u0131z\u0131 k\u0131rm\u0131z\u0131 \u015faraplarla \u00e7ok yak\u0131\u015ft\u0131r\u0131yoruz. G\u00f6vde yap\u0131lar\u0131 farkl\u0131l\u0131k g\u00f6sterse de Papaskaras\u0131 ve&#8230;<\/p>","protected":false},"featured_media":987813,"template":"","meta":[],"product_brand":[],"product_cat":[53],"product_tag":[56],"class_list":{"0":"post-987811","1":"product","2":"type-product","3":"status-publish","4":"has-post-thumbnail","6":"product_cat-vegan-vejetaryen-tapas","7":"product_tag-vegan","9":"first","10":"instock","11":"shipping-taxable","12":"product-type-simple"},"yoast_head":"<!-- This site is optimized with the Yoast SEO Premium plugin v15.5 - https:\/\/yoast.com\/wordpress\/plugins\/seo\/ -->\n<title>Marzin - Wayana Wine Bar<\/title>\n<meta name=\"robots\" content=\"index, follow, max-snippet:-1, max-image-preview:large, max-video-preview:-1\" \/>\n<link rel=\"canonical\" href=\"https:\/\/www.wayanatapas.com\/en\/product\/marzin\/\" \/>\n<meta property=\"og:locale\" content=\"en_US\" \/>\n<meta property=\"og:type\" content=\"article\" \/>\n<meta property=\"og:title\" content=\"Marzin - Wayana Wine Bar\" \/>\n<meta property=\"og:description\" content=\"Marzin tapas\u0131m\u0131z\u0131 Orta Do\u011fu mutfa\u011f\u0131n\u0131n g\u00f6zdelerinden humusu kendimizce yorumlayarak ortaya \u00e7\u0131kard\u0131k. Kapya biberin kat\u0131lmas\u0131yla rengi k\u0131rm\u0131z\u0131ya \u00e7alan marzin\u2019i humus sevenler \u00e7ok be\u011fenecekler. Dilim ekmek \u00fczerinde servis ediyoruz. \u00a0 \u0130\u00e7erik Bilgisi: Ko\u00e7ba\u015f\u0131 nohut, kapya biber, tahin, limon, baharatlar \u00a0 Hangi \u015earaplarla \u0130yi Gider? Marzin tapas\u0131m\u0131z\u0131 k\u0131rm\u0131z\u0131 \u015faraplarla \u00e7ok yak\u0131\u015ft\u0131r\u0131yoruz. G\u00f6vde yap\u0131lar\u0131 farkl\u0131l\u0131k g\u00f6sterse de Papaskaras\u0131 ve...\" \/>\n<meta property=\"og:url\" content=\"https:\/\/www.wayanatapas.com\/en\/product\/marzin\/\" \/>\n<meta property=\"og:site_name\" content=\"Wayana Wine Bar\" \/>\n<meta property=\"article:modified_time\" content=\"2022-09-09T10:53:37+00:00\" \/>\n<meta property=\"og:image\" content=\"https:\/\/www.wayanatapas.com\/wp-content\/uploads\/2022\/08\/MARZI\u0307N-106-copy.jpg\" \/>\n\t<meta property=\"og:image:width\" content=\"968\" \/>\n\t<meta property=\"og:image:height\" content=\"1314\" \/>\n<meta name=\"twitter:card\" content=\"summary_large_image\" \/>\n<meta name=\"twitter:label1\" content=\"Est. reading time\">\n\t<meta name=\"twitter:data1\" content=\"1 minute\">\n<script type=\"application\/ld+json\" class=\"yoast-schema-graph\">{\"@context\":\"https:\/\/schema.org\",\"@graph\":[{\"@type\":\"WebSite\",\"@id\":\"https:\/\/www.wayanatapas.com\/en\/#website\",\"url\":\"https:\/\/www.wayanatapas.com\/en\/\",\"name\":\"Wayana Wine Bar\",\"description\":\"Wayana Tapas\",\"potentialAction\":[{\"@type\":\"SearchAction\",\"target\":\"https:\/\/www.wayanatapas.com\/en\/?s={search_term_string}\",\"query-input\":\"required name=search_term_string\"}],\"inLanguage\":\"en-US\"},{\"@type\":\"ImageObject\",\"@id\":\"https:\/\/www.wayanatapas.com\/en\/product\/marzin\/#primaryimage\",\"inLanguage\":\"en-US\",\"url\":\"https:\/\/www.wayanatapas.com\/wp-content\/uploads\/2022\/08\/MARZI\\u0307N-106-copy.jpg\",\"width\":968,\"height\":1314},{\"@type\":\"WebPage\",\"@id\":\"https:\/\/www.wayanatapas.com\/en\/product\/marzin\/#webpage\",\"url\":\"https:\/\/www.wayanatapas.com\/en\/product\/marzin\/\",\"name\":\"Marzin - Wayana Wine Bar\",\"isPartOf\":{\"@id\":\"https:\/\/www.wayanatapas.com\/en\/#website\"},\"primaryImageOfPage\":{\"@id\":\"https:\/\/www.wayanatapas.com\/en\/product\/marzin\/#primaryimage\"},\"datePublished\":\"2022-08-16T10:10:27+00:00\",\"dateModified\":\"2022-09-09T10:53:37+00:00\",\"breadcrumb\":{\"@id\":\"https:\/\/www.wayanatapas.com\/en\/product\/marzin\/#breadcrumb\"},\"inLanguage\":\"en-US\",\"potentialAction\":[{\"@type\":\"ReadAction\",\"target\":[\"https:\/\/www.wayanatapas.com\/en\/product\/marzin\/\"]}]},{\"@type\":\"BreadcrumbList\",\"@id\":\"https:\/\/www.wayanatapas.com\/en\/product\/marzin\/#breadcrumb\",\"itemListElement\":[{\"@type\":\"ListItem\",\"position\":1,\"item\":{\"@type\":\"WebPage\",\"@id\":\"https:\/\/www.wayanatapas.com\/en\/\",\"url\":\"https:\/\/www.wayanatapas.com\/en\/\",\"name\":\"Anasayfa\"}},{\"@type\":\"ListItem\",\"position\":2,\"item\":{\"@type\":\"WebPage\",\"@id\":\"https:\/\/www.wayanatapas.com\/en\/magaza\/\",\"url\":\"https:\/\/www.wayanatapas.com\/en\/magaza\/\",\"name\":\"Ma\\u011faza\"}},{\"@type\":\"ListItem\",\"position\":3,\"item\":{\"@type\":\"WebPage\",\"@id\":\"https:\/\/www.wayanatapas.com\/en\/product\/marzin\/\",\"url\":\"https:\/\/www.wayanatapas.com\/en\/product\/marzin\/\",\"name\":\"Marzin\"}}]}]}<\/script>\n<!-- \/ Yoast SEO Premium plugin. -->","_links":{"self":[{"href":"https:\/\/www.wayanatapas.com\/en\/wp-json\/wp\/v2\/product\/987811","targetHints":{"allow":["GET"]}}],"collection":[{"href":"https:\/\/www.wayanatapas.com\/en\/wp-json\/wp\/v2\/product"}],"about":[{"href":"https:\/\/www.wayanatapas.com\/en\/wp-json\/wp\/v2\/types\/product"}],"version-history":[{"count":0,"href":"https:\/\/www.wayanatapas.com\/en\/wp-json\/wp\/v2\/product\/987811\/revisions"}],"wp:featuredmedia":[{"embeddable":true,"href":"https:\/\/www.wayanatapas.com\/en\/wp-json\/wp\/v2\/media\/987813"}],"wp:attachment":[{"href":"https:\/\/www.wayanatapas.com\/en\/wp-json\/wp\/v2\/media?parent=987811"}],"wp:term":[{"taxonomy":"product_brand","embeddable":true,"href":"https:\/\/www.wayanatapas.com\/en\/wp-json\/wp\/v2\/product_brand?post=987811"},{"taxonomy":"product_cat","embeddable":true,"href":"https:\/\/www.wayanatapas.com\/en\/wp-json\/wp\/v2\/product_cat?post=987811"},{"taxonomy":"product_tag","embeddable":true,"href":"https:\/\/www.wayanatapas.com\/en\/wp-json\/wp\/v2\/product_tag?post=987811"}],"curies":[{"name":"wp","href":"https:\/\/api.w.org\/{rel}","templated":true}]}}