{"id":987815,"date":"2022-08-16T13:11:16","date_gmt":"2022-08-16T10:11:16","guid":{"rendered":"https:\/\/www.wayanatapas.com\/?post_type=product&#038;p=987815"},"modified":"2022-09-09T13:58:09","modified_gmt":"2022-09-09T10:58:09","slug":"vasar","status":"publish","type":"product","link":"https:\/\/www.wayanatapas.com\/en\/product\/vasar\/","title":{"rendered":"Vasar"},"content":{"rendered":"<div data-elementor-type=\"product-post\" data-elementor-id=\"987815\" class=\"elementor elementor-987815\" data-elementor-post-type=\"product\">\n\t\t\t\t\t\t<section class=\"elementor-section elementor-top-section elementor-element elementor-element-291ac02 elementor-section-boxed elementor-section-height-default elementor-section-height-default\" data-id=\"291ac02\" data-element_type=\"section\" data-e-type=\"section\">\n\t\t\t\t\t\t\t<div class=\"elementor-background-overlay\"><\/div>\n\t\t\t\t\t\t\t<div class=\"elementor-container elementor-column-gap-default\">\n\t\t\t\t\t<div class=\"elementor-column elementor-col-100 elementor-top-column elementor-element elementor-element-b960f3f\" data-id=\"b960f3f\" data-element_type=\"column\" data-e-type=\"column\" data-settings=\"{&quot;background_background&quot;:&quot;classic&quot;}\">\n\t\t\t<div class=\"elementor-widget-wrap elementor-element-populated\">\n\t\t\t\t\t\t<div class=\"elementor-element elementor-element-7ab791d elementor-widget elementor-widget-text-editor\" data-id=\"7ab791d\" data-element_type=\"widget\" data-e-type=\"widget\" data-widget_type=\"text-editor.default\">\n\t\t\t\t<div class=\"elementor-widget-container\">\n\t\t\t\t\t\t\t\t\t<p>In traditional Turkish wine and raki culture, the appetizers and side dishes are called meze. There is one popular meze in Turkish cuisine that is made with dried broad beans. Building on this traditional taste, we turned it into Vasar by adding roasted chard and whole garlic pieces. It is served on a slice of bread.<\/p><p>\u00a0<\/p><p><strong>Ingredients:<\/strong><\/p><p>Dried broad beans, chard leaves, garlic, virgin olive oil, spices, salt<\/p><p>\u00a0<\/p><p><strong>Wine Pairing:<\/strong><\/p><p>Vasar pairs well with full-bodied red and white wines like Cabernet Sauvignon, Petit Verdot, Ac\u0131kara, Chardonnay, and Narince.<\/p><p>\u00a0<\/p><p><strong>What Does VASAR Mean?<\/strong><\/p><p>In creating the names of our tapas, we were inspired by the archaic Hittite language. In Hittite, WASHAR means garlic, which is a central component of of our tapas, so we chose Vasar as its name, bringing it closer to Turkish phonetics.<\/p>\t\t\t\t\t\t\t\t<\/div>\n\t\t\t\t<\/div>\n\t\t\t\t<section class=\"elementor-section elementor-inner-section elementor-element elementor-element-331d5f0 elementor-section-boxed elementor-section-height-default elementor-section-height-default\" data-id=\"331d5f0\" data-element_type=\"section\" data-e-type=\"section\">\n\t\t\t\t\t\t<div class=\"elementor-container elementor-column-gap-default\">\n\t\t\t\t\t<div class=\"elementor-column elementor-col-100 elementor-inner-column elementor-element elementor-element-bf06f9c\" data-id=\"bf06f9c\" data-element_type=\"column\" data-e-type=\"column\">\n\t\t\t<div class=\"elementor-widget-wrap\">\n\t\t\t\t\t\t\t<\/div>\n\t\t<\/div>\n\t\t\t\t\t<\/div>\n\t\t<\/section>\n\t\t\t\t\t<\/div>\n\t\t<\/div>\n\t\t\t\t\t<\/div>\n\t\t<\/section>\n\t\t\t\t<\/div>","protected":false},"excerpt":{"rendered":"<p>Meze sofralar\u0131m\u0131z\u0131n ayr\u0131lmaz par\u00e7as\u0131 favay\u0131 kavrulmu\u015f paz\u0131yla harmanlayarak haz\u0131rlad\u0131\u011f\u0131m\u0131z bu nefis tapasa k\u0131zarm\u0131\u015f sar\u0131msak di\u015fleri bamba\u015fka bir lezzet kat\u0131yor. Dilim ekmek \u00fczerinde servis ediyoruz. \u00a0 \u0130\u00e7erik Bilgisi: Kurutulmu\u015f i\u00e7 bakla, paz\u0131 yapraklar\u0131, di\u015f sar\u0131msak, s\u0131zma zeytinya\u011f\u0131, baharatlar, tuz \u00a0 Hangi \u015earaplarla \u0130yi Gider? Vasar g\u00f6vdeli beyaz ve k\u0131rm\u0131z\u0131 \u015faraplarla t\u00fcketildi\u011finde yeme\u011fin dengesi sa\u011flan\u0131r. Cabernet Sauvignon,&#8230;<\/p>","protected":false},"featured_media":987816,"template":"","meta":[],"product_brand":[],"product_cat":[53],"product_tag":[56],"class_list":{"0":"post-987815","1":"product","2":"type-product","3":"status-publish","4":"has-post-thumbnail","6":"product_cat-vegan-vejetaryen-tapas","7":"product_tag-vegan","9":"first","10":"instock","11":"shipping-taxable","12":"product-type-simple"},"yoast_head":"<!-- This site is optimized with the Yoast SEO Premium plugin v15.5 - https:\/\/yoast.com\/wordpress\/plugins\/seo\/ -->\n<title>Vasar - Wayana Wine Bar<\/title>\n<meta name=\"robots\" content=\"index, follow, max-snippet:-1, max-image-preview:large, max-video-preview:-1\" \/>\n<link rel=\"canonical\" href=\"https:\/\/www.wayanatapas.com\/en\/product\/vasar\/\" \/>\n<meta property=\"og:locale\" content=\"en_US\" \/>\n<meta property=\"og:type\" content=\"article\" \/>\n<meta property=\"og:title\" content=\"Vasar - Wayana Wine Bar\" \/>\n<meta property=\"og:description\" content=\"Meze sofralar\u0131m\u0131z\u0131n ayr\u0131lmaz par\u00e7as\u0131 favay\u0131 kavrulmu\u015f paz\u0131yla harmanlayarak haz\u0131rlad\u0131\u011f\u0131m\u0131z bu nefis tapasa k\u0131zarm\u0131\u015f sar\u0131msak di\u015fleri bamba\u015fka bir lezzet kat\u0131yor. Dilim ekmek \u00fczerinde servis ediyoruz. \u00a0 \u0130\u00e7erik Bilgisi: Kurutulmu\u015f i\u00e7 bakla, paz\u0131 yapraklar\u0131, di\u015f sar\u0131msak, s\u0131zma zeytinya\u011f\u0131, baharatlar, tuz \u00a0 Hangi \u015earaplarla \u0130yi Gider? Vasar g\u00f6vdeli beyaz ve k\u0131rm\u0131z\u0131 \u015faraplarla t\u00fcketildi\u011finde yeme\u011fin dengesi sa\u011flan\u0131r. Cabernet Sauvignon,...\" \/>\n<meta property=\"og:url\" content=\"https:\/\/www.wayanatapas.com\/en\/product\/vasar\/\" \/>\n<meta property=\"og:site_name\" content=\"Wayana Wine Bar\" \/>\n<meta property=\"article:modified_time\" content=\"2022-09-09T10:58:09+00:00\" \/>\n<meta property=\"og:image\" content=\"https:\/\/www.wayanatapas.com\/wp-content\/uploads\/2022\/08\/VASAR-105-copy.jpg\" \/>\n\t<meta property=\"og:image:width\" content=\"968\" \/>\n\t<meta property=\"og:image:height\" content=\"1314\" \/>\n<meta name=\"twitter:card\" content=\"summary_large_image\" \/>\n<meta name=\"twitter:label1\" content=\"Est. reading time\">\n\t<meta name=\"twitter:data1\" content=\"1 minute\">\n<script type=\"application\/ld+json\" class=\"yoast-schema-graph\">{\"@context\":\"https:\/\/schema.org\",\"@graph\":[{\"@type\":\"WebSite\",\"@id\":\"https:\/\/www.wayanatapas.com\/en\/#website\",\"url\":\"https:\/\/www.wayanatapas.com\/en\/\",\"name\":\"Wayana Wine Bar\",\"description\":\"Wayana Tapas\",\"potentialAction\":[{\"@type\":\"SearchAction\",\"target\":\"https:\/\/www.wayanatapas.com\/en\/?s={search_term_string}\",\"query-input\":\"required name=search_term_string\"}],\"inLanguage\":\"en-US\"},{\"@type\":\"ImageObject\",\"@id\":\"https:\/\/www.wayanatapas.com\/en\/product\/vasar\/#primaryimage\",\"inLanguage\":\"en-US\",\"url\":\"https:\/\/www.wayanatapas.com\/wp-content\/uploads\/2022\/08\/VASAR-105-copy.jpg\",\"width\":968,\"height\":1314},{\"@type\":\"WebPage\",\"@id\":\"https:\/\/www.wayanatapas.com\/en\/product\/vasar\/#webpage\",\"url\":\"https:\/\/www.wayanatapas.com\/en\/product\/vasar\/\",\"name\":\"Vasar - Wayana Wine Bar\",\"isPartOf\":{\"@id\":\"https:\/\/www.wayanatapas.com\/en\/#website\"},\"primaryImageOfPage\":{\"@id\":\"https:\/\/www.wayanatapas.com\/en\/product\/vasar\/#primaryimage\"},\"datePublished\":\"2022-08-16T10:11:16+00:00\",\"dateModified\":\"2022-09-09T10:58:09+00:00\",\"breadcrumb\":{\"@id\":\"https:\/\/www.wayanatapas.com\/en\/product\/vasar\/#breadcrumb\"},\"inLanguage\":\"en-US\",\"potentialAction\":[{\"@type\":\"ReadAction\",\"target\":[\"https:\/\/www.wayanatapas.com\/en\/product\/vasar\/\"]}]},{\"@type\":\"BreadcrumbList\",\"@id\":\"https:\/\/www.wayanatapas.com\/en\/product\/vasar\/#breadcrumb\",\"itemListElement\":[{\"@type\":\"ListItem\",\"position\":1,\"item\":{\"@type\":\"WebPage\",\"@id\":\"https:\/\/www.wayanatapas.com\/en\/\",\"url\":\"https:\/\/www.wayanatapas.com\/en\/\",\"name\":\"Anasayfa\"}},{\"@type\":\"ListItem\",\"position\":2,\"item\":{\"@type\":\"WebPage\",\"@id\":\"https:\/\/www.wayanatapas.com\/en\/magaza\/\",\"url\":\"https:\/\/www.wayanatapas.com\/en\/magaza\/\",\"name\":\"Ma\\u011faza\"}},{\"@type\":\"ListItem\",\"position\":3,\"item\":{\"@type\":\"WebPage\",\"@id\":\"https:\/\/www.wayanatapas.com\/en\/product\/vasar\/\",\"url\":\"https:\/\/www.wayanatapas.com\/en\/product\/vasar\/\",\"name\":\"Vasar\"}}]}]}<\/script>\n<!-- \/ Yoast SEO Premium plugin. -->","_links":{"self":[{"href":"https:\/\/www.wayanatapas.com\/en\/wp-json\/wp\/v2\/product\/987815","targetHints":{"allow":["GET"]}}],"collection":[{"href":"https:\/\/www.wayanatapas.com\/en\/wp-json\/wp\/v2\/product"}],"about":[{"href":"https:\/\/www.wayanatapas.com\/en\/wp-json\/wp\/v2\/types\/product"}],"version-history":[{"count":0,"href":"https:\/\/www.wayanatapas.com\/en\/wp-json\/wp\/v2\/product\/987815\/revisions"}],"wp:featuredmedia":[{"embeddable":true,"href":"https:\/\/www.wayanatapas.com\/en\/wp-json\/wp\/v2\/media\/987816"}],"wp:attachment":[{"href":"https:\/\/www.wayanatapas.com\/en\/wp-json\/wp\/v2\/media?parent=987815"}],"wp:term":[{"taxonomy":"product_brand","embeddable":true,"href":"https:\/\/www.wayanatapas.com\/en\/wp-json\/wp\/v2\/product_brand?post=987815"},{"taxonomy":"product_cat","embeddable":true,"href":"https:\/\/www.wayanatapas.com\/en\/wp-json\/wp\/v2\/product_cat?post=987815"},{"taxonomy":"product_tag","embeddable":true,"href":"https:\/\/www.wayanatapas.com\/en\/wp-json\/wp\/v2\/product_tag?post=987815"}],"curies":[{"name":"wp","href":"https:\/\/api.w.org\/{rel}","templated":true}]}}