{"id":987821,"date":"2022-08-16T13:13:29","date_gmt":"2022-08-16T10:13:29","guid":{"rendered":"https:\/\/www.wayanatapas.com\/?post_type=product&#038;p=987821"},"modified":"2022-09-09T13:29:29","modified_gmt":"2022-09-09T10:29:29","slug":"kappara","status":"publish","type":"product","link":"https:\/\/www.wayanatapas.com\/en\/product\/kappara\/","title":{"rendered":"Kappara"},"content":{"rendered":"<div data-elementor-type=\"product-post\" data-elementor-id=\"987821\" class=\"elementor elementor-987821\" data-elementor-post-type=\"product\">\n\t\t\t\t\t\t<section class=\"elementor-section elementor-top-section elementor-element elementor-element-291ac02 elementor-section-boxed elementor-section-height-default elementor-section-height-default\" data-id=\"291ac02\" data-element_type=\"section\" data-e-type=\"section\">\n\t\t\t\t\t\t\t<div class=\"elementor-background-overlay\"><\/div>\n\t\t\t\t\t\t\t<div class=\"elementor-container elementor-column-gap-default\">\n\t\t\t\t\t<div class=\"elementor-column elementor-col-100 elementor-top-column elementor-element elementor-element-b960f3f\" data-id=\"b960f3f\" data-element_type=\"column\" data-e-type=\"column\" data-settings=\"{&quot;background_background&quot;:&quot;classic&quot;}\">\n\t\t\t<div class=\"elementor-widget-wrap elementor-element-populated\">\n\t\t\t\t\t\t<div class=\"elementor-element elementor-element-7ab791d elementor-widget elementor-widget-text-editor\" data-id=\"7ab791d\" data-element_type=\"widget\" data-e-type=\"widget\" data-widget_type=\"text-editor.default\">\n\t\t\t\t<div class=\"elementor-widget-container\">\n\t\t\t\t\t\t\t\t\t<p>We were inspired by a local Antakya starter dish, \u201cm\u00fctebbel\u201d, while preparing Kappara tapas. After roasting the eggplants, we peel of the skin, mix it with walnuts and tahini, and serve on a slice of bread with a sprinkle of parsley.<\/p><p>\u00a0<\/p><p><strong>Ingredients:<\/strong><\/p><p>Roasted eggplant, walnut, tahini, parsley, glazed balsamic vinegar, virgin olive oil.<\/p><p>\u00a0<\/p><p><strong>Wine Pairing:<\/strong><\/p><p>Kappara pairs well with aromatic white and ros\u00e9 wines. Bornova Muscat, Narince, Gew\u00fcrtztraminer, and Riesling would be a perfect fit.<\/p><p>\u00a0<\/p><p><strong>What does KAPPARA mean?<\/strong><\/p><p>In creating the names of our tapas, we were inspired by the archaic Hittite language. KAPPARA means a mix of vegetables in Hittite. When we first created our kappara tapas, the recipe called for a lot of different vegetables in it, hence the name. Later on, however, we decided the reduce the number of vegetables in the dish, and yet kept the name.<\/p>\t\t\t\t\t\t\t\t<\/div>\n\t\t\t\t<\/div>\n\t\t\t\t<section class=\"elementor-section elementor-inner-section elementor-element elementor-element-331d5f0 elementor-section-boxed elementor-section-height-default elementor-section-height-default\" data-id=\"331d5f0\" data-element_type=\"section\" data-e-type=\"section\">\n\t\t\t\t\t\t<div class=\"elementor-container elementor-column-gap-default\">\n\t\t\t\t\t<div class=\"elementor-column elementor-col-100 elementor-inner-column elementor-element elementor-element-bf06f9c\" data-id=\"bf06f9c\" data-element_type=\"column\" data-e-type=\"column\">\n\t\t\t<div class=\"elementor-widget-wrap\">\n\t\t\t\t\t\t\t<\/div>\n\t\t<\/div>\n\t\t\t\t\t<\/div>\n\t\t<\/section>\n\t\t\t\t\t<\/div>\n\t\t<\/div>\n\t\t\t\t\t<\/div>\n\t\t<\/section>\n\t\t\t\t<\/div>","protected":false},"excerpt":{"rendered":"<p>Kappara tapas\u0131m\u0131z\u0131 Antakya mutfa\u011f\u0131ndaki \u201cm\u00fctebbel\u201di yeniden yorumlayarak geli\u015ftirdik. K\u00f6zlenmi\u015f patl\u0131can\u0131n kabuklar\u0131n\u0131 temizledikten sonra k\u0131r\u0131k ceviz ve tahinle lezzetlendiriyoruz. Tapas\u0131 ta\u015f\u0131y\u0131c\u0131s\u0131n\u0131n \u00fczerinde koyduktan sonra maydanozla s\u00fcsleyerek servis ediyoruz. \u00a0 \u0130\u00e7erik Bilgisi: K\u00f6zlenmi\u015f patl\u0131can, iri par\u00e7al\u0131 k\u0131r\u0131k ceviz, tahin, maydanoz, glaze balzamik, s\u0131zma zeytinya\u011f\u0131 \u00a0 Hangi \u015earaplarla \u0130yi Gider? Kappara aromatik beyaz \u015faraplar ve roze \u015faraplarla \u00e7ok&#8230;<\/p>","protected":false},"featured_media":988959,"template":"","meta":[],"product_brand":[],"product_cat":[53],"product_tag":[56],"class_list":{"0":"post-987821","1":"product","2":"type-product","3":"status-publish","4":"has-post-thumbnail","6":"product_cat-vegan-vejetaryen-tapas","7":"product_tag-vegan","9":"first","10":"instock","11":"shipping-taxable","12":"product-type-simple"},"yoast_head":"<!-- This site is optimized with the Yoast SEO Premium plugin v15.5 - https:\/\/yoast.com\/wordpress\/plugins\/seo\/ -->\n<title>Kappara - Wayana Wine Bar<\/title>\n<meta name=\"robots\" content=\"index, follow, max-snippet:-1, max-image-preview:large, max-video-preview:-1\" \/>\n<link rel=\"canonical\" href=\"https:\/\/www.wayanatapas.com\/en\/product\/kappara\/\" \/>\n<meta property=\"og:locale\" content=\"en_US\" \/>\n<meta property=\"og:type\" content=\"article\" \/>\n<meta property=\"og:title\" content=\"Kappara - Wayana Wine Bar\" \/>\n<meta property=\"og:description\" content=\"Kappara tapas\u0131m\u0131z\u0131 Antakya mutfa\u011f\u0131ndaki \u201cm\u00fctebbel\u201di yeniden yorumlayarak geli\u015ftirdik. K\u00f6zlenmi\u015f patl\u0131can\u0131n kabuklar\u0131n\u0131 temizledikten sonra k\u0131r\u0131k ceviz ve tahinle lezzetlendiriyoruz. Tapas\u0131 ta\u015f\u0131y\u0131c\u0131s\u0131n\u0131n \u00fczerinde koyduktan sonra maydanozla s\u00fcsleyerek servis ediyoruz. \u00a0 \u0130\u00e7erik Bilgisi: K\u00f6zlenmi\u015f patl\u0131can, iri par\u00e7al\u0131 k\u0131r\u0131k ceviz, tahin, maydanoz, glaze balzamik, s\u0131zma zeytinya\u011f\u0131 \u00a0 Hangi \u015earaplarla \u0130yi Gider? Kappara aromatik beyaz \u015faraplar ve roze \u015faraplarla \u00e7ok...\" \/>\n<meta property=\"og:url\" content=\"https:\/\/www.wayanatapas.com\/en\/product\/kappara\/\" \/>\n<meta property=\"og:site_name\" content=\"Wayana Wine Bar\" \/>\n<meta property=\"article:modified_time\" content=\"2022-09-09T10:29:29+00:00\" \/>\n<meta property=\"og:image\" content=\"https:\/\/www.wayanatapas.com\/wp-content\/uploads\/2022\/08\/KAPPARA-copy.jpg\" \/>\n\t<meta property=\"og:image:width\" content=\"968\" \/>\n\t<meta property=\"og:image:height\" content=\"1314\" \/>\n<meta name=\"twitter:card\" content=\"summary_large_image\" \/>\n<meta name=\"twitter:label1\" content=\"Est. reading time\">\n\t<meta name=\"twitter:data1\" content=\"1 minute\">\n<script type=\"application\/ld+json\" class=\"yoast-schema-graph\">{\"@context\":\"https:\/\/schema.org\",\"@graph\":[{\"@type\":\"WebSite\",\"@id\":\"https:\/\/www.wayanatapas.com\/en\/#website\",\"url\":\"https:\/\/www.wayanatapas.com\/en\/\",\"name\":\"Wayana Wine Bar\",\"description\":\"Wayana Tapas\",\"potentialAction\":[{\"@type\":\"SearchAction\",\"target\":\"https:\/\/www.wayanatapas.com\/en\/?s={search_term_string}\",\"query-input\":\"required name=search_term_string\"}],\"inLanguage\":\"en-US\"},{\"@type\":\"ImageObject\",\"@id\":\"https:\/\/www.wayanatapas.com\/en\/product\/kappara\/#primaryimage\",\"inLanguage\":\"en-US\",\"url\":\"https:\/\/www.wayanatapas.com\/wp-content\/uploads\/2022\/08\/KAPPARA-copy.jpg\",\"width\":968,\"height\":1314},{\"@type\":\"WebPage\",\"@id\":\"https:\/\/www.wayanatapas.com\/en\/product\/kappara\/#webpage\",\"url\":\"https:\/\/www.wayanatapas.com\/en\/product\/kappara\/\",\"name\":\"Kappara - Wayana Wine Bar\",\"isPartOf\":{\"@id\":\"https:\/\/www.wayanatapas.com\/en\/#website\"},\"primaryImageOfPage\":{\"@id\":\"https:\/\/www.wayanatapas.com\/en\/product\/kappara\/#primaryimage\"},\"datePublished\":\"2022-08-16T10:13:29+00:00\",\"dateModified\":\"2022-09-09T10:29:29+00:00\",\"breadcrumb\":{\"@id\":\"https:\/\/www.wayanatapas.com\/en\/product\/kappara\/#breadcrumb\"},\"inLanguage\":\"en-US\",\"potentialAction\":[{\"@type\":\"ReadAction\",\"target\":[\"https:\/\/www.wayanatapas.com\/en\/product\/kappara\/\"]}]},{\"@type\":\"BreadcrumbList\",\"@id\":\"https:\/\/www.wayanatapas.com\/en\/product\/kappara\/#breadcrumb\",\"itemListElement\":[{\"@type\":\"ListItem\",\"position\":1,\"item\":{\"@type\":\"WebPage\",\"@id\":\"https:\/\/www.wayanatapas.com\/en\/\",\"url\":\"https:\/\/www.wayanatapas.com\/en\/\",\"name\":\"Anasayfa\"}},{\"@type\":\"ListItem\",\"position\":2,\"item\":{\"@type\":\"WebPage\",\"@id\":\"https:\/\/www.wayanatapas.com\/en\/magaza\/\",\"url\":\"https:\/\/www.wayanatapas.com\/en\/magaza\/\",\"name\":\"Ma\\u011faza\"}},{\"@type\":\"ListItem\",\"position\":3,\"item\":{\"@type\":\"WebPage\",\"@id\":\"https:\/\/www.wayanatapas.com\/en\/product\/kappara\/\",\"url\":\"https:\/\/www.wayanatapas.com\/en\/product\/kappara\/\",\"name\":\"Kappara\"}}]}]}<\/script>\n<!-- \/ Yoast SEO Premium plugin. -->","_links":{"self":[{"href":"https:\/\/www.wayanatapas.com\/en\/wp-json\/wp\/v2\/product\/987821","targetHints":{"allow":["GET"]}}],"collection":[{"href":"https:\/\/www.wayanatapas.com\/en\/wp-json\/wp\/v2\/product"}],"about":[{"href":"https:\/\/www.wayanatapas.com\/en\/wp-json\/wp\/v2\/types\/product"}],"version-history":[{"count":0,"href":"https:\/\/www.wayanatapas.com\/en\/wp-json\/wp\/v2\/product\/987821\/revisions"}],"wp:featuredmedia":[{"embeddable":true,"href":"https:\/\/www.wayanatapas.com\/en\/wp-json\/wp\/v2\/media\/988959"}],"wp:attachment":[{"href":"https:\/\/www.wayanatapas.com\/en\/wp-json\/wp\/v2\/media?parent=987821"}],"wp:term":[{"taxonomy":"product_brand","embeddable":true,"href":"https:\/\/www.wayanatapas.com\/en\/wp-json\/wp\/v2\/product_brand?post=987821"},{"taxonomy":"product_cat","embeddable":true,"href":"https:\/\/www.wayanatapas.com\/en\/wp-json\/wp\/v2\/product_cat?post=987821"},{"taxonomy":"product_tag","embeddable":true,"href":"https:\/\/www.wayanatapas.com\/en\/wp-json\/wp\/v2\/product_tag?post=987821"}],"curies":[{"name":"wp","href":"https:\/\/api.w.org\/{rel}","templated":true}]}}