{"id":988410,"date":"2022-08-25T11:06:00","date_gmt":"2022-08-25T08:06:00","guid":{"rendered":"https:\/\/www.wayanatapas.com\/?post_type=product&#038;p=988410"},"modified":"2022-09-09T13:03:48","modified_gmt":"2022-09-09T10:03:48","slug":"arlappia","status":"publish","type":"product","link":"https:\/\/www.wayanatapas.com\/en\/product\/arlappia\/","title":{"rendered":"Arlappia"},"content":{"rendered":"<div data-elementor-type=\"product-post\" data-elementor-id=\"988410\" class=\"elementor elementor-988410\" data-elementor-post-type=\"product\">\n\t\t\t\t\t\t<section class=\"elementor-section elementor-top-section elementor-element elementor-element-291ac02 elementor-section-boxed elementor-section-height-default elementor-section-height-default\" data-id=\"291ac02\" data-element_type=\"section\" data-e-type=\"section\">\n\t\t\t\t\t\t\t<div class=\"elementor-background-overlay\"><\/div>\n\t\t\t\t\t\t\t<div class=\"elementor-container elementor-column-gap-default\">\n\t\t\t\t\t<div class=\"elementor-column elementor-col-100 elementor-top-column elementor-element elementor-element-b960f3f\" data-id=\"b960f3f\" data-element_type=\"column\" data-e-type=\"column\" data-settings=\"{&quot;background_background&quot;:&quot;classic&quot;}\">\n\t\t\t<div class=\"elementor-widget-wrap elementor-element-populated\">\n\t\t\t\t\t\t<div class=\"elementor-element elementor-element-7ab791d elementor-widget elementor-widget-text-editor\" data-id=\"7ab791d\" data-element_type=\"widget\" data-e-type=\"widget\" data-widget_type=\"text-editor.default\">\n\t\t\t\t<div class=\"elementor-widget-container\">\n\t\t\t\t\t\t\t\t\t<p>Roasted chard leaves and broad bean paste is served on an artichoke, and decorated with roasted garlic.<\/p><p>\u00a0<\/p><p><strong>Ingredients:<\/strong><\/p><p>Artichoke, chard leaves, dried broad beans, garlic, lemon, virgin olive oil, spices, salt<\/p><p>\u00a0<\/p><p><strong>Wine Pairing:<\/strong><\/p><p>Light-bodied red wines like Fersun, Karasak\u0131z, and Gamay pair well with Arlappia.<\/p><p>\u00a0<\/p><p><strong>What Does Arlappia Mean?<\/strong><\/p><p>In creating the names of our tapas, we were inspired by the archaic Hittite language. \u201cLappia\u201d means roasting in Hittite language. We added the prefix \u201car\u201d to symbolize artichoke. Hence the name of our tapas: Arlappia.<\/p>\t\t\t\t\t\t\t\t<\/div>\n\t\t\t\t<\/div>\n\t\t\t\t<section class=\"elementor-section elementor-inner-section elementor-element elementor-element-331d5f0 elementor-section-boxed elementor-section-height-default elementor-section-height-default\" data-id=\"331d5f0\" data-element_type=\"section\" data-e-type=\"section\">\n\t\t\t\t\t\t<div class=\"elementor-container elementor-column-gap-default\">\n\t\t\t\t\t<div class=\"elementor-column elementor-col-100 elementor-inner-column elementor-element elementor-element-bf06f9c\" data-id=\"bf06f9c\" data-element_type=\"column\" data-e-type=\"column\">\n\t\t\t<div class=\"elementor-widget-wrap\">\n\t\t\t\t\t\t\t<\/div>\n\t\t<\/div>\n\t\t\t\t\t<\/div>\n\t\t<\/section>\n\t\t\t\t\t<\/div>\n\t\t<\/div>\n\t\t\t\t\t<\/div>\n\t\t<\/section>\n\t\t\t\t<\/div>","protected":false},"excerpt":{"rendered":"<p>S\u0131zma zeytinya\u011f\u0131nda kavurdu\u011fumuz paz\u0131 yapraklar\u0131n\u0131 i\u00e7 baklayla haz\u0131rlad\u0131\u011f\u0131m\u0131z sosun \u00fczerine servis ediyoruz. Alt\u0131nda bir b\u00fct\u00fcn enginar \u00e7ana\u011f\u0131 olan bu tapas\u0131m\u0131z\u0131 k\u0131zarm\u0131\u015f sar\u0131msak di\u015fleriyle tatland\u0131r\u0131yoruz. \u00a0 \u0130\u00e7erik Bilgisi: Enginar, paz\u0131 yapraklar\u0131, kuru i\u00e7 bakla, sar\u0131msak, s\u0131zma zeytinya\u011f\u0131, baharatlar \u00a0 Hangi \u015earaplarla \u0130yi Gider? Arlappia hafif g\u00f6vdeli Fersun, Karasak\u0131z, Gamay gibi k\u0131rm\u0131z\u0131 \u015faraplarla iyi gider. \u00a0 ARLAPP\u0130A&#8230;<\/p>","protected":false},"featured_media":988973,"template":"","meta":[],"product_brand":[],"product_cat":[104],"product_tag":[103],"class_list":{"0":"post-988410","1":"product","2":"type-product","3":"status-publish","4":"has-post-thumbnail","6":"product_cat-enginar-canak","7":"product_tag-enginar-canak","9":"first","10":"instock","11":"shipping-taxable","12":"product-type-simple"},"yoast_head":"<!-- This site is optimized with the Yoast SEO Premium plugin v15.5 - https:\/\/yoast.com\/wordpress\/plugins\/seo\/ -->\n<title>Arlappia - Wayana Wine Bar<\/title>\n<meta name=\"robots\" content=\"index, follow, max-snippet:-1, max-image-preview:large, max-video-preview:-1\" \/>\n<link rel=\"canonical\" href=\"https:\/\/www.wayanatapas.com\/en\/product\/arlappia\/\" \/>\n<meta property=\"og:locale\" content=\"en_US\" \/>\n<meta property=\"og:type\" content=\"article\" \/>\n<meta property=\"og:title\" content=\"Arlappia - Wayana Wine Bar\" \/>\n<meta property=\"og:description\" content=\"S\u0131zma zeytinya\u011f\u0131nda kavurdu\u011fumuz paz\u0131 yapraklar\u0131n\u0131 i\u00e7 baklayla haz\u0131rlad\u0131\u011f\u0131m\u0131z sosun \u00fczerine servis ediyoruz. Alt\u0131nda bir b\u00fct\u00fcn enginar \u00e7ana\u011f\u0131 olan bu tapas\u0131m\u0131z\u0131 k\u0131zarm\u0131\u015f sar\u0131msak di\u015fleriyle tatland\u0131r\u0131yoruz. \u00a0 \u0130\u00e7erik Bilgisi: Enginar, paz\u0131 yapraklar\u0131, kuru i\u00e7 bakla, sar\u0131msak, s\u0131zma zeytinya\u011f\u0131, baharatlar \u00a0 Hangi \u015earaplarla \u0130yi Gider? Arlappia hafif g\u00f6vdeli Fersun, Karasak\u0131z, Gamay gibi k\u0131rm\u0131z\u0131 \u015faraplarla iyi gider. \u00a0 ARLAPP\u0130A...\" \/>\n<meta property=\"og:url\" content=\"https:\/\/www.wayanatapas.com\/en\/product\/arlappia\/\" \/>\n<meta property=\"og:site_name\" content=\"Wayana Wine Bar\" \/>\n<meta property=\"article:modified_time\" content=\"2022-09-09T10:03:48+00:00\" \/>\n<meta property=\"og:image\" content=\"https:\/\/www.wayanatapas.com\/wp-content\/uploads\/2022\/08\/ARLAPPI\u0307A-copy.jpg\" \/>\n\t<meta property=\"og:image:width\" content=\"968\" \/>\n\t<meta property=\"og:image:height\" content=\"1314\" \/>\n<meta name=\"twitter:card\" content=\"summary_large_image\" \/>\n<meta name=\"twitter:label1\" content=\"Est. reading time\">\n\t<meta name=\"twitter:data1\" content=\"1 minute\">\n<script type=\"application\/ld+json\" class=\"yoast-schema-graph\">{\"@context\":\"https:\/\/schema.org\",\"@graph\":[{\"@type\":\"WebSite\",\"@id\":\"https:\/\/www.wayanatapas.com\/en\/#website\",\"url\":\"https:\/\/www.wayanatapas.com\/en\/\",\"name\":\"Wayana Wine Bar\",\"description\":\"Wayana Tapas\",\"potentialAction\":[{\"@type\":\"SearchAction\",\"target\":\"https:\/\/www.wayanatapas.com\/en\/?s={search_term_string}\",\"query-input\":\"required name=search_term_string\"}],\"inLanguage\":\"en-US\"},{\"@type\":\"ImageObject\",\"@id\":\"https:\/\/www.wayanatapas.com\/en\/product\/arlappia\/#primaryimage\",\"inLanguage\":\"en-US\",\"url\":\"https:\/\/www.wayanatapas.com\/wp-content\/uploads\/2022\/08\/ARLAPPI\\u0307A-copy.jpg\",\"width\":968,\"height\":1314},{\"@type\":\"WebPage\",\"@id\":\"https:\/\/www.wayanatapas.com\/en\/product\/arlappia\/#webpage\",\"url\":\"https:\/\/www.wayanatapas.com\/en\/product\/arlappia\/\",\"name\":\"Arlappia - Wayana Wine Bar\",\"isPartOf\":{\"@id\":\"https:\/\/www.wayanatapas.com\/en\/#website\"},\"primaryImageOfPage\":{\"@id\":\"https:\/\/www.wayanatapas.com\/en\/product\/arlappia\/#primaryimage\"},\"datePublished\":\"2022-08-25T08:06:00+00:00\",\"dateModified\":\"2022-09-09T10:03:48+00:00\",\"breadcrumb\":{\"@id\":\"https:\/\/www.wayanatapas.com\/en\/product\/arlappia\/#breadcrumb\"},\"inLanguage\":\"en-US\",\"potentialAction\":[{\"@type\":\"ReadAction\",\"target\":[\"https:\/\/www.wayanatapas.com\/en\/product\/arlappia\/\"]}]},{\"@type\":\"BreadcrumbList\",\"@id\":\"https:\/\/www.wayanatapas.com\/en\/product\/arlappia\/#breadcrumb\",\"itemListElement\":[{\"@type\":\"ListItem\",\"position\":1,\"item\":{\"@type\":\"WebPage\",\"@id\":\"https:\/\/www.wayanatapas.com\/en\/\",\"url\":\"https:\/\/www.wayanatapas.com\/en\/\",\"name\":\"Anasayfa\"}},{\"@type\":\"ListItem\",\"position\":2,\"item\":{\"@type\":\"WebPage\",\"@id\":\"https:\/\/www.wayanatapas.com\/en\/magaza\/\",\"url\":\"https:\/\/www.wayanatapas.com\/en\/magaza\/\",\"name\":\"Ma\\u011faza\"}},{\"@type\":\"ListItem\",\"position\":3,\"item\":{\"@type\":\"WebPage\",\"@id\":\"https:\/\/www.wayanatapas.com\/en\/product\/arlappia\/\",\"url\":\"https:\/\/www.wayanatapas.com\/en\/product\/arlappia\/\",\"name\":\"Arlappia\"}}]}]}<\/script>\n<!-- \/ Yoast SEO Premium plugin. -->","_links":{"self":[{"href":"https:\/\/www.wayanatapas.com\/en\/wp-json\/wp\/v2\/product\/988410","targetHints":{"allow":["GET"]}}],"collection":[{"href":"https:\/\/www.wayanatapas.com\/en\/wp-json\/wp\/v2\/product"}],"about":[{"href":"https:\/\/www.wayanatapas.com\/en\/wp-json\/wp\/v2\/types\/product"}],"version-history":[{"count":0,"href":"https:\/\/www.wayanatapas.com\/en\/wp-json\/wp\/v2\/product\/988410\/revisions"}],"wp:featuredmedia":[{"embeddable":true,"href":"https:\/\/www.wayanatapas.com\/en\/wp-json\/wp\/v2\/media\/988973"}],"wp:attachment":[{"href":"https:\/\/www.wayanatapas.com\/en\/wp-json\/wp\/v2\/media?parent=988410"}],"wp:term":[{"taxonomy":"product_brand","embeddable":true,"href":"https:\/\/www.wayanatapas.com\/en\/wp-json\/wp\/v2\/product_brand?post=988410"},{"taxonomy":"product_cat","embeddable":true,"href":"https:\/\/www.wayanatapas.com\/en\/wp-json\/wp\/v2\/product_cat?post=988410"},{"taxonomy":"product_tag","embeddable":true,"href":"https:\/\/www.wayanatapas.com\/en\/wp-json\/wp\/v2\/product_tag?post=988410"}],"curies":[{"name":"wp","href":"https:\/\/api.w.org\/{rel}","templated":true}]}}