{"id":988430,"date":"2022-08-25T11:16:53","date_gmt":"2022-08-25T08:16:53","guid":{"rendered":"https:\/\/www.wayanatapas.com\/?post_type=product&#038;p=988430"},"modified":"2022-09-09T13:55:20","modified_gmt":"2022-09-09T10:55:20","slug":"panrusa","status":"publish","type":"product","link":"https:\/\/www.wayanatapas.com\/en\/product\/panrusa\/","title":{"rendered":"Panrusa"},"content":{"rendered":"<div data-elementor-type=\"product-post\" data-elementor-id=\"988430\" class=\"elementor elementor-988430\" data-elementor-post-type=\"product\">\n\t\t\t\t\t\t<section class=\"elementor-section elementor-top-section elementor-element elementor-element-291ac02 elementor-section-boxed elementor-section-height-default elementor-section-height-default\" data-id=\"291ac02\" data-element_type=\"section\" data-e-type=\"section\">\n\t\t\t\t\t\t\t<div class=\"elementor-background-overlay\"><\/div>\n\t\t\t\t\t\t\t<div class=\"elementor-container elementor-column-gap-default\">\n\t\t\t\t\t<div class=\"elementor-column elementor-col-100 elementor-top-column elementor-element elementor-element-b960f3f\" data-id=\"b960f3f\" data-element_type=\"column\" data-e-type=\"column\" data-settings=\"{&quot;background_background&quot;:&quot;classic&quot;}\">\n\t\t\t<div class=\"elementor-widget-wrap elementor-element-populated\">\n\t\t\t\t\t\t<div class=\"elementor-element elementor-element-7ab791d elementor-widget elementor-widget-text-editor\" data-id=\"7ab791d\" data-element_type=\"widget\" data-e-type=\"widget\" data-widget_type=\"text-editor.default\">\n\t\t\t\t<div class=\"elementor-widget-container\">\n\t\t\t\t\t\t\t\t\t<p>Pickled bonitos have a special place among Turkish appetizers. A specialty of cosmopolitan Istanbul cuisine, we are serving the pickled fish with red onion sauce on top of a beet slice.<\/p><p>\u00a0<\/p><p><strong>Ingredients:<\/strong><\/p><p>Beet, pickled bonito, red onions, virgin olive oil, spices, salt.<\/p><p>\u00a0<\/p><p><strong>Wine Pairing:<\/strong><\/p><p>Pairs very well with full-bodied Chardonnay and Viognier, preferably oaked.<\/p><p>\u00a0<\/p><p><strong>What Does PANRUSA Mean?<\/strong><\/p><p>In creating the names of our tapas, we were inspired by the archaic Hittite language. \u201cMarusa\u201d means red in Hittite language. We added the prefix PAN for beet in Turkish, and used the name PANRUSA for this tapas.<\/p>\t\t\t\t\t\t\t\t<\/div>\n\t\t\t\t<\/div>\n\t\t\t\t<section class=\"elementor-section elementor-inner-section elementor-element elementor-element-331d5f0 elementor-section-boxed elementor-section-height-default elementor-section-height-default\" data-id=\"331d5f0\" data-element_type=\"section\" data-e-type=\"section\">\n\t\t\t\t\t\t<div class=\"elementor-container elementor-column-gap-default\">\n\t\t\t\t\t<div class=\"elementor-column elementor-col-100 elementor-inner-column elementor-element elementor-element-bf06f9c\" data-id=\"bf06f9c\" data-element_type=\"column\" data-e-type=\"column\">\n\t\t\t<div class=\"elementor-widget-wrap\">\n\t\t\t\t\t\t\t<\/div>\n\t\t<\/div>\n\t\t\t\t\t<\/div>\n\t\t<\/section>\n\t\t\t\t\t<\/div>\n\t\t<\/div>\n\t\t\t\t\t<\/div>\n\t\t<\/section>\n\t\t\t\t<\/div>","protected":false},"excerpt":{"rendered":"<p>T\u00fcrk mezeleri aras\u0131nda lakerdan\u0131n \u00f6zel bir yeri vard\u0131r. Torik bal\u0131\u011f\u0131ndan yap\u0131lan lakerday\u0131 k\u0131rm\u0131z\u0131 so\u011fanla haz\u0131rlanan nefis bir tur\u015fuyla kapl\u0131 pancar dilimi \u00fczerinde servis ediyoruz. \u00a0 \u0130\u00e7erik Bilgisi: Pancar, lakerda, k\u0131rm\u0131z\u0131 so\u011fan, s\u0131zma zeytinya\u011f\u0131, baharatlar \u00a0 Hangi \u015earaplarla \u0130yi Gider? Panrusa tam g\u00f6vdeli Chardonnay, Viognier gibi beyaz \u015faraplarla \u00e7ok iyi gider. \u00a0 PANRUSA Ne Demek? WAYANA&#8230;<\/p>","protected":false},"featured_media":988967,"template":"","meta":[],"product_brand":[],"product_cat":[105],"product_tag":[107],"class_list":{"0":"post-988430","1":"product","2":"type-product","3":"status-publish","4":"has-post-thumbnail","6":"product_cat-pancar-taban","7":"product_tag-pancar-taban","9":"first","10":"instock","11":"shipping-taxable","12":"product-type-simple"},"yoast_head":"<!-- This site is optimized with the Yoast SEO Premium plugin v15.5 - https:\/\/yoast.com\/wordpress\/plugins\/seo\/ -->\n<title>Panrusa - Wayana Wine Bar<\/title>\n<meta name=\"robots\" content=\"index, follow, max-snippet:-1, max-image-preview:large, max-video-preview:-1\" \/>\n<link rel=\"canonical\" href=\"https:\/\/www.wayanatapas.com\/en\/product\/panrusa\/\" \/>\n<meta property=\"og:locale\" content=\"en_US\" \/>\n<meta property=\"og:type\" content=\"article\" \/>\n<meta property=\"og:title\" content=\"Panrusa - Wayana Wine Bar\" \/>\n<meta property=\"og:description\" content=\"T\u00fcrk mezeleri aras\u0131nda lakerdan\u0131n \u00f6zel bir yeri vard\u0131r. Torik bal\u0131\u011f\u0131ndan yap\u0131lan lakerday\u0131 k\u0131rm\u0131z\u0131 so\u011fanla haz\u0131rlanan nefis bir tur\u015fuyla kapl\u0131 pancar dilimi \u00fczerinde servis ediyoruz. \u00a0 \u0130\u00e7erik Bilgisi: Pancar, lakerda, k\u0131rm\u0131z\u0131 so\u011fan, s\u0131zma zeytinya\u011f\u0131, baharatlar \u00a0 Hangi \u015earaplarla \u0130yi Gider? Panrusa tam g\u00f6vdeli Chardonnay, Viognier gibi beyaz \u015faraplarla \u00e7ok iyi gider. \u00a0 PANRUSA Ne Demek? WAYANA...\" \/>\n<meta property=\"og:url\" content=\"https:\/\/www.wayanatapas.com\/en\/product\/panrusa\/\" \/>\n<meta property=\"og:site_name\" content=\"Wayana Wine Bar\" \/>\n<meta property=\"article:modified_time\" content=\"2022-09-09T10:55:20+00:00\" \/>\n<meta property=\"og:image\" content=\"https:\/\/www.wayanatapas.com\/wp-content\/uploads\/2022\/08\/PANRUSA-copy.jpg\" \/>\n\t<meta property=\"og:image:width\" content=\"968\" \/>\n\t<meta property=\"og:image:height\" content=\"1314\" \/>\n<meta name=\"twitter:card\" content=\"summary_large_image\" \/>\n<meta name=\"twitter:label1\" content=\"Est. reading time\">\n\t<meta name=\"twitter:data1\" content=\"0 minutes\">\n<script type=\"application\/ld+json\" class=\"yoast-schema-graph\">{\"@context\":\"https:\/\/schema.org\",\"@graph\":[{\"@type\":\"WebSite\",\"@id\":\"https:\/\/www.wayanatapas.com\/en\/#website\",\"url\":\"https:\/\/www.wayanatapas.com\/en\/\",\"name\":\"Wayana Wine Bar\",\"description\":\"Wayana Tapas\",\"potentialAction\":[{\"@type\":\"SearchAction\",\"target\":\"https:\/\/www.wayanatapas.com\/en\/?s={search_term_string}\",\"query-input\":\"required name=search_term_string\"}],\"inLanguage\":\"en-US\"},{\"@type\":\"ImageObject\",\"@id\":\"https:\/\/www.wayanatapas.com\/en\/product\/panrusa\/#primaryimage\",\"inLanguage\":\"en-US\",\"url\":\"https:\/\/www.wayanatapas.com\/wp-content\/uploads\/2022\/08\/PANRUSA-copy.jpg\",\"width\":968,\"height\":1314},{\"@type\":\"WebPage\",\"@id\":\"https:\/\/www.wayanatapas.com\/en\/product\/panrusa\/#webpage\",\"url\":\"https:\/\/www.wayanatapas.com\/en\/product\/panrusa\/\",\"name\":\"Panrusa - Wayana Wine Bar\",\"isPartOf\":{\"@id\":\"https:\/\/www.wayanatapas.com\/en\/#website\"},\"primaryImageOfPage\":{\"@id\":\"https:\/\/www.wayanatapas.com\/en\/product\/panrusa\/#primaryimage\"},\"datePublished\":\"2022-08-25T08:16:53+00:00\",\"dateModified\":\"2022-09-09T10:55:20+00:00\",\"breadcrumb\":{\"@id\":\"https:\/\/www.wayanatapas.com\/en\/product\/panrusa\/#breadcrumb\"},\"inLanguage\":\"en-US\",\"potentialAction\":[{\"@type\":\"ReadAction\",\"target\":[\"https:\/\/www.wayanatapas.com\/en\/product\/panrusa\/\"]}]},{\"@type\":\"BreadcrumbList\",\"@id\":\"https:\/\/www.wayanatapas.com\/en\/product\/panrusa\/#breadcrumb\",\"itemListElement\":[{\"@type\":\"ListItem\",\"position\":1,\"item\":{\"@type\":\"WebPage\",\"@id\":\"https:\/\/www.wayanatapas.com\/en\/\",\"url\":\"https:\/\/www.wayanatapas.com\/en\/\",\"name\":\"Anasayfa\"}},{\"@type\":\"ListItem\",\"position\":2,\"item\":{\"@type\":\"WebPage\",\"@id\":\"https:\/\/www.wayanatapas.com\/en\/magaza\/\",\"url\":\"https:\/\/www.wayanatapas.com\/en\/magaza\/\",\"name\":\"Ma\\u011faza\"}},{\"@type\":\"ListItem\",\"position\":3,\"item\":{\"@type\":\"WebPage\",\"@id\":\"https:\/\/www.wayanatapas.com\/en\/product\/panrusa\/\",\"url\":\"https:\/\/www.wayanatapas.com\/en\/product\/panrusa\/\",\"name\":\"Panrusa\"}}]}]}<\/script>\n<!-- \/ Yoast SEO Premium plugin. -->","_links":{"self":[{"href":"https:\/\/www.wayanatapas.com\/en\/wp-json\/wp\/v2\/product\/988430","targetHints":{"allow":["GET"]}}],"collection":[{"href":"https:\/\/www.wayanatapas.com\/en\/wp-json\/wp\/v2\/product"}],"about":[{"href":"https:\/\/www.wayanatapas.com\/en\/wp-json\/wp\/v2\/types\/product"}],"version-history":[{"count":0,"href":"https:\/\/www.wayanatapas.com\/en\/wp-json\/wp\/v2\/product\/988430\/revisions"}],"wp:featuredmedia":[{"embeddable":true,"href":"https:\/\/www.wayanatapas.com\/en\/wp-json\/wp\/v2\/media\/988967"}],"wp:attachment":[{"href":"https:\/\/www.wayanatapas.com\/en\/wp-json\/wp\/v2\/media?parent=988430"}],"wp:term":[{"taxonomy":"product_brand","embeddable":true,"href":"https:\/\/www.wayanatapas.com\/en\/wp-json\/wp\/v2\/product_brand?post=988430"},{"taxonomy":"product_cat","embeddable":true,"href":"https:\/\/www.wayanatapas.com\/en\/wp-json\/wp\/v2\/product_cat?post=988430"},{"taxonomy":"product_tag","embeddable":true,"href":"https:\/\/www.wayanatapas.com\/en\/wp-json\/wp\/v2\/product_tag?post=988430"}],"curies":[{"name":"wp","href":"https:\/\/api.w.org\/{rel}","templated":true}]}}