{"id":988440,"date":"2022-08-25T11:19:36","date_gmt":"2022-08-25T08:19:36","guid":{"rendered":"https:\/\/www.wayanatapas.com\/?post_type=product&#038;p=988440"},"modified":"2022-09-09T13:43:38","modified_gmt":"2022-09-09T10:43:38","slug":"kaputtar","status":"publish","type":"product","link":"https:\/\/www.wayanatapas.com\/en\/product\/kaputtar\/","title":{"rendered":"Kaputtar"},"content":{"rendered":"<div data-elementor-type=\"product-post\" data-elementor-id=\"988440\" class=\"elementor elementor-988440\" data-elementor-post-type=\"product\">\n\t\t\t\t\t\t<section class=\"elementor-section elementor-top-section elementor-element elementor-element-291ac02 elementor-section-boxed elementor-section-height-default elementor-section-height-default\" data-id=\"291ac02\" data-element_type=\"section\" data-e-type=\"section\">\n\t\t\t\t\t\t\t<div class=\"elementor-background-overlay\"><\/div>\n\t\t\t\t\t\t\t<div class=\"elementor-container elementor-column-gap-default\">\n\t\t\t\t\t<div class=\"elementor-column elementor-col-100 elementor-top-column elementor-element elementor-element-b960f3f\" data-id=\"b960f3f\" data-element_type=\"column\" data-e-type=\"column\" data-settings=\"{&quot;background_background&quot;:&quot;classic&quot;}\">\n\t\t\t<div class=\"elementor-widget-wrap elementor-element-populated\">\n\t\t\t\t\t\t<div class=\"elementor-element elementor-element-7ab791d elementor-widget elementor-widget-text-editor\" data-id=\"7ab791d\" data-element_type=\"widget\" data-e-type=\"widget\" data-widget_type=\"text-editor.default\">\n\t\t\t\t<div class=\"elementor-widget-container\">\n\t\t\t\t\t\t\t\t\t<p>Like Kuttar, Kaputtar is also made with goat cheese paste and roasted chard leaves, but we serve this tapas on capia pepper.<\/p><p>\u00a0<\/p><p><strong>Ingredients:<\/strong><\/p><p>Capia pepper, chard leaves, goat cheese, virgin olive oil, spices, salt<\/p><p>\u00a0<\/p><p><strong>Wine Pairing:<\/strong><\/p><p>Kuttar pairs very well with aromatic white wines like Riesling and Narince.<\/p><p>\u00a0<\/p><p><strong>What Does KAPUTTAR Mean?<\/strong><\/p><p>In creating the names of our tapas, we were inspired by the archaic Hittite language. \u201cKuttar\u201d means chard in Hittite language, prefix KAP is coming from the capia pepper on which this tapas is served.<\/p>\t\t\t\t\t\t\t\t<\/div>\n\t\t\t\t<\/div>\n\t\t\t\t<section class=\"elementor-section elementor-inner-section elementor-element elementor-element-331d5f0 elementor-section-boxed elementor-section-height-default elementor-section-height-default\" data-id=\"331d5f0\" data-element_type=\"section\" data-e-type=\"section\">\n\t\t\t\t\t\t<div class=\"elementor-container elementor-column-gap-default\">\n\t\t\t\t\t<div class=\"elementor-column elementor-col-100 elementor-inner-column elementor-element elementor-element-bf06f9c\" data-id=\"bf06f9c\" data-element_type=\"column\" data-e-type=\"column\">\n\t\t\t<div class=\"elementor-widget-wrap\">\n\t\t\t\t\t\t\t<\/div>\n\t\t<\/div>\n\t\t\t\t\t<\/div>\n\t\t<\/section>\n\t\t\t\t\t<\/div>\n\t\t<\/div>\n\t\t\t\t\t<\/div>\n\t\t<\/section>\n\t\t\t\t<\/div>","protected":false},"excerpt":{"rendered":"<p>T\u00fcrk mutfa\u011f\u0131nda yaprak sarmalar\u0131nda \u00e7ok yer verilen paz\u0131 yapraklar\u0131n\u0131 kaputtar tapas\u0131m\u0131zda kavurarak kullan\u0131yoruz. S\u0131zma zeytinya\u011f\u0131nda kavrulan paz\u0131y\u0131 ke\u00e7i b\u00fc\u015f peyniriyle doldurdu\u011fumuz ikiye kesilmi\u015f \u0131zgara kapya biber i\u00e7inde servis ediyoruz. \u00a0 \u0130\u00e7erik Bilgisi: Kapya biber, paz\u0131 yapraklar\u0131, ke\u00e7i b\u00fc\u015f peyniri, s\u0131zma zeytinya\u011f\u0131, baharatlar \u00a0 Hangi \u015earaplarla \u0130yi Gider? Kuttar, Riesling, Narince gibi aromatik \u015faraplarla iyi gider&#8230;.<\/p>","protected":false},"featured_media":988965,"template":"","meta":[],"product_brand":[],"product_cat":[106],"product_tag":[108],"class_list":{"0":"post-988440","1":"product","2":"type-product","3":"status-publish","4":"has-post-thumbnail","6":"product_cat-kapya-biber-yarisi","7":"product_tag-kapya-biber","9":"first","10":"instock","11":"shipping-taxable","12":"product-type-simple"},"yoast_head":"<!-- This site is optimized with the Yoast SEO Premium plugin v15.5 - https:\/\/yoast.com\/wordpress\/plugins\/seo\/ -->\n<title>Kaputtar - Wayana Wine Bar<\/title>\n<meta name=\"robots\" content=\"index, follow, max-snippet:-1, max-image-preview:large, max-video-preview:-1\" \/>\n<link rel=\"canonical\" href=\"https:\/\/www.wayanatapas.com\/en\/product\/kaputtar\/\" \/>\n<meta property=\"og:locale\" content=\"en_US\" \/>\n<meta property=\"og:type\" content=\"article\" \/>\n<meta property=\"og:title\" content=\"Kaputtar - Wayana Wine Bar\" \/>\n<meta property=\"og:description\" content=\"T\u00fcrk mutfa\u011f\u0131nda yaprak sarmalar\u0131nda \u00e7ok yer verilen paz\u0131 yapraklar\u0131n\u0131 kaputtar tapas\u0131m\u0131zda kavurarak kullan\u0131yoruz. S\u0131zma zeytinya\u011f\u0131nda kavrulan paz\u0131y\u0131 ke\u00e7i b\u00fc\u015f peyniriyle doldurdu\u011fumuz ikiye kesilmi\u015f \u0131zgara kapya biber i\u00e7inde servis ediyoruz. \u00a0 \u0130\u00e7erik Bilgisi: Kapya biber, paz\u0131 yapraklar\u0131, ke\u00e7i b\u00fc\u015f peyniri, s\u0131zma zeytinya\u011f\u0131, baharatlar \u00a0 Hangi \u015earaplarla \u0130yi Gider? Kuttar, Riesling, Narince gibi aromatik \u015faraplarla iyi gider....\" \/>\n<meta property=\"og:url\" content=\"https:\/\/www.wayanatapas.com\/en\/product\/kaputtar\/\" \/>\n<meta property=\"og:site_name\" content=\"Wayana Wine Bar\" \/>\n<meta property=\"article:modified_time\" content=\"2022-09-09T10:43:38+00:00\" \/>\n<meta property=\"og:image\" content=\"https:\/\/www.wayanatapas.com\/wp-content\/uploads\/2022\/08\/KAPUTTAR-copy.jpg\" \/>\n\t<meta property=\"og:image:width\" content=\"968\" \/>\n\t<meta property=\"og:image:height\" content=\"1314\" \/>\n<meta name=\"twitter:card\" content=\"summary_large_image\" \/>\n<meta name=\"twitter:label1\" content=\"Est. reading time\">\n\t<meta name=\"twitter:data1\" content=\"0 minutes\">\n<script type=\"application\/ld+json\" class=\"yoast-schema-graph\">{\"@context\":\"https:\/\/schema.org\",\"@graph\":[{\"@type\":\"WebSite\",\"@id\":\"https:\/\/www.wayanatapas.com\/en\/#website\",\"url\":\"https:\/\/www.wayanatapas.com\/en\/\",\"name\":\"Wayana Wine Bar\",\"description\":\"Wayana Tapas\",\"potentialAction\":[{\"@type\":\"SearchAction\",\"target\":\"https:\/\/www.wayanatapas.com\/en\/?s={search_term_string}\",\"query-input\":\"required name=search_term_string\"}],\"inLanguage\":\"en-US\"},{\"@type\":\"ImageObject\",\"@id\":\"https:\/\/www.wayanatapas.com\/en\/product\/kaputtar\/#primaryimage\",\"inLanguage\":\"en-US\",\"url\":\"https:\/\/www.wayanatapas.com\/wp-content\/uploads\/2022\/08\/KAPUTTAR-copy.jpg\",\"width\":968,\"height\":1314},{\"@type\":\"WebPage\",\"@id\":\"https:\/\/www.wayanatapas.com\/en\/product\/kaputtar\/#webpage\",\"url\":\"https:\/\/www.wayanatapas.com\/en\/product\/kaputtar\/\",\"name\":\"Kaputtar - Wayana Wine Bar\",\"isPartOf\":{\"@id\":\"https:\/\/www.wayanatapas.com\/en\/#website\"},\"primaryImageOfPage\":{\"@id\":\"https:\/\/www.wayanatapas.com\/en\/product\/kaputtar\/#primaryimage\"},\"datePublished\":\"2022-08-25T08:19:36+00:00\",\"dateModified\":\"2022-09-09T10:43:38+00:00\",\"breadcrumb\":{\"@id\":\"https:\/\/www.wayanatapas.com\/en\/product\/kaputtar\/#breadcrumb\"},\"inLanguage\":\"en-US\",\"potentialAction\":[{\"@type\":\"ReadAction\",\"target\":[\"https:\/\/www.wayanatapas.com\/en\/product\/kaputtar\/\"]}]},{\"@type\":\"BreadcrumbList\",\"@id\":\"https:\/\/www.wayanatapas.com\/en\/product\/kaputtar\/#breadcrumb\",\"itemListElement\":[{\"@type\":\"ListItem\",\"position\":1,\"item\":{\"@type\":\"WebPage\",\"@id\":\"https:\/\/www.wayanatapas.com\/en\/\",\"url\":\"https:\/\/www.wayanatapas.com\/en\/\",\"name\":\"Anasayfa\"}},{\"@type\":\"ListItem\",\"position\":2,\"item\":{\"@type\":\"WebPage\",\"@id\":\"https:\/\/www.wayanatapas.com\/en\/magaza\/\",\"url\":\"https:\/\/www.wayanatapas.com\/en\/magaza\/\",\"name\":\"Ma\\u011faza\"}},{\"@type\":\"ListItem\",\"position\":3,\"item\":{\"@type\":\"WebPage\",\"@id\":\"https:\/\/www.wayanatapas.com\/en\/product\/kaputtar\/\",\"url\":\"https:\/\/www.wayanatapas.com\/en\/product\/kaputtar\/\",\"name\":\"Kaputtar\"}}]}]}<\/script>\n<!-- \/ Yoast SEO Premium plugin. -->","_links":{"self":[{"href":"https:\/\/www.wayanatapas.com\/en\/wp-json\/wp\/v2\/product\/988440","targetHints":{"allow":["GET"]}}],"collection":[{"href":"https:\/\/www.wayanatapas.com\/en\/wp-json\/wp\/v2\/product"}],"about":[{"href":"https:\/\/www.wayanatapas.com\/en\/wp-json\/wp\/v2\/types\/product"}],"version-history":[{"count":0,"href":"https:\/\/www.wayanatapas.com\/en\/wp-json\/wp\/v2\/product\/988440\/revisions"}],"wp:featuredmedia":[{"embeddable":true,"href":"https:\/\/www.wayanatapas.com\/en\/wp-json\/wp\/v2\/media\/988965"}],"wp:attachment":[{"href":"https:\/\/www.wayanatapas.com\/en\/wp-json\/wp\/v2\/media?parent=988440"}],"wp:term":[{"taxonomy":"product_brand","embeddable":true,"href":"https:\/\/www.wayanatapas.com\/en\/wp-json\/wp\/v2\/product_brand?post=988440"},{"taxonomy":"product_cat","embeddable":true,"href":"https:\/\/www.wayanatapas.com\/en\/wp-json\/wp\/v2\/product_cat?post=988440"},{"taxonomy":"product_tag","embeddable":true,"href":"https:\/\/www.wayanatapas.com\/en\/wp-json\/wp\/v2\/product_tag?post=988440"}],"curies":[{"name":"wp","href":"https:\/\/api.w.org\/{rel}","templated":true}]}}