{"id":988563,"date":"2022-08-26T11:35:27","date_gmt":"2022-08-26T08:35:27","guid":{"rendered":"https:\/\/www.wayanatapas.com\/?post_type=product&#038;p=988563"},"modified":"2022-09-09T13:57:14","modified_gmt":"2022-09-09T10:57:14","slug":"sahuzu","status":"publish","type":"product","link":"https:\/\/www.wayanatapas.com\/en\/product\/sahuzu\/","title":{"rendered":"Sahuzu"},"content":{"rendered":"<div data-elementor-type=\"product-post\" data-elementor-id=\"988563\" class=\"elementor elementor-988563\" data-elementor-post-type=\"product\">\n\t\t\t\t\t\t<section class=\"elementor-section elementor-top-section elementor-element elementor-element-291ac02 elementor-section-boxed elementor-section-height-default elementor-section-height-default\" data-id=\"291ac02\" data-element_type=\"section\" data-e-type=\"section\">\n\t\t\t\t\t\t\t<div class=\"elementor-background-overlay\"><\/div>\n\t\t\t\t\t\t\t<div class=\"elementor-container elementor-column-gap-default\">\n\t\t\t\t\t<div class=\"elementor-column elementor-col-100 elementor-top-column elementor-element elementor-element-b960f3f\" data-id=\"b960f3f\" data-element_type=\"column\" data-e-type=\"column\" data-settings=\"{&quot;background_background&quot;:&quot;classic&quot;}\">\n\t\t\t<div class=\"elementor-widget-wrap elementor-element-populated\">\n\t\t\t\t\t\t<div class=\"elementor-element elementor-element-7ab791d elementor-widget elementor-widget-text-editor\" data-id=\"7ab791d\" data-element_type=\"widget\" data-e-type=\"widget\" data-widget_type=\"text-editor.default\">\n\t\t\t\t<div class=\"elementor-widget-container\">\n\t\t\t\t\t\t\t\t\t<p>Prosciutto, an Italian delicacy, is served with pear slices and arugula on top of a slice of bread. It is a classic!<\/p><p>\u00a0<\/p><p><strong>Ingredients:<\/strong><\/p><p>Prosciutto, pear, arugula.<\/p><p>\u00a0<\/p><p><strong>Wine Pairing:<\/strong><\/p><p>Pairs well with light-bodied red wines like Papaskarasi, Kalecik Karasi, Pinot Noir.<\/p><p>\u00a0<\/p><p><strong>What Does SAHUZU Mean?<\/strong><\/p><p>In creating the names of our tapas, we were inspired by the archaic Hittite language. \u201cSah\u201d means pig, \u201cuzu\u201d means meat in Hittite language. The combination as SAHUZU is the name of the tapas.<\/p>\t\t\t\t\t\t\t\t<\/div>\n\t\t\t\t<\/div>\n\t\t\t\t<section class=\"elementor-section elementor-inner-section elementor-element elementor-element-331d5f0 elementor-section-boxed elementor-section-height-default elementor-section-height-default\" data-id=\"331d5f0\" data-element_type=\"section\" data-e-type=\"section\">\n\t\t\t\t\t\t<div class=\"elementor-container elementor-column-gap-default\">\n\t\t\t\t\t<div class=\"elementor-column elementor-col-100 elementor-inner-column elementor-element elementor-element-bf06f9c\" data-id=\"bf06f9c\" data-element_type=\"column\" data-e-type=\"column\">\n\t\t\t<div class=\"elementor-widget-wrap\">\n\t\t\t\t\t\t\t<\/div>\n\t\t<\/div>\n\t\t\t\t\t<\/div>\n\t\t<\/section>\n\t\t\t\t\t<\/div>\n\t\t<\/div>\n\t\t\t\t\t<\/div>\n\t\t<\/section>\n\t\t\t\t<\/div>","protected":false},"excerpt":{"rendered":"<p>\u0130talyan mutfa\u011f\u0131n\u0131n domuz etinden kurutarak \u00fcretti\u011fi prosciutto bu tapas\u0131m\u0131z\u0131n y\u0131ld\u0131z\u0131. Bu tapas\u0131m\u0131z i\u00e7in haz\u0131rlad\u0131\u011f\u0131m\u0131z armut ve Konya k\u00fcfl\u00fc tulumuyla haz\u0131rlanan bir sosumuz var. Ekmek dilimi \u00fczerinde roka yapraklar\u0131yla servis ediyoruz. \u00a0 \u0130\u00e7erik Bilgisi: Prosciutto dilimleri, armut ve Konya k\u00fcfl\u00fc tulum peynirli sos, roka yapraklar\u0131 \u00a0 Hangi \u015earaplarla \u0130yi Gider? Sahuzu, orta ve yo\u011fun g\u00f6vdeli Syrah,&#8230;<\/p>","protected":false},"featured_media":988963,"template":"","meta":[],"product_brand":[],"product_cat":[52],"product_tag":[98],"class_list":{"0":"post-988563","1":"product","2":"type-product","3":"status-publish","4":"has-post-thumbnail","6":"product_cat-etli-deniz-urunlu-tapas","7":"product_tag-prosciutto","9":"first","10":"instock","11":"shipping-taxable","12":"product-type-simple"},"yoast_head":"<!-- This site is optimized with the Yoast SEO Premium plugin v15.5 - https:\/\/yoast.com\/wordpress\/plugins\/seo\/ -->\n<title>Sahuzu - Wayana Wine Bar<\/title>\n<meta name=\"robots\" content=\"index, follow, max-snippet:-1, max-image-preview:large, max-video-preview:-1\" \/>\n<link rel=\"canonical\" href=\"https:\/\/www.wayanatapas.com\/en\/product\/sahuzu\/\" \/>\n<meta property=\"og:locale\" content=\"en_US\" \/>\n<meta property=\"og:type\" content=\"article\" \/>\n<meta property=\"og:title\" content=\"Sahuzu - Wayana Wine Bar\" \/>\n<meta property=\"og:description\" content=\"\u0130talyan mutfa\u011f\u0131n\u0131n domuz etinden kurutarak \u00fcretti\u011fi prosciutto bu tapas\u0131m\u0131z\u0131n y\u0131ld\u0131z\u0131. Bu tapas\u0131m\u0131z i\u00e7in haz\u0131rlad\u0131\u011f\u0131m\u0131z armut ve Konya k\u00fcfl\u00fc tulumuyla haz\u0131rlanan bir sosumuz var. Ekmek dilimi \u00fczerinde roka yapraklar\u0131yla servis ediyoruz. \u00a0 \u0130\u00e7erik Bilgisi: Prosciutto dilimleri, armut ve Konya k\u00fcfl\u00fc tulum peynirli sos, roka yapraklar\u0131 \u00a0 Hangi \u015earaplarla \u0130yi Gider? Sahuzu, orta ve yo\u011fun g\u00f6vdeli Syrah,...\" \/>\n<meta property=\"og:url\" content=\"https:\/\/www.wayanatapas.com\/en\/product\/sahuzu\/\" \/>\n<meta property=\"og:site_name\" content=\"Wayana Wine Bar\" \/>\n<meta property=\"article:modified_time\" content=\"2022-09-09T10:57:14+00:00\" \/>\n<meta property=\"og:image\" content=\"https:\/\/www.wayanatapas.com\/wp-content\/uploads\/2022\/08\/SAHUZU-copy.jpg\" \/>\n\t<meta property=\"og:image:width\" content=\"968\" \/>\n\t<meta property=\"og:image:height\" content=\"1314\" \/>\n<meta name=\"twitter:card\" content=\"summary_large_image\" \/>\n<meta name=\"twitter:label1\" content=\"Est. reading time\">\n\t<meta name=\"twitter:data1\" content=\"1 minute\">\n<script type=\"application\/ld+json\" class=\"yoast-schema-graph\">{\"@context\":\"https:\/\/schema.org\",\"@graph\":[{\"@type\":\"WebSite\",\"@id\":\"https:\/\/www.wayanatapas.com\/en\/#website\",\"url\":\"https:\/\/www.wayanatapas.com\/en\/\",\"name\":\"Wayana Wine Bar\",\"description\":\"Wayana Tapas\",\"potentialAction\":[{\"@type\":\"SearchAction\",\"target\":\"https:\/\/www.wayanatapas.com\/en\/?s={search_term_string}\",\"query-input\":\"required name=search_term_string\"}],\"inLanguage\":\"en-US\"},{\"@type\":\"ImageObject\",\"@id\":\"https:\/\/www.wayanatapas.com\/en\/product\/sahuzu\/#primaryimage\",\"inLanguage\":\"en-US\",\"url\":\"https:\/\/www.wayanatapas.com\/wp-content\/uploads\/2022\/08\/SAHUZU-copy.jpg\",\"width\":968,\"height\":1314},{\"@type\":\"WebPage\",\"@id\":\"https:\/\/www.wayanatapas.com\/en\/product\/sahuzu\/#webpage\",\"url\":\"https:\/\/www.wayanatapas.com\/en\/product\/sahuzu\/\",\"name\":\"Sahuzu - Wayana Wine Bar\",\"isPartOf\":{\"@id\":\"https:\/\/www.wayanatapas.com\/en\/#website\"},\"primaryImageOfPage\":{\"@id\":\"https:\/\/www.wayanatapas.com\/en\/product\/sahuzu\/#primaryimage\"},\"datePublished\":\"2022-08-26T08:35:27+00:00\",\"dateModified\":\"2022-09-09T10:57:14+00:00\",\"breadcrumb\":{\"@id\":\"https:\/\/www.wayanatapas.com\/en\/product\/sahuzu\/#breadcrumb\"},\"inLanguage\":\"en-US\",\"potentialAction\":[{\"@type\":\"ReadAction\",\"target\":[\"https:\/\/www.wayanatapas.com\/en\/product\/sahuzu\/\"]}]},{\"@type\":\"BreadcrumbList\",\"@id\":\"https:\/\/www.wayanatapas.com\/en\/product\/sahuzu\/#breadcrumb\",\"itemListElement\":[{\"@type\":\"ListItem\",\"position\":1,\"item\":{\"@type\":\"WebPage\",\"@id\":\"https:\/\/www.wayanatapas.com\/en\/\",\"url\":\"https:\/\/www.wayanatapas.com\/en\/\",\"name\":\"Anasayfa\"}},{\"@type\":\"ListItem\",\"position\":2,\"item\":{\"@type\":\"WebPage\",\"@id\":\"https:\/\/www.wayanatapas.com\/en\/magaza\/\",\"url\":\"https:\/\/www.wayanatapas.com\/en\/magaza\/\",\"name\":\"Ma\\u011faza\"}},{\"@type\":\"ListItem\",\"position\":3,\"item\":{\"@type\":\"WebPage\",\"@id\":\"https:\/\/www.wayanatapas.com\/en\/product\/sahuzu\/\",\"url\":\"https:\/\/www.wayanatapas.com\/en\/product\/sahuzu\/\",\"name\":\"Sahuzu\"}}]}]}<\/script>\n<!-- \/ Yoast SEO Premium plugin. -->","_links":{"self":[{"href":"https:\/\/www.wayanatapas.com\/en\/wp-json\/wp\/v2\/product\/988563","targetHints":{"allow":["GET"]}}],"collection":[{"href":"https:\/\/www.wayanatapas.com\/en\/wp-json\/wp\/v2\/product"}],"about":[{"href":"https:\/\/www.wayanatapas.com\/en\/wp-json\/wp\/v2\/types\/product"}],"version-history":[{"count":0,"href":"https:\/\/www.wayanatapas.com\/en\/wp-json\/wp\/v2\/product\/988563\/revisions"}],"wp:featuredmedia":[{"embeddable":true,"href":"https:\/\/www.wayanatapas.com\/en\/wp-json\/wp\/v2\/media\/988963"}],"wp:attachment":[{"href":"https:\/\/www.wayanatapas.com\/en\/wp-json\/wp\/v2\/media?parent=988563"}],"wp:term":[{"taxonomy":"product_brand","embeddable":true,"href":"https:\/\/www.wayanatapas.com\/en\/wp-json\/wp\/v2\/product_brand?post=988563"},{"taxonomy":"product_cat","embeddable":true,"href":"https:\/\/www.wayanatapas.com\/en\/wp-json\/wp\/v2\/product_cat?post=988563"},{"taxonomy":"product_tag","embeddable":true,"href":"https:\/\/www.wayanatapas.com\/en\/wp-json\/wp\/v2\/product_tag?post=988563"}],"curies":[{"name":"wp","href":"https:\/\/api.w.org\/{rel}","templated":true}]}}