{"id":988775,"date":"2022-09-05T09:57:25","date_gmt":"2022-09-05T06:57:25","guid":{"rendered":"https:\/\/www.wayanatapas.com\/?post_type=product&#038;p=988775"},"modified":"2022-09-09T13:25:53","modified_gmt":"2022-09-09T10:25:53","slug":"arkiri","status":"publish","type":"product","link":"https:\/\/www.wayanatapas.com\/en\/product\/arkiri\/","title":{"rendered":"Ark\u0131r\u0131"},"content":{"rendered":"<div data-elementor-type=\"product-post\" data-elementor-id=\"988775\" class=\"elementor elementor-988775\" data-elementor-post-type=\"product\">\n\t\t\t\t\t\t<section class=\"elementor-section elementor-top-section elementor-element elementor-element-291ac02 elementor-section-boxed elementor-section-height-default elementor-section-height-default\" data-id=\"291ac02\" data-element_type=\"section\" data-e-type=\"section\">\n\t\t\t\t\t\t\t<div class=\"elementor-background-overlay\"><\/div>\n\t\t\t\t\t\t\t<div class=\"elementor-container elementor-column-gap-default\">\n\t\t\t\t\t<div class=\"elementor-column elementor-col-100 elementor-top-column elementor-element elementor-element-b960f3f\" data-id=\"b960f3f\" data-element_type=\"column\" data-e-type=\"column\" data-settings=\"{&quot;background_background&quot;:&quot;classic&quot;}\">\n\t\t\t<div class=\"elementor-widget-wrap elementor-element-populated\">\n\t\t\t\t\t\t<div class=\"elementor-element elementor-element-7ab791d elementor-widget elementor-widget-text-editor\" data-id=\"7ab791d\" data-element_type=\"widget\" data-e-type=\"widget\" data-widget_type=\"text-editor.default\">\n\t\t\t\t<div class=\"elementor-widget-container\">\n\t\t\t\t\t\t\t\t\t<p>The paste we use are made of green olives of Antioche region (just north of Syrian border), fresh local cheese and seasoned thyme. We serve on an artichoke base.<\/p><p><strong>Ingredients:<\/strong><\/p><p>Artichoke, green olives, fresh local cheese, seasoned thyme<\/p><p><strong>Wine Pairing:<\/strong><\/p><p>All aromatic white wines, especially Muscat of Bornova pair very well.<\/p><p><strong>What Does ARKIRI Mean?<\/strong><\/p><p>In creating the names of our tapas, we were inspired by the archaic Hittite language. \u201cK\u0131r\u0131\u201d means olive in Hittite language. We added the prefix AR for artichoke and used the name ARKIRI for this tapas.<\/p>\t\t\t\t\t\t\t\t<\/div>\n\t\t\t\t<\/div>\n\t\t\t\t<section class=\"elementor-section elementor-inner-section elementor-element elementor-element-331d5f0 elementor-section-boxed elementor-section-height-default elementor-section-height-default\" data-id=\"331d5f0\" data-element_type=\"section\" data-e-type=\"section\">\n\t\t\t\t\t\t<div class=\"elementor-container elementor-column-gap-default\">\n\t\t\t\t\t<div class=\"elementor-column elementor-col-100 elementor-inner-column elementor-element elementor-element-bf06f9c\" data-id=\"bf06f9c\" data-element_type=\"column\" data-e-type=\"column\">\n\t\t\t<div class=\"elementor-widget-wrap\">\n\t\t\t\t\t\t\t<\/div>\n\t\t<\/div>\n\t\t\t\t\t<\/div>\n\t\t<\/section>\n\t\t\t\t\t<\/div>\n\t\t<\/div>\n\t\t\t\t\t<\/div>\n\t\t<\/section>\n\t\t\t\t<\/div>","protected":false},"excerpt":{"rendered":"<p>Antakya y\u00f6resinin ye\u015fil zeytinleri, lor peyniri ve yine ayn\u0131 y\u00f6renin zahteriyle tatland\u0131r\u0131lan harc\u0131 enginar \u00e7ana\u011f\u0131n\u0131n i\u00e7inde sunuyoruz. \u0130\u00e7erik Bilgisi: Enginar, ye\u015fil zeytin, lor peyniri, zahter Hangi \u015earaplarla \u0130yi Gider? Ba\u015fta Bornova Misketi olmak \u00fczere aromatik beyaz \u015faraplarla \u00e7ok iyi gider. ARKIRI Ne Demek? WAYANA men\u00fcs\u00fcndeki tapas adlar\u0131n\u0131 antik Anadolu dillerinden birisi olan Hitit\u00e7e\u2019den esinlenerek t\u00fcrettik&#8230;.<\/p>","protected":false},"featured_media":988915,"template":"","meta":[],"product_brand":[],"product_cat":[104],"product_tag":[103],"class_list":{"0":"post-988775","1":"product","2":"type-product","3":"status-publish","4":"has-post-thumbnail","6":"product_cat-enginar-canak","7":"product_tag-enginar-canak","9":"first","10":"instock","11":"shipping-taxable","12":"product-type-simple"},"yoast_head":"<!-- This site is optimized with the Yoast SEO Premium plugin v15.5 - https:\/\/yoast.com\/wordpress\/plugins\/seo\/ -->\n<title>Ark\u0131r\u0131 - Wayana Wine Bar<\/title>\n<meta name=\"robots\" content=\"index, follow, max-snippet:-1, max-image-preview:large, max-video-preview:-1\" \/>\n<link rel=\"canonical\" href=\"https:\/\/www.wayanatapas.com\/en\/product\/arkiri\/\" \/>\n<meta property=\"og:locale\" content=\"en_US\" \/>\n<meta property=\"og:type\" content=\"article\" \/>\n<meta property=\"og:title\" content=\"Ark\u0131r\u0131 - Wayana Wine Bar\" \/>\n<meta property=\"og:description\" content=\"Antakya y\u00f6resinin ye\u015fil zeytinleri, lor peyniri ve yine ayn\u0131 y\u00f6renin zahteriyle tatland\u0131r\u0131lan harc\u0131 enginar \u00e7ana\u011f\u0131n\u0131n i\u00e7inde sunuyoruz. \u0130\u00e7erik Bilgisi: Enginar, ye\u015fil zeytin, lor peyniri, zahter Hangi \u015earaplarla \u0130yi Gider? Ba\u015fta Bornova Misketi olmak \u00fczere aromatik beyaz \u015faraplarla \u00e7ok iyi gider. ARKIRI Ne Demek? WAYANA men\u00fcs\u00fcndeki tapas adlar\u0131n\u0131 antik Anadolu dillerinden birisi olan Hitit\u00e7e\u2019den esinlenerek t\u00fcrettik....\" \/>\n<meta property=\"og:url\" content=\"https:\/\/www.wayanatapas.com\/en\/product\/arkiri\/\" \/>\n<meta property=\"og:site_name\" content=\"Wayana Wine Bar\" \/>\n<meta property=\"article:modified_time\" content=\"2022-09-09T10:25:53+00:00\" \/>\n<meta property=\"og:image\" content=\"https:\/\/www.wayanatapas.com\/wp-content\/uploads\/2022\/09\/ARKIRI-copy.jpg\" \/>\n\t<meta property=\"og:image:width\" content=\"968\" \/>\n\t<meta property=\"og:image:height\" content=\"1314\" \/>\n<meta name=\"twitter:card\" content=\"summary_large_image\" \/>\n<meta name=\"twitter:label1\" content=\"Est. reading time\">\n\t<meta name=\"twitter:data1\" content=\"0 minutes\">\n<script type=\"application\/ld+json\" class=\"yoast-schema-graph\">{\"@context\":\"https:\/\/schema.org\",\"@graph\":[{\"@type\":\"WebSite\",\"@id\":\"https:\/\/www.wayanatapas.com\/en\/#website\",\"url\":\"https:\/\/www.wayanatapas.com\/en\/\",\"name\":\"Wayana Wine Bar\",\"description\":\"Wayana Tapas\",\"potentialAction\":[{\"@type\":\"SearchAction\",\"target\":\"https:\/\/www.wayanatapas.com\/en\/?s={search_term_string}\",\"query-input\":\"required name=search_term_string\"}],\"inLanguage\":\"en-US\"},{\"@type\":\"ImageObject\",\"@id\":\"https:\/\/www.wayanatapas.com\/en\/product\/arkiri\/#primaryimage\",\"inLanguage\":\"en-US\",\"url\":\"https:\/\/www.wayanatapas.com\/wp-content\/uploads\/2022\/09\/ARKIRI-copy.jpg\",\"width\":968,\"height\":1314},{\"@type\":\"WebPage\",\"@id\":\"https:\/\/www.wayanatapas.com\/en\/product\/arkiri\/#webpage\",\"url\":\"https:\/\/www.wayanatapas.com\/en\/product\/arkiri\/\",\"name\":\"Ark\\u0131r\\u0131 - Wayana Wine Bar\",\"isPartOf\":{\"@id\":\"https:\/\/www.wayanatapas.com\/en\/#website\"},\"primaryImageOfPage\":{\"@id\":\"https:\/\/www.wayanatapas.com\/en\/product\/arkiri\/#primaryimage\"},\"datePublished\":\"2022-09-05T06:57:25+00:00\",\"dateModified\":\"2022-09-09T10:25:53+00:00\",\"breadcrumb\":{\"@id\":\"https:\/\/www.wayanatapas.com\/en\/product\/arkiri\/#breadcrumb\"},\"inLanguage\":\"en-US\",\"potentialAction\":[{\"@type\":\"ReadAction\",\"target\":[\"https:\/\/www.wayanatapas.com\/en\/product\/arkiri\/\"]}]},{\"@type\":\"BreadcrumbList\",\"@id\":\"https:\/\/www.wayanatapas.com\/en\/product\/arkiri\/#breadcrumb\",\"itemListElement\":[{\"@type\":\"ListItem\",\"position\":1,\"item\":{\"@type\":\"WebPage\",\"@id\":\"https:\/\/www.wayanatapas.com\/en\/\",\"url\":\"https:\/\/www.wayanatapas.com\/en\/\",\"name\":\"Anasayfa\"}},{\"@type\":\"ListItem\",\"position\":2,\"item\":{\"@type\":\"WebPage\",\"@id\":\"https:\/\/www.wayanatapas.com\/en\/magaza\/\",\"url\":\"https:\/\/www.wayanatapas.com\/en\/magaza\/\",\"name\":\"Ma\\u011faza\"}},{\"@type\":\"ListItem\",\"position\":3,\"item\":{\"@type\":\"WebPage\",\"@id\":\"https:\/\/www.wayanatapas.com\/en\/product\/arkiri\/\",\"url\":\"https:\/\/www.wayanatapas.com\/en\/product\/arkiri\/\",\"name\":\"Ark\\u0131r\\u0131\"}}]}]}<\/script>\n<!-- \/ Yoast SEO Premium plugin. -->","_links":{"self":[{"href":"https:\/\/www.wayanatapas.com\/en\/wp-json\/wp\/v2\/product\/988775","targetHints":{"allow":["GET"]}}],"collection":[{"href":"https:\/\/www.wayanatapas.com\/en\/wp-json\/wp\/v2\/product"}],"about":[{"href":"https:\/\/www.wayanatapas.com\/en\/wp-json\/wp\/v2\/types\/product"}],"version-history":[{"count":0,"href":"https:\/\/www.wayanatapas.com\/en\/wp-json\/wp\/v2\/product\/988775\/revisions"}],"wp:featuredmedia":[{"embeddable":true,"href":"https:\/\/www.wayanatapas.com\/en\/wp-json\/wp\/v2\/media\/988915"}],"wp:attachment":[{"href":"https:\/\/www.wayanatapas.com\/en\/wp-json\/wp\/v2\/media?parent=988775"}],"wp:term":[{"taxonomy":"product_brand","embeddable":true,"href":"https:\/\/www.wayanatapas.com\/en\/wp-json\/wp\/v2\/product_brand?post=988775"},{"taxonomy":"product_cat","embeddable":true,"href":"https:\/\/www.wayanatapas.com\/en\/wp-json\/wp\/v2\/product_cat?post=988775"},{"taxonomy":"product_tag","embeddable":true,"href":"https:\/\/www.wayanatapas.com\/en\/wp-json\/wp\/v2\/product_tag?post=988775"}],"curies":[{"name":"wp","href":"https:\/\/api.w.org\/{rel}","templated":true}]}}